{"id":503,"date":"2014-02-20T13:27:07","date_gmt":"2014-02-20T13:27:07","guid":{"rendered":"http:\/\/hotelirene.com\/?page_id=503"},"modified":"2019-11-08T09:09:59","modified_gmt":"2019-11-08T08:09:59","slug":"hotelleistungen","status":"publish","type":"page","link":"https:\/\/www.hotelirene.com\/de\/hotelleistungen","title":{"rendered":"Hotelleistungen &#038; Beach Village"},"content":{"rendered":"<p>Der bekannte romagnolische Empfang, die Familienleitung und die besten 2 Sterne-Leistungen, das alles zusammen macht einen angenehmen\u00a0 Urlaub,<br \/>\ndazu in der sch\u00f6nsten Lage von Riccione<\/p>\n<p><b><\/b><b>&gt;&gt; LEISTUNGEN\u00a0IM PREISS ENTHALTEN\u00a0<\/b><\/p>\n<p><span lang=\"fr\"><span style=\"font-size: large;\"><b><span lang=\"de\"> Voll klimatisiertes Hotel<\/span><\/b><\/span><\/span><\/p>\n<ul>\n<li>Bar<\/li>\n<li>Tv-Sat<\/li>\n<li>klimatisierter Speisesaal<\/li>\n<li>Aufzug<\/li>\n<li>Schattiger Garten<\/li>\n<li>Umz\u00e4unter Parkplatz<\/li>\n<li>Wi-Fi gratis<\/li>\n<li>Strandkabine<\/li>\n<li>Fahrr\u00e4der<\/li>\n<li>Jeden Tag k\u00f6nnen Sie zwischen vielen Vergn\u00fcgungen w\u00e4hlen.\u00a0F\u00fcr diese bieten wir Ihnen unbegrenzten freien Eintritt im Beach-Village Riccione.\u00a0Ein sch\u00f6nen Wasserpark direkt am Strand in der N\u00e4he vom Hotel.\u00a0Drei Piscinen, Wasserrutschen, Animation f\u00fcr Kinder und Erwachsene.<\/li>\n<\/ul>\n<p>&nbsp;<\/p>\n<p><strong> \u00a0\u00a0\u00a0\u00a0\u00a0 &gt;&gt; Restaurant \u00a0\u00a0<\/strong><\/p>\n<ul>\n<li>Fr\u00fcstuck-Buffet<\/li>\n<li>Caffetteria Self-Service<\/li>\n<li>2\u00a0 Menu nach Wahl\u00a0 Fleich und Fisch<\/li>\n<li>Mittag -\u00a0 und Abendessen Salat und Gem\u00fcse-Buffet<\/li>\n<li>M\u00f6glichkeit\u00a0\u00a0 glutinfreies Menu\u00a0 \u00a0\u00a0\u00a0\u00a0<strong><br \/>\n<\/strong><\/li>\n<\/ul>\n<blockquote><p>&gt;<strong>\u00a0 F\u00fcr Ihren Komfort im Zimmer<br \/>\n<\/strong><\/p><\/blockquote>\n<p><strong>Klimaanlage<\/strong><\/p>\n<ul>\n<li>Bad mit Dusche<\/li>\n<li>Balkon<\/li>\n<li>TV-SAT<\/li>\n<li>Free Wi-fi<\/li>\n<li>Tresor<\/li>\n<li>Deckenventilator<\/li>\n<li>Telephon<\/li>\n<\/ul>\n<p>&gt;&gt; <strong>F\u00fcr Ihre Kinder<\/strong><\/p>\n<ul>\n<li>Kinderbett,\u00a0 Kinderst\u00fchle, M\u00f6glichkeit\u00a0 pers\u00f6nliche Menus zu verschiedenen Uhrzeiten<\/li>\n<\/ul>\n<p>&nbsp;<\/p>\n<div class=\"span7\"><div id=\"new-royalslider-5\" class=\"royalSlider new-royalslider-5 rsDefaultInv visibleNearbySimple\" style=\"width:100%;height:400px;;\" data-rs-options='{&quot;template&quot;:&quot;default&quot;,&quot;image_generation&quot;:{&quot;imageWidth&quot;:&quot;&quot;,&quot;imageHeight&quot;:&quot;&quot;,&quot;thumbImageWidth&quot;:&quot;&quot;,&quot;thumbImageHeight&quot;:&quot;&quot;},&quot;thumbs&quot;:{&quot;thumbWidth&quot;:96,&quot;thumbHeight&quot;:72},&quot;autoPlay&quot;:{&quot;enabled&quot;:&quot;true&quot;},&quot;fullscreen&quot;:{&quot;enabled&quot;:&quot;true&quot;},&quot;visibleNearby&quot;:{&quot;enabled&quot;:&quot;true&quot;,&quot;centerArea&quot;:0.69999999999999996,&quot;breakpoint&quot;:400,&quot;breakpointCenterArea&quot;:0.90000000000000002,&quot;navigateByCenterClick&quot;:&quot;true&quot;},&quot;video&quot;:{&quot;autoHideBlocks&quot;:&quot;true&quot;},&quot;block&quot;:{&quot;moveOffset&quot;:20,&quot;speed&quot;:400,&quot;delay&quot;:200},&quot;width&quot;:&quot;100%&quot;,&quot;height&quot;:&quot;400px&quot;,&quot;autoScaleSlider&quot;:&quot;true&quot;,&quot;autoScaleSliderWidth&quot;:960,&quot;autoScaleSliderHeight&quot;:500,&quot;slidesSpacing&quot;:0,&quot;imageScaleMode&quot;:&quot;fill&quot;,&quot;arrowsNavAutoHide&quot;:&quot;false&quot;,&quot;loop&quot;:&quot;true&quot;,&quot;keyboardNavEnabled&quot;:&quot;true&quot;,&quot;fadeinLoadedSlide&quot;:&quot;false&quot;,&quot;addActiveClass&quot;:&quot;true&quot;}'>\n<div class=\"rsContent\">\n  <img decoding=\"async\" class=\"rsImg\" src=\"https:\/\/www.hotelirene.com\/wp-content\/uploads\/2014\/02\/1014325_385604098227438_1605503427_n.jpg\" data-rsBigImg=\"https:\/\/www.hotelirene.com\/wp-content\/uploads\/2014\/02\/1014325_385604098227438_1605503427_n.jpg\" alt=\"1014325_385604098227438_1605503427_n\"\/>\n  \n  \n  \n<\/div>\n<div class=\"rsContent\">\n  <img decoding=\"async\" class=\"rsImg\" src=\"https:\/\/www.hotelirene.com\/wp-content\/uploads\/2014\/02\/71598_397317463722768_1136022081_n1.jpg\" data-rsBigImg=\"https:\/\/www.hotelirene.com\/wp-content\/uploads\/2014\/02\/71598_397317463722768_1136022081_n1.jpg\" alt=\"71598_397317463722768_1136022081_n\"\/>\n  \n  \n  \n<\/div>\n<div class=\"rsContent\">\n  <img decoding=\"async\" class=\"rsImg\" src=\"https:\/\/www.hotelirene.com\/wp-content\/uploads\/2014\/03\/areascivolobimbi.jpg\" data-rsBigImg=\"https:\/\/www.hotelirene.com\/wp-content\/uploads\/2014\/03\/areascivolobimbi.jpg\" alt=\"areascivolobimbi\"\/>\n  \n  \n  \n<\/div>\n<div class=\"rsContent\">\n  <img decoding=\"async\" class=\"rsImg\" src=\"https:\/\/www.hotelirene.com\/wp-content\/uploads\/2014\/03\/20130528161717-140.jpg\" data-rsBigImg=\"https:\/\/www.hotelirene.com\/wp-content\/uploads\/2014\/03\/20130528161717-140.jpg\" alt=\"20130528161717-140\"\/>\n  \n  \n  \n<\/div>\n<div class=\"rsContent\">\n  <img decoding=\"async\" class=\"rsImg\" src=\"https:\/\/www.hotelirene.com\/wp-content\/uploads\/2014\/03\/Acquascivolo_zoom.jpg\" data-rsBigImg=\"https:\/\/www.hotelirene.com\/wp-content\/uploads\/2014\/03\/Acquascivolo_zoom.jpg\" alt=\"Acquascivolo_zoom\"\/>\n  \n  \n  \n<\/div>\n<div class=\"rsContent\">\n  <img decoding=\"async\" class=\"rsImg\" src=\"https:\/\/www.hotelirene.com\/wp-content\/uploads\/2014\/03\/01-1024x576.jpg\" data-rsBigImg=\"https:\/\/www.hotelirene.com\/wp-content\/uploads\/2014\/03\/01.jpg\" alt=\"01\"\/>\n  \n  \n  \n<\/div>\n<div class=\"rsContent\">\n  <img decoding=\"async\" class=\"rsImg\" src=\"https:\/\/www.hotelirene.com\/wp-content\/uploads\/2014\/03\/spiaggia2.jpg\" data-rsBigImg=\"https:\/\/www.hotelirene.com\/wp-content\/uploads\/2014\/03\/spiaggia2.jpg\" alt=\"spiaggia2\"\/>\n  \n  \n  \n<\/div>\n<div class=\"rsContent\">\n  <img decoding=\"async\" class=\"rsImg\" src=\"https:\/\/www.hotelirene.com\/wp-content\/uploads\/2014\/03\/Piscina-semi-olimpionica.jpg\" data-rsBigImg=\"https:\/\/www.hotelirene.com\/wp-content\/uploads\/2014\/03\/Piscina-semi-olimpionica.jpg\" alt=\"Piscina-semi-olimpionica\"\/>\n  \n  \n  \n<\/div>\n<div class=\"rsContent\">\n  <img decoding=\"async\" class=\"rsImg\" src=\"https:\/\/www.hotelirene.com\/wp-content\/uploads\/2014\/03\/beachvillage-960x430.jpg\" data-rsBigImg=\"https:\/\/www.hotelirene.com\/wp-content\/uploads\/2014\/03\/beachvillage-960x430.jpg\" alt=\"beachvillage-960x430\"\/>\n  \n  \n  \n<\/div>\n<div class=\"rsContent\">\n  <img decoding=\"async\" class=\"rsImg\" src=\"https:\/\/www.hotelirene.com\/wp-content\/uploads\/2014\/03\/wi-fi-1024x1024.png\" data-rsBigImg=\"https:\/\/www.hotelirene.com\/wp-content\/uploads\/2014\/03\/wi-fi.png\" alt=\"wi-fi\"\/>\n  \n  \n  \n<\/div>\n<div class=\"rsContent\">\n  <img decoding=\"async\" class=\"rsImg\" src=\"https:\/\/www.hotelirene.com\/wp-content\/uploads\/2014\/03\/07-servizi.jpg\" data-rsBigImg=\"https:\/\/www.hotelirene.com\/wp-content\/uploads\/2014\/03\/07-servizi.jpg\" alt=\"07-servizi\"\/>\n  \n  \n  \n<\/div>\n<div class=\"rsContent\">\n  <img decoding=\"async\" class=\"rsImg\" src=\"https:\/\/www.hotelirene.com\/wp-content\/uploads\/2014\/03\/1043875_385604338227414_1001379717_n.jpg\" data-rsBigImg=\"https:\/\/www.hotelirene.com\/wp-content\/uploads\/2014\/03\/1043875_385604338227414_1001379717_n.jpg\" alt=\"1043875_385604338227414_1001379717_n\"\/>\n  \n  \n  \n<\/div>\n<div class=\"rsContent\">\n  <img decoding=\"async\" class=\"rsImg\" src=\"https:\/\/www.hotelirene.com\/wp-content\/uploads\/2014\/02\/1044088_385604278227420_636809652_n1.jpg\" data-rsBigImg=\"https:\/\/www.hotelirene.com\/wp-content\/uploads\/2014\/02\/1044088_385604278227420_636809652_n1.jpg\" alt=\"1044088_385604278227420_636809652_n\"\/>\n  \n  \n  \n<\/div>\n<div class=\"rsContent\">\n  <img decoding=\"async\" class=\"rsImg\" src=\"https:\/\/www.hotelirene.com\/wp-content\/uploads\/2014\/03\/7871_385604314894083_1048240412_n21.jpg\" data-rsBigImg=\"https:\/\/www.hotelirene.com\/wp-content\/uploads\/2014\/03\/7871_385604314894083_1048240412_n21.jpg\" alt=\"7871_385604314894083_1048240412_n2\"\/>\n  \n  \n  \n<\/div>\n<div class=\"rsContent\">\n  <img decoding=\"async\" class=\"rsImg\" src=\"https:\/\/www.hotelirene.com\/wp-content\/uploads\/2014\/03\/969752_401036073350907_746443906_n1.jpg\" data-rsBigImg=\"https:\/\/www.hotelirene.com\/wp-content\/uploads\/2014\/03\/969752_401036073350907_746443906_n1.jpg\" alt=\"969752_401036073350907_746443906_n1\"\/>\n  \n  \n  \n<\/div>\n<div class=\"rsContent\">\n  <img decoding=\"async\" class=\"rsImg\" src=\"https:\/\/www.hotelirene.com\/wp-content\/uploads\/2014\/03\/421819_385604208227427_2039596799_n1.jpg\" data-rsBigImg=\"https:\/\/www.hotelirene.com\/wp-content\/uploads\/2014\/03\/421819_385604208227427_2039596799_n1.jpg\" alt=\"421819_385604208227427_2039596799_n1\"\/>\n  \n  \n  \n<\/div>\n<div class=\"rsContent\">\n  <img decoding=\"async\" class=\"rsImg\" src=\"https:\/\/www.hotelirene.com\/wp-content\/uploads\/2014\/03\/galleria_311.jpg\" data-rsBigImg=\"https:\/\/www.hotelirene.com\/wp-content\/uploads\/2014\/03\/galleria_311.jpg\" alt=\"SONY DSC\"\/>\n  \n  \n  \n<\/div>\n\n<\/div>\n<\/div><div class=\"span4 \">\n<p>&nbsp;<\/p>\n<div class=\"post-row\"><div class=\"post\"><div class=\"textshort\">\n<div><em>\"Es ist das perfekte Beispiel von dem guten romagnolischen Empfang. Die Position vom Hotel Irene gef\u00e4hllt mir sehr.\u00a0 F\u00fcr mich ist es richtig \u00fcberhaupt\u00a0 f\u00fcr Familien. Die K\u00fcche ist eine angenehme \u00dcberaschung. Die Besitzer und das Personal sind sehr freundlich.<\/em><\/div>\n<div><em>Bequem zum Strand und in der N\u00e4he von Via Dante. Vergleichung Qualit\u00e4t und Preis sehr gut.\u00a0 Ich rate\u00a0 Ihnen und\u00a0 w\u00fcrde wieder gerne\u00a0 kommen.\"<\/em><\/div>\n<div>(Lara<strong> Booking.com<\/strong>)<\/div>\n<\/div><\/div><\/div><\/div>\n<p>&nbsp;<\/p>\n<div><\/div>\n<p><strong>\u00a0<\/strong><strong>\u00a0\u00a0\u00a0\u00a0 <\/strong><\/p>\n","protected":false},"excerpt":{"rendered":"<p>Der bekannte romagnolische Empfang, die Familienleitung und die besten 2 Sterne-Leistungen, das alles zusammen macht einen angenehmen\u00a0 Urlaub, dazu in der sch\u00f6nsten Lage von Riccione &gt;&gt; LEISTUNGEN\u00a0IM PREISS ENTHALTEN\u00a0 Voll klimatisiertes Hotel Bar Tv-Sat klimatisierter Speisesaal Aufzug Schattiger Garten Umz\u00e4unter Parkplatz Wi-Fi gratis Strandkabine Fahrr\u00e4der Jeden Tag k\u00f6nnen Sie zwischen vielen Vergn\u00fcgungen w\u00e4hlen.\u00a0F\u00fcr diese bieten [&hellip;]<\/p>\n","protected":false},"author":26,"featured_media":0,"parent":0,"menu_order":0,"comment_status":"closed","ping_status":"closed","template":"","meta":{"_monsterinsights_skip_tracking":false,"_monsterinsights_sitenote_active":false,"_monsterinsights_sitenote_note":"","_monsterinsights_sitenote_category":0,"_uf_show_specific_survey":0,"_uf_disable_surveys":false,"footnotes":""},"class_list":["post-503","page","type-page","status-publish","hentry"],"yoast_head":"<!-- This site is optimized with the Yoast SEO plugin v27.4 - https:\/\/yoast.com\/product\/yoast-seo-wordpress\/ -->\n<title>Hotelleistungen &amp; Beach Village - Hotel Irene<\/title>\n<meta name=\"robots\" content=\"index, follow, max-snippet:-1, max-image-preview:large, max-video-preview:-1\" \/>\n<link rel=\"canonical\" href=\"https:\/\/www.hotelirene.com\/de\/hotelleistungen.html\" \/>\n<meta property=\"og:locale\" content=\"de_DE\" \/>\n<meta property=\"og:type\" content=\"article\" \/>\n<meta property=\"og:title\" content=\"Hotelleistungen &amp; Beach Village - Hotel Irene\" \/>\n<meta property=\"og:description\" content=\"Der bekannte romagnolische Empfang, die Familienleitung und die besten 2 Sterne-Leistungen, das alles zusammen macht einen angenehmen\u00a0 Urlaub, dazu in der sch\u00f6nsten Lage von Riccione &gt;&gt; LEISTUNGEN\u00a0IM PREISS ENTHALTEN\u00a0 Voll klimatisiertes Hotel Bar Tv-Sat klimatisierter Speisesaal Aufzug Schattiger Garten Umz\u00e4unter Parkplatz Wi-Fi gratis Strandkabine Fahrr\u00e4der Jeden Tag k\u00f6nnen Sie zwischen vielen Vergn\u00fcgungen w\u00e4hlen.\u00a0F\u00fcr diese bieten [&hellip;]\" \/>\n<meta property=\"og:url\" content=\"https:\/\/www.hotelirene.com\/de\/hotelleistungen.html\" \/>\n<meta property=\"og:site_name\" content=\"Hotel Irene\" \/>\n<meta property=\"article:publisher\" content=\"https:\/\/www.facebook.com\/HOTELIRENEriccione\" \/>\n<meta property=\"article:modified_time\" content=\"2019-11-08T08:09:59+00:00\" \/>\n<meta property=\"og:image\" content=\"https:\/\/www.hotelirene.com\/wp-content\/uploads\/2019\/11\/IMG_20191111_162345.jpg\" \/>\n\t<meta property=\"og:image:width\" content=\"4000\" \/>\n\t<meta property=\"og:image:height\" content=\"2243\" \/>\n\t<meta property=\"og:image:type\" content=\"image\/jpeg\" \/>\n<meta name=\"twitter:card\" content=\"summary_large_image\" \/>\n<meta name=\"twitter:label1\" content=\"Gesch\u00e4tzte Lesezeit\" \/>\n\t<meta name=\"twitter:data1\" content=\"1\u00a0Minute\" \/>\n<script type=\"application\/ld+json\" class=\"yoast-schema-graph\">{\"@context\":\"https:\\\/\\\/schema.org\",\"@graph\":[{\"@type\":\"WebPage\",\"@id\":\"https:\\\/\\\/www.hotelirene.com\\\/de\\\/hotelleistungen.html\",\"url\":\"https:\\\/\\\/www.hotelirene.com\\\/de\\\/hotelleistungen.html\",\"name\":\"Hotelleistungen & Beach Village - Hotel Irene\",\"isPartOf\":{\"@id\":\"https:\\\/\\\/www.hotelirene.com\\\/#website\"},\"datePublished\":\"2014-02-20T13:27:07+00:00\",\"dateModified\":\"2019-11-08T08:09:59+00:00\",\"inLanguage\":\"de\",\"potentialAction\":[{\"@type\":\"ReadAction\",\"target\":[\"https:\\\/\\\/www.hotelirene.com\\\/de\\\/hotelleistungen.html\"]}]},{\"@type\":\"WebSite\",\"@id\":\"https:\\\/\\\/www.hotelirene.com\\\/#website\",\"url\":\"https:\\\/\\\/www.hotelirene.com\\\/\",\"name\":\"Hotel Irene\",\"description\":\"Hotel Irene\",\"publisher\":{\"@id\":\"https:\\\/\\\/www.hotelirene.com\\\/#organization\"},\"potentialAction\":[{\"@type\":\"SearchAction\",\"target\":{\"@type\":\"EntryPoint\",\"urlTemplate\":\"https:\\\/\\\/www.hotelirene.com\\\/?s={search_term_string}\"},\"query-input\":{\"@type\":\"PropertyValueSpecification\",\"valueRequired\":true,\"valueName\":\"search_term_string\"}}],\"inLanguage\":\"de\"},{\"@type\":\"Organization\",\"@id\":\"https:\\\/\\\/www.hotelirene.com\\\/#organization\",\"name\":\"HOTEL IRENE RICCIONE\",\"url\":\"https:\\\/\\\/www.hotelirene.com\\\/\",\"logo\":{\"@type\":\"ImageObject\",\"inLanguage\":\"de\",\"@id\":\"https:\\\/\\\/www.hotelirene.com\\\/#\\\/schema\\\/logo\\\/image\\\/\",\"url\":\"https:\\\/\\\/www.hotelirene.com\\\/wp-content\\\/uploads\\\/2019\\\/11\\\/IMG_20191111_162345.jpg\",\"contentUrl\":\"https:\\\/\\\/www.hotelirene.com\\\/wp-content\\\/uploads\\\/2019\\\/11\\\/IMG_20191111_162345.jpg\",\"width\":4000,\"height\":2243,\"caption\":\"HOTEL IRENE RICCIONE\"},\"image\":{\"@id\":\"https:\\\/\\\/www.hotelirene.com\\\/#\\\/schema\\\/logo\\\/image\\\/\"},\"sameAs\":[\"https:\\\/\\\/www.facebook.com\\\/HOTELIRENEriccione\",\"https:\\\/\\\/www.instagram.com\\\/hotel_irene_riccione\\\/\"]}]}<\/script>\n<!-- \/ Yoast SEO plugin. -->","yoast_head_json":{"title":"Hotelleistungen & Beach Village - Hotel Irene","robots":{"index":"index","follow":"follow","max-snippet":"max-snippet:-1","max-image-preview":"max-image-preview:large","max-video-preview":"max-video-preview:-1"},"canonical":"https:\/\/www.hotelirene.com\/de\/hotelleistungen.html","og_locale":"de_DE","og_type":"article","og_title":"Hotelleistungen & Beach Village - Hotel Irene","og_description":"Der bekannte romagnolische Empfang, die Familienleitung und die besten 2 Sterne-Leistungen, das alles zusammen macht einen angenehmen\u00a0 Urlaub, dazu in der sch\u00f6nsten Lage von Riccione &gt;&gt; LEISTUNGEN\u00a0IM PREISS ENTHALTEN\u00a0 Voll klimatisiertes Hotel Bar Tv-Sat klimatisierter Speisesaal Aufzug Schattiger Garten Umz\u00e4unter Parkplatz Wi-Fi gratis Strandkabine Fahrr\u00e4der Jeden Tag k\u00f6nnen Sie zwischen vielen Vergn\u00fcgungen w\u00e4hlen.\u00a0F\u00fcr diese bieten [&hellip;]","og_url":"https:\/\/www.hotelirene.com\/de\/hotelleistungen.html","og_site_name":"Hotel Irene","article_publisher":"https:\/\/www.facebook.com\/HOTELIRENEriccione","article_modified_time":"2019-11-08T08:09:59+00:00","og_image":[{"url":"https:\/\/www.hotelirene.com\/wp-content\/uploads\/2019\/11\/IMG_20191111_162345.jpg","width":4000,"height":2243,"type":"image\/jpeg"}],"twitter_card":"summary_large_image","twitter_misc":{"Gesch\u00e4tzte Lesezeit":"1\u00a0Minute"},"schema":{"@context":"https:\/\/schema.org","@graph":[{"@type":"WebPage","@id":"https:\/\/www.hotelirene.com\/de\/hotelleistungen.html","url":"https:\/\/www.hotelirene.com\/de\/hotelleistungen.html","name":"Hotelleistungen & Beach Village - Hotel Irene","isPartOf":{"@id":"https:\/\/www.hotelirene.com\/#website"},"datePublished":"2014-02-20T13:27:07+00:00","dateModified":"2019-11-08T08:09:59+00:00","inLanguage":"de","potentialAction":[{"@type":"ReadAction","target":["https:\/\/www.hotelirene.com\/de\/hotelleistungen.html"]}]},{"@type":"WebSite","@id":"https:\/\/www.hotelirene.com\/#website","url":"https:\/\/www.hotelirene.com\/","name":"Hotel Irene","description":"Hotel Irene","publisher":{"@id":"https:\/\/www.hotelirene.com\/#organization"},"potentialAction":[{"@type":"SearchAction","target":{"@type":"EntryPoint","urlTemplate":"https:\/\/www.hotelirene.com\/?s={search_term_string}"},"query-input":{"@type":"PropertyValueSpecification","valueRequired":true,"valueName":"search_term_string"}}],"inLanguage":"de"},{"@type":"Organization","@id":"https:\/\/www.hotelirene.com\/#organization","name":"HOTEL IRENE RICCIONE","url":"https:\/\/www.hotelirene.com\/","logo":{"@type":"ImageObject","inLanguage":"de","@id":"https:\/\/www.hotelirene.com\/#\/schema\/logo\/image\/","url":"https:\/\/www.hotelirene.com\/wp-content\/uploads\/2019\/11\/IMG_20191111_162345.jpg","contentUrl":"https:\/\/www.hotelirene.com\/wp-content\/uploads\/2019\/11\/IMG_20191111_162345.jpg","width":4000,"height":2243,"caption":"HOTEL IRENE RICCIONE"},"image":{"@id":"https:\/\/www.hotelirene.com\/#\/schema\/logo\/image\/"},"sameAs":["https:\/\/www.facebook.com\/HOTELIRENEriccione","https:\/\/www.instagram.com\/hotel_irene_riccione\/"]}]}},"publishpress_future_workflow_manual_trigger":{"enabledWorkflows":[]},"_links":{"self":[{"href":"https:\/\/www.hotelirene.com\/de\/wp-json\/wp\/v2\/pages\/503","targetHints":{"allow":["GET"]}}],"collection":[{"href":"https:\/\/www.hotelirene.com\/de\/wp-json\/wp\/v2\/pages"}],"about":[{"href":"https:\/\/www.hotelirene.com\/de\/wp-json\/wp\/v2\/types\/page"}],"author":[{"embeddable":true,"href":"https:\/\/www.hotelirene.com\/de\/wp-json\/wp\/v2\/users\/26"}],"replies":[{"embeddable":true,"href":"https:\/\/www.hotelirene.com\/de\/wp-json\/wp\/v2\/comments?post=503"}],"version-history":[{"count":0,"href":"https:\/\/www.hotelirene.com\/de\/wp-json\/wp\/v2\/pages\/503\/revisions"}],"wp:attachment":[{"href":"https:\/\/www.hotelirene.com\/de\/wp-json\/wp\/v2\/media?parent=503"}],"curies":[{"name":"wp","href":"https:\/\/api.w.org\/{rel}","templated":true}]}}