{"id":522,"date":"2014-02-20T13:56:40","date_gmt":"2014-02-20T13:56:40","guid":{"rendered":"http:\/\/hotelirene.com\/?page_id=522"},"modified":"2014-02-20T14:01:20","modified_gmt":"2014-02-20T14:01:20","slug":"kuche","status":"publish","type":"page","link":"https:\/\/www.hotelirene.com\/de\/kuche","title":{"rendered":"K\u00fcche"},"content":{"rendered":"<p>Seit \u00fcber 50 Jahre\u00a0bem\u00fchen wir\u00a0uns pers\u00f6nlich f\u00fcr den\u00a0Wohlstand unserer G\u00e4ste, besonders mit der guten K\u00fcche.<br \/>\nDeswegen wird unser Hotelrestaurant von unseren G\u00e4sten sehr gesch\u00e4tzt.<br \/>\nZum Mittag- und Abendessen bieten wir zwei Menus zur Auswahl.<br \/>\nAusserdem gibt es reiche Salat-, Gem\u00fcse- und Obstbuffets.<br \/>\nJeden Sonntag feiern wir mit einem Aperitif, serviert in unserem Garten.<br \/>\nF\u00fcr Kinder gibt es die M\u00f6glichkeit f\u00fcr pers\u00f6nliche Menus zu verschiedenen Uhrzeiten.<br \/>\nM\u00f6glichkeit f\u00fcr glutenfreie Menus.<\/p>\n<div id=\"new-royalslider-3\" class=\"royalSlider new-royalslider-3 rsDefaultInv visibleNearbySimple\" style=\"width:100%;height:400px;;\" data-rs-options='{&quot;template&quot;:&quot;default&quot;,&quot;image_generation&quot;:{&quot;imageWidth&quot;:&quot;&quot;,&quot;imageHeight&quot;:&quot;&quot;,&quot;thumbImageWidth&quot;:&quot;&quot;,&quot;thumbImageHeight&quot;:&quot;&quot;},&quot;thumbs&quot;:{&quot;thumbWidth&quot;:96,&quot;thumbHeight&quot;:72},&quot;autoPlay&quot;:{&quot;enabled&quot;:&quot;true&quot;},&quot;fullscreen&quot;:{&quot;enabled&quot;:&quot;true&quot;},&quot;visibleNearby&quot;:{&quot;enabled&quot;:&quot;true&quot;,&quot;centerArea&quot;:0.69999999999999996,&quot;breakpoint&quot;:400,&quot;breakpointCenterArea&quot;:0.90000000000000002,&quot;navigateByCenterClick&quot;:&quot;true&quot;},&quot;video&quot;:{&quot;autoHideBlocks&quot;:&quot;true&quot;},&quot;block&quot;:{&quot;moveOffset&quot;:20,&quot;speed&quot;:400,&quot;delay&quot;:200},&quot;width&quot;:&quot;100%&quot;,&quot;height&quot;:&quot;400px&quot;,&quot;autoScaleSlider&quot;:&quot;true&quot;,&quot;autoScaleSliderWidth&quot;:960,&quot;autoScaleSliderHeight&quot;:500,&quot;slidesSpacing&quot;:0,&quot;imageScaleMode&quot;:&quot;fill&quot;,&quot;arrowsNavAutoHide&quot;:&quot;false&quot;,&quot;loop&quot;:&quot;true&quot;,&quot;keyboardNavEnabled&quot;:&quot;true&quot;,&quot;fadeinLoadedSlide&quot;:&quot;false&quot;,&quot;addActiveClass&quot;:&quot;true&quot;}'>\n<div class=\"rsContent\">\n  <img decoding=\"async\" class=\"rsImg\" src=\"https:\/\/www.hotelirene.com\/wp-content\/uploads\/2019\/11\/IMG_20190903_123123.jpg\" data-rsBigImg=\"https:\/\/www.hotelirene.com\/wp-content\/uploads\/2019\/11\/IMG_20190903_123123.jpg\" alt=\"IMG_20190903_123123\"\/>\n  \n  \n  \n<\/div>\n<div class=\"rsContent\">\n  <img decoding=\"async\" class=\"rsImg\" src=\"https:\/\/i.ytimg.com\/vi\/20DRfNfDpCQ\/sddefault.jpg\" data-rsVideo=\"https:\/\/youtube.com\/watch?v=20DRfNfDpCQ\" alt=\"La Torta 2024\"\/>\n  \n  \n  \n  <a class=\"rsLink\" href=\"https:\/\/youtube.com\/watch?v=20DRfNfDpCQ\">La Torta 2024<\/a>\n<\/div>\n<div class=\"rsContent\">\n  <img decoding=\"async\" class=\"rsImg\" src=\"https:\/\/www.hotelirene.com\/wp-content\/uploads\/2014\/02\/20788_412053692249145_724890449_n.jpg\" data-rsBigImg=\"https:\/\/www.hotelirene.com\/wp-content\/uploads\/2014\/02\/20788_412053692249145_724890449_n.jpg\" alt=\"20788_412053692249145_724890449_n\"\/>\n  \n  \n  \n<\/div>\n<div class=\"rsContent\">\n  <img decoding=\"async\" class=\"rsImg\" src=\"https:\/\/i.ytimg.com\/vi\/v8rsNo77sI4\/sddefault.jpg\" data-rsVideo=\"https:\/\/youtube.com\/watch?v=v8rsNo77sI4\" alt=\"La cucina\"\/>\n  \n  \n  \n  <a class=\"rsLink\" href=\"https:\/\/youtube.com\/watch?v=v8rsNo77sI4\">La cucina<\/a>\n<\/div>\n<div class=\"rsContent\">\n  <img decoding=\"async\" class=\"rsImg\" src=\"https:\/\/i.ytimg.com\/vi\/6YuqFrP1Xy4\/sddefault.jpg\" data-rsVideo=\"https:\/\/youtube.com\/watch?v=6YuqFrP1Xy4\" alt=\"Come presentiamo il Cocomero\"\/>\n  \n  \n  \n  <a class=\"rsLink\" href=\"https:\/\/youtube.com\/watch?v=6YuqFrP1Xy4\">Come presentiamo il Cocomero<\/a>\n<\/div>\n<div class=\"rsContent\">\n  <img decoding=\"async\" class=\"rsImg\" src=\"https:\/\/i.ytimg.com\/vi\/Bu9kTIRSkMg\/sddefault.jpg\" data-rsVideo=\"https:\/\/youtube.com\/watch?v=Bu9kTIRSkMg\" alt=\"Lasagne\"\/>\n  \n  \n  \n  <a class=\"rsLink\" href=\"https:\/\/youtube.com\/watch?v=Bu9kTIRSkMg\">Lasagne<\/a>\n<\/div>\n<div class=\"rsContent\">\n  <img decoding=\"async\" class=\"rsImg\" src=\"https:\/\/www.hotelirene.com\/wp-content\/uploads\/2019\/11\/IMG_20190903_122953.jpg\" data-rsBigImg=\"https:\/\/www.hotelirene.com\/wp-content\/uploads\/2019\/11\/IMG_20190903_122953.jpg\" alt=\"IMG_20190903_122953\"\/>\n  \n  \n  \n<\/div>\n<div class=\"rsContent\">\n  <img decoding=\"async\" class=\"rsImg\" src=\"https:\/\/i.ytimg.com\/vi\/8Wab6xzqt5s\/sddefault.jpg\" data-rsVideo=\"https:\/\/youtube.com\/watch?v=8Wab6xzqt5s\" alt=\"Risotto alla Marinara\"\/>\n  \n  \n  \n  <a class=\"rsLink\" href=\"https:\/\/youtube.com\/watch?v=8Wab6xzqt5s\">Risotto alla Marinara<\/a>\n<\/div>\n<div class=\"rsContent\">\n  <img decoding=\"async\" class=\"rsImg\" src=\"https:\/\/www.hotelirene.com\/wp-content\/uploads\/2019\/11\/IMG_20190815_115639.jpg\" data-rsBigImg=\"https:\/\/www.hotelirene.com\/wp-content\/uploads\/2019\/11\/IMG_20190815_115639.jpg\" alt=\"IMG_20190815_115639\"\/>\n  \n  \n  \n<\/div>\n<div class=\"rsContent\">\n  <img decoding=\"async\" class=\"rsImg\" src=\"https:\/\/www.hotelirene.com\/wp-content\/uploads\/2018\/12\/FB_IMG_1544695789656-1.jpg\" data-rsBigImg=\"https:\/\/www.hotelirene.com\/wp-content\/uploads\/2018\/12\/FB_IMG_1544695789656-1.jpg\" alt=\"FB_IMG_1544695789656\"\/>\n  \n  \n  \n<\/div>\n<div class=\"rsContent\">\n  <img decoding=\"async\" class=\"rsImg\" src=\"https:\/\/www.hotelirene.com\/wp-content\/uploads\/2014\/02\/1013441_383211325133382_800687436_n.jpg\" data-rsBigImg=\"https:\/\/www.hotelirene.com\/wp-content\/uploads\/2014\/02\/1013441_383211325133382_800687436_n.jpg\" alt=\"1013441_383211325133382_800687436_n\"\/>\n  \n  \n  \n<\/div>\n<div class=\"rsContent\">\n  <img decoding=\"async\" class=\"rsImg\" src=\"https:\/\/www.hotelirene.com\/wp-content\/uploads\/2014\/02\/1010273_393488317439016_679161331_n.jpg\" data-rsBigImg=\"https:\/\/www.hotelirene.com\/wp-content\/uploads\/2014\/02\/1010273_393488317439016_679161331_n.jpg\" alt=\"1010273_393488317439016_679161331_n\"\/>\n  \n  \n  \n<\/div>\n<div class=\"rsContent\">\n  <img decoding=\"async\" class=\"rsImg\" src=\"https:\/\/www.hotelirene.com\/wp-content\/uploads\/2018\/12\/FB_IMG_1544695775351-1.jpg\" data-rsBigImg=\"https:\/\/www.hotelirene.com\/wp-content\/uploads\/2018\/12\/FB_IMG_1544695775351-1.jpg\" alt=\"FB_IMG_1544695775351\"\/>\n  \n  \n  \n<\/div>\n<div class=\"rsContent\">\n  <img decoding=\"async\" class=\"rsImg\" src=\"https:\/\/www.hotelirene.com\/wp-content\/uploads\/2014\/03\/601484_415048718616309_415776355_n.jpg\" data-rsBigImg=\"https:\/\/www.hotelirene.com\/wp-content\/uploads\/2014\/03\/601484_415048718616309_415776355_n.jpg\" alt=\"601484_415048718616309_415776355_n\"\/>\n  \n  \n  \n<\/div>\n<div class=\"rsContent\">\n  <img decoding=\"async\" class=\"rsImg\" src=\"https:\/\/www.hotelirene.com\/wp-content\/uploads\/2014\/03\/734363_411313698989811_1481900360_n.jpg\" data-rsBigImg=\"https:\/\/www.hotelirene.com\/wp-content\/uploads\/2014\/03\/734363_411313698989811_1481900360_n.jpg\" alt=\"734363_411313698989811_1481900360_n\"\/>\n  \n  \n  \n<\/div>\n<div class=\"rsContent\">\n  <img decoding=\"async\" class=\"rsImg\" src=\"https:\/\/www.hotelirene.com\/wp-content\/uploads\/2014\/03\/935050_398158020305379_283800398_n.jpg\" data-rsBigImg=\"https:\/\/www.hotelirene.com\/wp-content\/uploads\/2014\/03\/935050_398158020305379_283800398_n.jpg\" alt=\"935050_398158020305379_283800398_n\"\/>\n  \n  \n  \n<\/div>\n<div class=\"rsContent\">\n  <img decoding=\"async\" class=\"rsImg\" src=\"https:\/\/www.hotelirene.com\/wp-content\/uploads\/2014\/03\/1044061_384192948368553_1473215005_n.jpg\" data-rsBigImg=\"https:\/\/www.hotelirene.com\/wp-content\/uploads\/2014\/03\/1044061_384192948368553_1473215005_n.jpg\" alt=\"1044061_384192948368553_1473215005_n\"\/>\n  \n  \n  \n<\/div>\n<div class=\"rsContent\">\n  <img decoding=\"async\" class=\"rsImg\" src=\"https:\/\/www.hotelirene.com\/wp-content\/uploads\/2014\/03\/1044798_387978491323332_1741201978_n.jpg\" data-rsBigImg=\"https:\/\/www.hotelirene.com\/wp-content\/uploads\/2014\/03\/1044798_387978491323332_1741201978_n.jpg\" alt=\"1044798_387978491323332_1741201978_n\"\/>\n  \n  \n  \n<\/div>\n<div class=\"rsContent\">\n  <img decoding=\"async\" class=\"rsImg\" src=\"https:\/\/www.hotelirene.com\/wp-content\/uploads\/2014\/03\/1075822_402008926586955_737423441_n.jpg\" data-rsBigImg=\"https:\/\/www.hotelirene.com\/wp-content\/uploads\/2014\/03\/1075822_402008926586955_737423441_n.jpg\" alt=\"1075822_402008926586955_737423441_n\"\/>\n  \n  \n  \n<\/div>\n<div class=\"rsContent\">\n  <img decoding=\"async\" class=\"rsImg\" src=\"https:\/\/www.hotelirene.com\/wp-content\/uploads\/2014\/03\/1170936_412053268915854_351659206_n.jpg\" data-rsBigImg=\"https:\/\/www.hotelirene.com\/wp-content\/uploads\/2014\/03\/1170936_412053268915854_351659206_n.jpg\" alt=\"1170936_412053268915854_351659206_n\"\/>\n  \n  \n  \n<\/div>\n<div class=\"rsContent\">\n  <img decoding=\"async\" class=\"rsImg\" src=\"https:\/\/www.hotelirene.com\/wp-content\/uploads\/2025\/10\/IMG_20240808_131449-1.jpg\" data-rsBigImg=\"https:\/\/www.hotelirene.com\/wp-content\/uploads\/2025\/10\/IMG_20240808_131449-1.jpg\" alt=\"IMG_20240808_131449 (1)\"\/>\n  \n  \n  \n<\/div>\n\n<\/div>\n\n","protected":false},"excerpt":{"rendered":"<p>Seit \u00fcber 50 Jahre\u00a0bem\u00fchen wir\u00a0uns pers\u00f6nlich f\u00fcr den\u00a0Wohlstand unserer G\u00e4ste, besonders mit der guten K\u00fcche. Deswegen wird unser Hotelrestaurant von unseren G\u00e4sten sehr gesch\u00e4tzt. Zum Mittag- und Abendessen bieten wir zwei Menus zur Auswahl. Ausserdem gibt es reiche Salat-, Gem\u00fcse- und Obstbuffets. Jeden Sonntag feiern wir mit einem Aperitif, serviert in unserem Garten. F\u00fcr Kinder [&hellip;]<\/p>\n","protected":false},"author":26,"featured_media":0,"parent":0,"menu_order":0,"comment_status":"closed","ping_status":"open","template":"","meta":{"_monsterinsights_skip_tracking":false,"_monsterinsights_sitenote_active":false,"_monsterinsights_sitenote_note":"","_monsterinsights_sitenote_category":0,"_uf_show_specific_survey":0,"_uf_disable_surveys":false,"footnotes":""},"class_list":["post-522","page","type-page","status-publish","hentry"],"yoast_head":"<!-- This site is optimized with the Yoast SEO plugin v27.4 - https:\/\/yoast.com\/product\/yoast-seo-wordpress\/ -->\n<title>K\u00fcche - Hotel Irene<\/title>\n<meta name=\"robots\" content=\"index, follow, max-snippet:-1, max-image-preview:large, max-video-preview:-1\" \/>\n<link rel=\"canonical\" href=\"https:\/\/www.hotelirene.com\/de\/kuche.html\" \/>\n<meta property=\"og:locale\" content=\"de_DE\" \/>\n<meta property=\"og:type\" content=\"article\" \/>\n<meta property=\"og:title\" content=\"K\u00fcche - Hotel Irene\" \/>\n<meta property=\"og:description\" content=\"Seit \u00fcber 50 Jahre\u00a0bem\u00fchen wir\u00a0uns pers\u00f6nlich f\u00fcr den\u00a0Wohlstand unserer G\u00e4ste, besonders mit der guten K\u00fcche. Deswegen wird unser Hotelrestaurant von unseren G\u00e4sten sehr gesch\u00e4tzt. Zum Mittag- und Abendessen bieten wir zwei Menus zur Auswahl. Ausserdem gibt es reiche Salat-, Gem\u00fcse- und Obstbuffets. Jeden Sonntag feiern wir mit einem Aperitif, serviert in unserem Garten. F\u00fcr Kinder [&hellip;]\" \/>\n<meta property=\"og:url\" content=\"https:\/\/www.hotelirene.com\/de\/kuche.html\" \/>\n<meta property=\"og:site_name\" content=\"Hotel Irene\" \/>\n<meta property=\"article:publisher\" content=\"https:\/\/www.facebook.com\/HOTELIRENEriccione\" \/>\n<meta property=\"article:modified_time\" content=\"2014-02-20T14:01:20+00:00\" \/>\n<meta property=\"og:image\" content=\"https:\/\/www.hotelirene.com\/wp-content\/uploads\/2019\/11\/IMG_20191111_162345.jpg\" \/>\n\t<meta property=\"og:image:width\" content=\"4000\" \/>\n\t<meta property=\"og:image:height\" content=\"2243\" \/>\n\t<meta property=\"og:image:type\" content=\"image\/jpeg\" \/>\n<meta name=\"twitter:card\" content=\"summary_large_image\" \/>\n<script type=\"application\/ld+json\" class=\"yoast-schema-graph\">{\"@context\":\"https:\\\/\\\/schema.org\",\"@graph\":[{\"@type\":\"WebPage\",\"@id\":\"https:\\\/\\\/www.hotelirene.com\\\/de\\\/kuche.html\",\"url\":\"https:\\\/\\\/www.hotelirene.com\\\/de\\\/kuche.html\",\"name\":\"K\u00fcche - Hotel Irene\",\"isPartOf\":{\"@id\":\"https:\\\/\\\/www.hotelirene.com\\\/#website\"},\"datePublished\":\"2014-02-20T13:56:40+00:00\",\"dateModified\":\"2014-02-20T14:01:20+00:00\",\"inLanguage\":\"de\",\"potentialAction\":[{\"@type\":\"ReadAction\",\"target\":[\"https:\\\/\\\/www.hotelirene.com\\\/de\\\/kuche.html\"]}]},{\"@type\":\"WebSite\",\"@id\":\"https:\\\/\\\/www.hotelirene.com\\\/#website\",\"url\":\"https:\\\/\\\/www.hotelirene.com\\\/\",\"name\":\"Hotel Irene\",\"description\":\"Hotel Irene\",\"publisher\":{\"@id\":\"https:\\\/\\\/www.hotelirene.com\\\/#organization\"},\"potentialAction\":[{\"@type\":\"SearchAction\",\"target\":{\"@type\":\"EntryPoint\",\"urlTemplate\":\"https:\\\/\\\/www.hotelirene.com\\\/?s={search_term_string}\"},\"query-input\":{\"@type\":\"PropertyValueSpecification\",\"valueRequired\":true,\"valueName\":\"search_term_string\"}}],\"inLanguage\":\"de\"},{\"@type\":\"Organization\",\"@id\":\"https:\\\/\\\/www.hotelirene.com\\\/#organization\",\"name\":\"HOTEL IRENE RICCIONE\",\"url\":\"https:\\\/\\\/www.hotelirene.com\\\/\",\"logo\":{\"@type\":\"ImageObject\",\"inLanguage\":\"de\",\"@id\":\"https:\\\/\\\/www.hotelirene.com\\\/#\\\/schema\\\/logo\\\/image\\\/\",\"url\":\"https:\\\/\\\/www.hotelirene.com\\\/wp-content\\\/uploads\\\/2019\\\/11\\\/IMG_20191111_162345.jpg\",\"contentUrl\":\"https:\\\/\\\/www.hotelirene.com\\\/wp-content\\\/uploads\\\/2019\\\/11\\\/IMG_20191111_162345.jpg\",\"width\":4000,\"height\":2243,\"caption\":\"HOTEL IRENE RICCIONE\"},\"image\":{\"@id\":\"https:\\\/\\\/www.hotelirene.com\\\/#\\\/schema\\\/logo\\\/image\\\/\"},\"sameAs\":[\"https:\\\/\\\/www.facebook.com\\\/HOTELIRENEriccione\",\"https:\\\/\\\/www.instagram.com\\\/hotel_irene_riccione\\\/\"]}]}<\/script>\n<!-- \/ Yoast SEO plugin. -->","yoast_head_json":{"title":"K\u00fcche - Hotel Irene","robots":{"index":"index","follow":"follow","max-snippet":"max-snippet:-1","max-image-preview":"max-image-preview:large","max-video-preview":"max-video-preview:-1"},"canonical":"https:\/\/www.hotelirene.com\/de\/kuche.html","og_locale":"de_DE","og_type":"article","og_title":"K\u00fcche - Hotel Irene","og_description":"Seit \u00fcber 50 Jahre\u00a0bem\u00fchen wir\u00a0uns pers\u00f6nlich f\u00fcr den\u00a0Wohlstand unserer G\u00e4ste, besonders mit der guten K\u00fcche. Deswegen wird unser Hotelrestaurant von unseren G\u00e4sten sehr gesch\u00e4tzt. Zum Mittag- und Abendessen bieten wir zwei Menus zur Auswahl. Ausserdem gibt es reiche Salat-, Gem\u00fcse- und Obstbuffets. Jeden Sonntag feiern wir mit einem Aperitif, serviert in unserem Garten. F\u00fcr Kinder [&hellip;]","og_url":"https:\/\/www.hotelirene.com\/de\/kuche.html","og_site_name":"Hotel Irene","article_publisher":"https:\/\/www.facebook.com\/HOTELIRENEriccione","article_modified_time":"2014-02-20T14:01:20+00:00","og_image":[{"url":"https:\/\/www.hotelirene.com\/wp-content\/uploads\/2019\/11\/IMG_20191111_162345.jpg","width":4000,"height":2243,"type":"image\/jpeg"}],"twitter_card":"summary_large_image","schema":{"@context":"https:\/\/schema.org","@graph":[{"@type":"WebPage","@id":"https:\/\/www.hotelirene.com\/de\/kuche.html","url":"https:\/\/www.hotelirene.com\/de\/kuche.html","name":"K\u00fcche - Hotel Irene","isPartOf":{"@id":"https:\/\/www.hotelirene.com\/#website"},"datePublished":"2014-02-20T13:56:40+00:00","dateModified":"2014-02-20T14:01:20+00:00","inLanguage":"de","potentialAction":[{"@type":"ReadAction","target":["https:\/\/www.hotelirene.com\/de\/kuche.html"]}]},{"@type":"WebSite","@id":"https:\/\/www.hotelirene.com\/#website","url":"https:\/\/www.hotelirene.com\/","name":"Hotel Irene","description":"Hotel Irene","publisher":{"@id":"https:\/\/www.hotelirene.com\/#organization"},"potentialAction":[{"@type":"SearchAction","target":{"@type":"EntryPoint","urlTemplate":"https:\/\/www.hotelirene.com\/?s={search_term_string}"},"query-input":{"@type":"PropertyValueSpecification","valueRequired":true,"valueName":"search_term_string"}}],"inLanguage":"de"},{"@type":"Organization","@id":"https:\/\/www.hotelirene.com\/#organization","name":"HOTEL IRENE RICCIONE","url":"https:\/\/www.hotelirene.com\/","logo":{"@type":"ImageObject","inLanguage":"de","@id":"https:\/\/www.hotelirene.com\/#\/schema\/logo\/image\/","url":"https:\/\/www.hotelirene.com\/wp-content\/uploads\/2019\/11\/IMG_20191111_162345.jpg","contentUrl":"https:\/\/www.hotelirene.com\/wp-content\/uploads\/2019\/11\/IMG_20191111_162345.jpg","width":4000,"height":2243,"caption":"HOTEL IRENE RICCIONE"},"image":{"@id":"https:\/\/www.hotelirene.com\/#\/schema\/logo\/image\/"},"sameAs":["https:\/\/www.facebook.com\/HOTELIRENEriccione","https:\/\/www.instagram.com\/hotel_irene_riccione\/"]}]}},"publishpress_future_workflow_manual_trigger":{"enabledWorkflows":[]},"_links":{"self":[{"href":"https:\/\/www.hotelirene.com\/de\/wp-json\/wp\/v2\/pages\/522","targetHints":{"allow":["GET"]}}],"collection":[{"href":"https:\/\/www.hotelirene.com\/de\/wp-json\/wp\/v2\/pages"}],"about":[{"href":"https:\/\/www.hotelirene.com\/de\/wp-json\/wp\/v2\/types\/page"}],"author":[{"embeddable":true,"href":"https:\/\/www.hotelirene.com\/de\/wp-json\/wp\/v2\/users\/26"}],"replies":[{"embeddable":true,"href":"https:\/\/www.hotelirene.com\/de\/wp-json\/wp\/v2\/comments?post=522"}],"version-history":[{"count":0,"href":"https:\/\/www.hotelirene.com\/de\/wp-json\/wp\/v2\/pages\/522\/revisions"}],"wp:attachment":[{"href":"https:\/\/www.hotelirene.com\/de\/wp-json\/wp\/v2\/media?parent=522"}],"curies":[{"name":"wp","href":"https:\/\/api.w.org\/{rel}","templated":true}]}}