{"id":531,"date":"2014-02-20T14:08:23","date_gmt":"2014-02-20T14:08:23","guid":{"rendered":"http:\/\/hotelirene.com\/?page_id=531"},"modified":"2014-02-20T14:08:23","modified_gmt":"2014-02-20T14:08:23","slug":"fruhstuck","status":"publish","type":"page","link":"https:\/\/www.hotelirene.com\/de\/kuche\/fruhstuck","title":{"rendered":"Fr\u00fchst\u00fcck"},"content":{"rendered":"<p>Um den Tag gut zu beginnen, erwartet Sie ein reiches Fr\u00fchst\u00fccksbuffet.<br \/>\nSelbstgebackener Kuchen, verschiedene Aufschnitte, K\u00e4se, Butter, Marmelade, Honig,\u00a0Kaffee, Cappuccino, Tee, Fruchts\u00e4fte, Selbstbedienung.<br \/>\nM\u00f6glichkeit, in unserem gr\u00fcnen Garten zu fr\u00fchst\u00fccken.<\/p>\n<div class=\"span7\">\u00a0<div id=\"new-royalslider-4\" class=\"royalSlider new-royalslider-4 rsDefaultInv visibleNearbySimple\" style=\"width:100%;height:400px;;\" data-rs-options='{&quot;template&quot;:&quot;default&quot;,&quot;image_generation&quot;:{&quot;imageWidth&quot;:&quot;&quot;,&quot;imageHeight&quot;:&quot;&quot;,&quot;thumbImageWidth&quot;:&quot;&quot;,&quot;thumbImageHeight&quot;:&quot;&quot;},&quot;thumbs&quot;:{&quot;thumbWidth&quot;:96,&quot;thumbHeight&quot;:72},&quot;autoPlay&quot;:{&quot;enabled&quot;:&quot;true&quot;},&quot;fullscreen&quot;:{&quot;enabled&quot;:&quot;true&quot;},&quot;visibleNearby&quot;:{&quot;enabled&quot;:&quot;true&quot;,&quot;centerArea&quot;:0.69999999999999996,&quot;breakpoint&quot;:400,&quot;breakpointCenterArea&quot;:0.90000000000000002,&quot;navigateByCenterClick&quot;:&quot;true&quot;},&quot;video&quot;:{&quot;autoHideBlocks&quot;:&quot;true&quot;},&quot;block&quot;:{&quot;moveOffset&quot;:20,&quot;speed&quot;:400,&quot;delay&quot;:200},&quot;width&quot;:&quot;100%&quot;,&quot;height&quot;:&quot;400px&quot;,&quot;autoScaleSlider&quot;:&quot;true&quot;,&quot;autoScaleSliderWidth&quot;:960,&quot;autoScaleSliderHeight&quot;:500,&quot;slidesSpacing&quot;:0,&quot;imageScaleMode&quot;:&quot;fill&quot;,&quot;arrowsNavAutoHide&quot;:&quot;false&quot;,&quot;loop&quot;:&quot;true&quot;,&quot;keyboardNavEnabled&quot;:&quot;true&quot;,&quot;fadeinLoadedSlide&quot;:&quot;false&quot;,&quot;addActiveClass&quot;:&quot;true&quot;}'>\n<div class=\"rsContent\">\n  <img decoding=\"async\" class=\"rsImg\" src=\"https:\/\/i.ytimg.com\/vi\/oGthwzak11I\/sddefault.jpg\" data-rsVideo=\"https:\/\/youtube.com\/watch?v=oGthwzak11I\" alt=\"SnapInsta to AQN8VsXVZ6mK3KPBXuFnDdUcLv6VI2Le6v1Z721GFGRVseVgXtxwgzaadb6b NaWWkRHNqdCCVR6 iUvYIRMIg4\"\/>\n  \n  \n  \n  <a class=\"rsLink\" href=\"https:\/\/youtube.com\/watch?v=oGthwzak11I\">SnapInsta to AQN8VsXVZ6mK3KPBXuFnDdUcLv6VI2Le6v1Z721GFGRVseVgXtxwgzaadb6b NaWWkRHNqdCCVR6 iUvYIRMIg4<\/a>\n<\/div>\n<div class=\"rsContent\">\n  <img decoding=\"async\" class=\"rsImg\" src=\"https:\/\/www.hotelirene.com\/wp-content\/uploads\/2023\/09\/352390175_1670672216710463_4633884965632126648_n.jpg\" data-rsBigImg=\"https:\/\/www.hotelirene.com\/wp-content\/uploads\/2023\/09\/352390175_1670672216710463_4633884965632126648_n.jpg\" alt=\"352390175_1670672216710463_4633884965632126648_n\"\/>\n  \n  \n  \n<\/div>\n<div class=\"rsContent\">\n  <img decoding=\"async\" class=\"rsImg\" src=\"https:\/\/i.ytimg.com\/vi\/LXZUL5fyVe8\/sddefault.jpg\" data-rsVideo=\"https:\/\/youtube.com\/watch?v=LXZUL5fyVe8\" alt=\"Colazione Irene\"\/>\n  \n  \n  \n  <a class=\"rsLink\" href=\"https:\/\/youtube.com\/watch?v=LXZUL5fyVe8\">Colazione Irene<\/a>\n<\/div>\n<div class=\"rsContent\">\n  <img decoding=\"async\" class=\"rsImg\" src=\"https:\/\/www.hotelirene.com\/wp-content\/uploads\/2014\/11\/bambini-felici-irene3-.jpg\" data-rsBigImg=\"https:\/\/www.hotelirene.com\/wp-content\/uploads\/2014\/11\/bambini-felici-irene3-.jpg\" alt=\"bambini-felici-irene3\"\/>\n  \n  \n  \n<\/div>\n<div class=\"rsContent\">\n  <img decoding=\"async\" class=\"rsImg\" src=\"https:\/\/i.ytimg.com\/vi\/E6K9MPO8WTs\/sddefault.jpg\" data-rsVideo=\"https:\/\/youtube.com\/watch?v=E6K9MPO8WTs\" alt=\"Colazione Irene\"\/>\n  \n  \n  \n  <a class=\"rsLink\" href=\"https:\/\/youtube.com\/watch?v=E6K9MPO8WTs\">Colazione Irene<\/a>\n<\/div>\n<div class=\"rsContent\">\n  <img decoding=\"async\" class=\"rsImg\" src=\"https:\/\/www.hotelirene.com\/wp-content\/uploads\/2021\/11\/IMG_20210818_073509-scaled.jpg\" data-rsBigImg=\"https:\/\/www.hotelirene.com\/wp-content\/uploads\/2021\/11\/IMG_20210818_073509-scaled.jpg\" alt=\"IMG_20210818_073509\"\/>\n  \n  \n  \n<\/div>\n\n<\/div>\n<\/div><div class=\"span4 \">\n<div class=\"post-row\"><div class=\"post\"><div class=\"textshort\">\n<p><i>\u201cVor 43 Jahren war ich als Kind das erste Mal im Hotel Irene zu Gast und das letzte Mal<br \/>\nin diesem Sommer wieder.<br \/>\nEs ist ein Familienhotel, wo die Besitzer (die bekannte Familie Giungi) dich mit Freundlichkeit empfangen. Ich habe die Gro\u00dfeltern, die S\u00f6hne, die T\u00f6chter und jetzt die Enkel kennen gelernt.\u00a0Immer aufmerksam f\u00fcr alle Anspr\u00fcche.<br \/>\nIm diesem Hotel f\u00fchlst du dich wie zu Hause.<br \/>\nEinfache, aber sehr saubere Zimmer. Ich war als Kind, als junges M\u00e4dchen und als Mama da.<br \/>\nF\u00fcr mich hei\u00dft Riccione immer Hotel Irene.\"\u00a0 ( Tripadvisor )<\/i><\/p>\n<\/div><\/div><\/div><\/div>\n","protected":false},"excerpt":{"rendered":"<p>Um den Tag gut zu beginnen, erwartet Sie ein reiches Fr\u00fchst\u00fccksbuffet. Selbstgebackener Kuchen, verschiedene Aufschnitte, K\u00e4se, Butter, Marmelade, Honig,\u00a0Kaffee, Cappuccino, Tee, Fruchts\u00e4fte, Selbstbedienung. M\u00f6glichkeit, in unserem gr\u00fcnen Garten zu fr\u00fchst\u00fccken.<\/p>\n","protected":false},"author":26,"featured_media":0,"parent":522,"menu_order":0,"comment_status":"closed","ping_status":"open","template":"","meta":{"_monsterinsights_skip_tracking":false,"_monsterinsights_sitenote_active":false,"_monsterinsights_sitenote_note":"","_monsterinsights_sitenote_category":0,"_uf_show_specific_survey":0,"_uf_disable_surveys":false,"footnotes":""},"class_list":["post-531","page","type-page","status-publish","hentry"],"yoast_head":"<!-- This site is optimized with the Yoast SEO plugin v27.6 - https:\/\/yoast.com\/product\/yoast-seo-wordpress\/ -->\n<title>Fr\u00fchst\u00fcck - Hotel Irene<\/title>\n<meta name=\"robots\" content=\"index, follow, max-snippet:-1, max-image-preview:large, max-video-preview:-1\" \/>\n<link rel=\"canonical\" href=\"https:\/\/www.hotelirene.com\/de\/kuche\/fruhstuck.html\" \/>\n<meta property=\"og:locale\" content=\"de_DE\" \/>\n<meta property=\"og:type\" content=\"article\" \/>\n<meta property=\"og:title\" content=\"Fr\u00fchst\u00fcck - Hotel Irene\" \/>\n<meta property=\"og:description\" content=\"Um den Tag gut zu beginnen, erwartet Sie ein reiches Fr\u00fchst\u00fccksbuffet. Selbstgebackener Kuchen, verschiedene Aufschnitte, K\u00e4se, Butter, Marmelade, Honig,\u00a0Kaffee, Cappuccino, Tee, Fruchts\u00e4fte, Selbstbedienung. M\u00f6glichkeit, in unserem gr\u00fcnen Garten zu fr\u00fchst\u00fccken.\" \/>\n<meta property=\"og:url\" content=\"https:\/\/www.hotelirene.com\/de\/kuche\/fruhstuck.html\" \/>\n<meta property=\"og:site_name\" content=\"Hotel Irene\" \/>\n<meta property=\"article:publisher\" content=\"https:\/\/www.facebook.com\/HOTELIRENEriccione\" \/>\n<meta property=\"og:image\" content=\"https:\/\/www.hotelirene.com\/wp-content\/uploads\/2019\/11\/IMG_20191111_162345.jpg\" \/>\n\t<meta property=\"og:image:width\" content=\"4000\" \/>\n\t<meta property=\"og:image:height\" content=\"2243\" \/>\n\t<meta property=\"og:image:type\" content=\"image\/jpeg\" \/>\n<meta name=\"twitter:card\" content=\"summary_large_image\" \/>\n<meta name=\"twitter:label1\" content=\"Gesch\u00e4tzte Lesezeit\" \/>\n\t<meta name=\"twitter:data1\" content=\"1\u00a0Minute\" \/>\n<script type=\"application\/ld+json\" class=\"yoast-schema-graph\">{\"@context\":\"https:\\\/\\\/schema.org\",\"@graph\":[{\"@type\":\"WebPage\",\"@id\":\"https:\\\/\\\/www.hotelirene.com\\\/de\\\/kuche\\\/fruhstuck.html\",\"url\":\"https:\\\/\\\/www.hotelirene.com\\\/de\\\/kuche\\\/fruhstuck.html\",\"name\":\"Fr\u00fchst\u00fcck - Hotel Irene\",\"isPartOf\":{\"@id\":\"https:\\\/\\\/www.hotelirene.com\\\/#website\"},\"datePublished\":\"2014-02-20T14:08:23+00:00\",\"breadcrumb\":{\"@id\":\"https:\\\/\\\/www.hotelirene.com\\\/de\\\/kuche\\\/fruhstuck.html#breadcrumb\"},\"inLanguage\":\"de\",\"potentialAction\":[{\"@type\":\"ReadAction\",\"target\":[\"https:\\\/\\\/www.hotelirene.com\\\/de\\\/kuche\\\/fruhstuck.html\"]}]},{\"@type\":\"BreadcrumbList\",\"@id\":\"https:\\\/\\\/www.hotelirene.com\\\/de\\\/kuche\\\/fruhstuck.html#breadcrumb\",\"itemListElement\":[{\"@type\":\"ListItem\",\"position\":1,\"name\":\"K\u00fcche\",\"item\":\"https:\\\/\\\/www.hotelirene.com\\\/de\\\/kuche.html\"},{\"@type\":\"ListItem\",\"position\":2,\"name\":\"Fr\u00fchst\u00fcck\"}]},{\"@type\":\"WebSite\",\"@id\":\"https:\\\/\\\/www.hotelirene.com\\\/#website\",\"url\":\"https:\\\/\\\/www.hotelirene.com\\\/\",\"name\":\"Hotel Irene\",\"description\":\"Hotel Irene\",\"publisher\":{\"@id\":\"https:\\\/\\\/www.hotelirene.com\\\/#organization\"},\"potentialAction\":[{\"@type\":\"SearchAction\",\"target\":{\"@type\":\"EntryPoint\",\"urlTemplate\":\"https:\\\/\\\/www.hotelirene.com\\\/?s={search_term_string}\"},\"query-input\":{\"@type\":\"PropertyValueSpecification\",\"valueRequired\":true,\"valueName\":\"search_term_string\"}}],\"inLanguage\":\"de\"},{\"@type\":\"Organization\",\"@id\":\"https:\\\/\\\/www.hotelirene.com\\\/#organization\",\"name\":\"HOTEL IRENE RICCIONE\",\"url\":\"https:\\\/\\\/www.hotelirene.com\\\/\",\"logo\":{\"@type\":\"ImageObject\",\"inLanguage\":\"de\",\"@id\":\"https:\\\/\\\/www.hotelirene.com\\\/#\\\/schema\\\/logo\\\/image\\\/\",\"url\":\"https:\\\/\\\/www.hotelirene.com\\\/wp-content\\\/uploads\\\/2019\\\/11\\\/IMG_20191111_162345.jpg\",\"contentUrl\":\"https:\\\/\\\/www.hotelirene.com\\\/wp-content\\\/uploads\\\/2019\\\/11\\\/IMG_20191111_162345.jpg\",\"width\":4000,\"height\":2243,\"caption\":\"HOTEL IRENE RICCIONE\"},\"image\":{\"@id\":\"https:\\\/\\\/www.hotelirene.com\\\/#\\\/schema\\\/logo\\\/image\\\/\"},\"sameAs\":[\"https:\\\/\\\/www.facebook.com\\\/HOTELIRENEriccione\",\"https:\\\/\\\/www.instagram.com\\\/hotel_irene_riccione\\\/\"]}]}<\/script>\n<!-- \/ Yoast SEO plugin. -->","yoast_head_json":{"title":"Fr\u00fchst\u00fcck - Hotel Irene","robots":{"index":"index","follow":"follow","max-snippet":"max-snippet:-1","max-image-preview":"max-image-preview:large","max-video-preview":"max-video-preview:-1"},"canonical":"https:\/\/www.hotelirene.com\/de\/kuche\/fruhstuck.html","og_locale":"de_DE","og_type":"article","og_title":"Fr\u00fchst\u00fcck - Hotel Irene","og_description":"Um den Tag gut zu beginnen, erwartet Sie ein reiches Fr\u00fchst\u00fccksbuffet. Selbstgebackener Kuchen, verschiedene Aufschnitte, K\u00e4se, Butter, Marmelade, Honig,\u00a0Kaffee, Cappuccino, Tee, Fruchts\u00e4fte, Selbstbedienung. M\u00f6glichkeit, in unserem gr\u00fcnen Garten zu fr\u00fchst\u00fccken.","og_url":"https:\/\/www.hotelirene.com\/de\/kuche\/fruhstuck.html","og_site_name":"Hotel Irene","article_publisher":"https:\/\/www.facebook.com\/HOTELIRENEriccione","og_image":[{"url":"https:\/\/www.hotelirene.com\/wp-content\/uploads\/2019\/11\/IMG_20191111_162345.jpg","width":4000,"height":2243,"type":"image\/jpeg"}],"twitter_card":"summary_large_image","twitter_misc":{"Gesch\u00e4tzte Lesezeit":"1\u00a0Minute"},"schema":{"@context":"https:\/\/schema.org","@graph":[{"@type":"WebPage","@id":"https:\/\/www.hotelirene.com\/de\/kuche\/fruhstuck.html","url":"https:\/\/www.hotelirene.com\/de\/kuche\/fruhstuck.html","name":"Fr\u00fchst\u00fcck - Hotel Irene","isPartOf":{"@id":"https:\/\/www.hotelirene.com\/#website"},"datePublished":"2014-02-20T14:08:23+00:00","breadcrumb":{"@id":"https:\/\/www.hotelirene.com\/de\/kuche\/fruhstuck.html#breadcrumb"},"inLanguage":"de","potentialAction":[{"@type":"ReadAction","target":["https:\/\/www.hotelirene.com\/de\/kuche\/fruhstuck.html"]}]},{"@type":"BreadcrumbList","@id":"https:\/\/www.hotelirene.com\/de\/kuche\/fruhstuck.html#breadcrumb","itemListElement":[{"@type":"ListItem","position":1,"name":"K\u00fcche","item":"https:\/\/www.hotelirene.com\/de\/kuche.html"},{"@type":"ListItem","position":2,"name":"Fr\u00fchst\u00fcck"}]},{"@type":"WebSite","@id":"https:\/\/www.hotelirene.com\/#website","url":"https:\/\/www.hotelirene.com\/","name":"Hotel Irene","description":"Hotel Irene","publisher":{"@id":"https:\/\/www.hotelirene.com\/#organization"},"potentialAction":[{"@type":"SearchAction","target":{"@type":"EntryPoint","urlTemplate":"https:\/\/www.hotelirene.com\/?s={search_term_string}"},"query-input":{"@type":"PropertyValueSpecification","valueRequired":true,"valueName":"search_term_string"}}],"inLanguage":"de"},{"@type":"Organization","@id":"https:\/\/www.hotelirene.com\/#organization","name":"HOTEL IRENE RICCIONE","url":"https:\/\/www.hotelirene.com\/","logo":{"@type":"ImageObject","inLanguage":"de","@id":"https:\/\/www.hotelirene.com\/#\/schema\/logo\/image\/","url":"https:\/\/www.hotelirene.com\/wp-content\/uploads\/2019\/11\/IMG_20191111_162345.jpg","contentUrl":"https:\/\/www.hotelirene.com\/wp-content\/uploads\/2019\/11\/IMG_20191111_162345.jpg","width":4000,"height":2243,"caption":"HOTEL IRENE RICCIONE"},"image":{"@id":"https:\/\/www.hotelirene.com\/#\/schema\/logo\/image\/"},"sameAs":["https:\/\/www.facebook.com\/HOTELIRENEriccione","https:\/\/www.instagram.com\/hotel_irene_riccione\/"]}]}},"publishpress_future_workflow_manual_trigger":{"enabledWorkflows":[]},"_links":{"self":[{"href":"https:\/\/www.hotelirene.com\/de\/wp-json\/wp\/v2\/pages\/531","targetHints":{"allow":["GET"]}}],"collection":[{"href":"https:\/\/www.hotelirene.com\/de\/wp-json\/wp\/v2\/pages"}],"about":[{"href":"https:\/\/www.hotelirene.com\/de\/wp-json\/wp\/v2\/types\/page"}],"author":[{"embeddable":true,"href":"https:\/\/www.hotelirene.com\/de\/wp-json\/wp\/v2\/users\/26"}],"replies":[{"embeddable":true,"href":"https:\/\/www.hotelirene.com\/de\/wp-json\/wp\/v2\/comments?post=531"}],"version-history":[{"count":0,"href":"https:\/\/www.hotelirene.com\/de\/wp-json\/wp\/v2\/pages\/531\/revisions"}],"up":[{"embeddable":true,"href":"https:\/\/www.hotelirene.com\/de\/wp-json\/wp\/v2\/pages\/522"}],"wp:attachment":[{"href":"https:\/\/www.hotelirene.com\/de\/wp-json\/wp\/v2\/media?parent=531"}],"curies":[{"name":"wp","href":"https:\/\/api.w.org\/{rel}","templated":true}]}}