{"id":548,"date":"2014-02-20T14:59:56","date_gmt":"2014-02-20T14:59:56","guid":{"rendered":"http:\/\/hotelirene.com\/?page_id=548"},"modified":"2014-03-25T08:28:00","modified_gmt":"2014-03-25T08:28:00","slug":"strand","status":"publish","type":"page","link":"https:\/\/www.hotelirene.com\/de\/wo-wir-sind\/strand","title":{"rendered":"Strand"},"content":{"rendered":"<p>Hotel Irene ist verbunden mit Bagni Mirella (120), damit Sie sich immer wie in einer Familie f\u00fchlen.<br \/>\nIhr Urlaubstag am Strand beginnt mit Vergn\u00fcgungen und Relax<\/p>\n<p><strong>STRANDLEISTUNGEN:<\/strong><\/p>\n<ul>\n<li>Sonnenschirm und Sonnendache<\/li>\n<li>Liegest\u00fchle<\/li>\n<li>Strandkabinen<\/li>\n<li>Beach-Volley und Beach-Tennis<\/li>\n<li>Warme Duschen<\/li>\n<li>Wi-Fi Anschluss<\/li>\n<li>Tischfussball und Tischtennis<\/li>\n<li>Fahrr\u00e4derparkplatz<\/li>\n<\/ul>\n<p><strong>F\u00dcR KINDER:<\/strong><\/p>\n<ul>\n<li>Spielplatz<\/li>\n<li>Animation<\/li>\n<li>Wickeltisch<\/li>\n<li>Armband (Zum Wiederfinden beim Verlorengehen)<\/li>\n<\/ul>\n<p>&nbsp;<\/p>\n<p>&nbsp;<\/p>\n<div id=\"new-royalslider-10\" class=\"royalSlider new-royalslider-10 rsDefaultInv visibleNearbySimple\" style=\"width:100%;height:400px;;\" data-rs-options='{&quot;template&quot;:&quot;default&quot;,&quot;image_generation&quot;:{&quot;imageWidth&quot;:&quot;&quot;,&quot;imageHeight&quot;:&quot;&quot;,&quot;thumbImageWidth&quot;:&quot;&quot;,&quot;thumbImageHeight&quot;:&quot;&quot;},&quot;thumbs&quot;:{&quot;thumbWidth&quot;:96,&quot;thumbHeight&quot;:72},&quot;autoPlay&quot;:{&quot;enabled&quot;:&quot;true&quot;,&quot;delay&quot;:1500},&quot;fullscreen&quot;:{&quot;enabled&quot;:&quot;true&quot;},&quot;visibleNearby&quot;:{&quot;enabled&quot;:&quot;true&quot;,&quot;centerArea&quot;:0.69999999999999996,&quot;breakpoint&quot;:400,&quot;breakpointCenterArea&quot;:0.90000000000000002,&quot;navigateByCenterClick&quot;:&quot;true&quot;},&quot;video&quot;:{&quot;autoHideBlocks&quot;:&quot;true&quot;},&quot;block&quot;:{&quot;moveOffset&quot;:20,&quot;speed&quot;:400,&quot;delay&quot;:200},&quot;width&quot;:&quot;100%&quot;,&quot;height&quot;:&quot;400px&quot;,&quot;autoScaleSlider&quot;:&quot;true&quot;,&quot;autoScaleSliderWidth&quot;:960,&quot;autoScaleSliderHeight&quot;:500,&quot;slidesSpacing&quot;:0,&quot;imageScaleMode&quot;:&quot;fill&quot;,&quot;arrowsNavAutoHide&quot;:&quot;false&quot;,&quot;loop&quot;:&quot;true&quot;,&quot;keyboardNavEnabled&quot;:&quot;true&quot;,&quot;fadeinLoadedSlide&quot;:&quot;false&quot;,&quot;addActiveClass&quot;:&quot;true&quot;}'>\n<div class=\"rsContent\">\n  <img decoding=\"async\" class=\"rsImg\" src=\"https:\/\/www.hotelirene.com\/wp-content\/uploads\/2024\/10\/10.jpg\" data-rsBigImg=\"https:\/\/www.hotelirene.com\/wp-content\/uploads\/2024\/10\/10.jpg\" alt=\"10\"\/>\n  \n  \n  \n<\/div>\n<div class=\"rsContent\">\n  <img decoding=\"async\" class=\"rsImg\" src=\"https:\/\/www.hotelirene.com\/wp-content\/uploads\/2024\/10\/ingresso-cuore.jpg\" data-rsBigImg=\"https:\/\/www.hotelirene.com\/wp-content\/uploads\/2024\/10\/ingresso-cuore.jpg\" alt=\"ingresso-cuore\"\/>\n  \n  \n  \n<\/div>\n<div class=\"rsContent\">\n  <img decoding=\"async\" class=\"rsImg\" src=\"https:\/\/www.hotelirene.com\/wp-content\/uploads\/2014\/03\/1452280_236462623196633_103556559_n.jpg\" data-rsBigImg=\"https:\/\/www.hotelirene.com\/wp-content\/uploads\/2014\/03\/1452280_236462623196633_103556559_n.jpg\" alt=\"1452280_236462623196633_103556559_n\"\/>\n  \n  \n  \n<\/div>\n<div class=\"rsContent\">\n  <img decoding=\"async\" class=\"rsImg\" src=\"https:\/\/www.hotelirene.com\/wp-content\/uploads\/2024\/10\/14-1.jpg\" data-rsBigImg=\"https:\/\/www.hotelirene.com\/wp-content\/uploads\/2024\/10\/14-1.jpg\" alt=\"14-1\"\/>\n  \n  \n  \n<\/div>\n<div class=\"rsContent\">\n  <img decoding=\"async\" class=\"rsImg\" src=\"https:\/\/www.hotelirene.com\/wp-content\/uploads\/2024\/10\/24.jpg\" data-rsBigImg=\"https:\/\/www.hotelirene.com\/wp-content\/uploads\/2024\/10\/24.jpg\" alt=\"24\"\/>\n  \n  \n  \n<\/div>\n<div class=\"rsContent\">\n  <img decoding=\"async\" class=\"rsImg\" src=\"https:\/\/www.hotelirene.com\/wp-content\/uploads\/2024\/10\/amici-lettone.jpg\" data-rsBigImg=\"https:\/\/www.hotelirene.com\/wp-content\/uploads\/2024\/10\/amici-lettone.jpg\" alt=\"amici-lettone\"\/>\n  \n  \n  \n<\/div>\n<div class=\"rsContent\">\n  <img decoding=\"async\" class=\"rsImg\" src=\"https:\/\/www.hotelirene.com\/wp-content\/uploads\/2024\/10\/bar-1.jpg\" data-rsBigImg=\"https:\/\/www.hotelirene.com\/wp-content\/uploads\/2024\/10\/bar-1.jpg\" alt=\"bar-1\"\/>\n  \n  \n  \n<\/div>\n<div class=\"rsContent\">\n  <img decoding=\"async\" class=\"rsImg\" src=\"https:\/\/www.hotelirene.com\/wp-content\/uploads\/2024\/10\/bar-3.jpg\" data-rsBigImg=\"https:\/\/www.hotelirene.com\/wp-content\/uploads\/2024\/10\/bar-3.jpg\" alt=\"bar-3\"\/>\n  \n  \n  \n<\/div>\n<div class=\"rsContent\">\n  <img decoding=\"async\" class=\"rsImg\" src=\"https:\/\/www.hotelirene.com\/wp-content\/uploads\/2024\/10\/cena-al-gazebo.jpg\" data-rsBigImg=\"https:\/\/www.hotelirene.com\/wp-content\/uploads\/2024\/10\/cena-al-gazebo.jpg\" alt=\"cena-al-gazebo\"\/>\n  \n  \n  \n<\/div>\n<div class=\"rsContent\">\n  <img decoding=\"async\" class=\"rsImg\" src=\"https:\/\/www.hotelirene.com\/wp-content\/uploads\/2024\/10\/da-sporting-4.jpeg\" data-rsBigImg=\"https:\/\/www.hotelirene.com\/wp-content\/uploads\/2024\/10\/da-sporting-4.jpeg\" alt=\"da-sporting-4\"\/>\n  \n  \n  \n<\/div>\n<div class=\"rsContent\">\n  <img decoding=\"async\" class=\"rsImg\" src=\"https:\/\/www.hotelirene.com\/wp-content\/uploads\/2014\/03\/998138_379220612199120_1802541661_n.jpg\" data-rsBigImg=\"https:\/\/www.hotelirene.com\/wp-content\/uploads\/2014\/03\/998138_379220612199120_1802541661_n.jpg\" alt=\"998138_379220612199120_1802541661_n\"\/>\n  \n  \n  \n<\/div>\n<div class=\"rsContent\">\n  <img decoding=\"async\" class=\"rsImg\" src=\"https:\/\/www.hotelirene.com\/wp-content\/uploads\/2024\/10\/dom-lettone.jpg\" data-rsBigImg=\"https:\/\/www.hotelirene.com\/wp-content\/uploads\/2024\/10\/dom-lettone.jpg\" alt=\"dom-lettone\"\/>\n  \n  \n  \n<\/div>\n<div class=\"rsContent\">\n  <img decoding=\"async\" class=\"rsImg\" src=\"https:\/\/www.hotelirene.com\/wp-content\/uploads\/2024\/10\/gazebo-b.jpg\" data-rsBigImg=\"https:\/\/www.hotelirene.com\/wp-content\/uploads\/2024\/10\/gazebo-b.jpg\" alt=\"gazebo-b\"\/>\n  \n  \n  \n<\/div>\n<div class=\"rsContent\">\n  <img decoding=\"async\" class=\"rsImg\" src=\"https:\/\/www.hotelirene.com\/wp-content\/uploads\/2014\/03\/1488326_238702112972684_1027604760_n.jpg\" data-rsBigImg=\"https:\/\/www.hotelirene.com\/wp-content\/uploads\/2014\/03\/1488326_238702112972684_1027604760_n.jpg\" alt=\"1488326_238702112972684_1027604760_n\"\/>\n  \n  \n  \n<\/div>\n<div class=\"rsContent\">\n  <img decoding=\"async\" class=\"rsImg\" src=\"https:\/\/www.hotelirene.com\/wp-content\/uploads\/2024\/10\/giorgia-viola.jpg\" data-rsBigImg=\"https:\/\/www.hotelirene.com\/wp-content\/uploads\/2024\/10\/giorgia-viola.jpg\" alt=\"giorgia-viola\"\/>\n  \n  \n  \n<\/div>\n<div class=\"rsContent\">\n  <img decoding=\"async\" class=\"rsImg\" src=\"https:\/\/www.hotelirene.com\/wp-content\/uploads\/2024\/10\/lounge-area.jpg\" data-rsBigImg=\"https:\/\/www.hotelirene.com\/wp-content\/uploads\/2024\/10\/lounge-area.jpg\" alt=\"lounge-area\"\/>\n  \n  \n  \n<\/div>\n<div class=\"rsContent\">\n  <img decoding=\"async\" class=\"rsImg\" src=\"https:\/\/www.hotelirene.com\/wp-content\/uploads\/2024\/10\/meditazione.jpg\" data-rsBigImg=\"https:\/\/www.hotelirene.com\/wp-content\/uploads\/2024\/10\/meditazione.jpg\" alt=\"meditazione\"\/>\n  \n  \n  \n<\/div>\n<div class=\"rsContent\">\n  <img decoding=\"async\" class=\"rsImg\" src=\"https:\/\/www.hotelirene.com\/wp-content\/uploads\/2024\/10\/omb-chiringuito.jpg\" data-rsBigImg=\"https:\/\/www.hotelirene.com\/wp-content\/uploads\/2024\/10\/omb-chiringuito.jpg\" alt=\"omb-chiringuito\"\/>\n  \n  \n  \n<\/div>\n<div class=\"rsContent\">\n  <img decoding=\"async\" class=\"rsImg\" src=\"https:\/\/www.hotelirene.com\/wp-content\/uploads\/2024\/10\/pass-riva.jpg\" data-rsBigImg=\"https:\/\/www.hotelirene.com\/wp-content\/uploads\/2024\/10\/pass-riva.jpg\" alt=\"pass-riva\"\/>\n  \n  \n  \n<\/div>\n\n<\/div>\n\n<p>&nbsp;<\/p>\n<p>Das Meer mit seinem niedrigen Wasser ist das sicherste f\u00fcr Kinder und garantiert Vergn\u00fcgen f\u00fcr die Kleinen und Sicherheit f\u00fcr die Eltern.<br \/>\nF\u00fcr Erwachsene Sportturniere und Relax.<br \/>\nUnd f\u00fcr besondere Tage hat Hotel Irene mit dem Beach-Village eine Konvention.<br \/>\nWasserpark direkt am Strand und in der N\u00e4he vom Hotel.<br \/>\nFreien Eintritt f\u00fcr die ganze Familie, jeden Tag.<\/p>\n","protected":false},"excerpt":{"rendered":"<p>Hotel Irene ist verbunden mit Bagni Mirella (120), damit Sie sich immer wie in einer Familie f\u00fchlen. Ihr Urlaubstag am Strand beginnt mit Vergn\u00fcgungen und Relax STRANDLEISTUNGEN: Sonnenschirm und Sonnendache Liegest\u00fchle Strandkabinen Beach-Volley und Beach-Tennis Warme Duschen Wi-Fi Anschluss Tischfussball und Tischtennis Fahrr\u00e4derparkplatz F\u00dcR KINDER: Spielplatz Animation Wickeltisch Armband (Zum Wiederfinden beim Verlorengehen) &nbsp; &nbsp; [&hellip;]<\/p>\n","protected":false},"author":26,"featured_media":0,"parent":540,"menu_order":0,"comment_status":"closed","ping_status":"open","template":"","meta":{"_monsterinsights_skip_tracking":false,"_monsterinsights_sitenote_active":false,"_monsterinsights_sitenote_note":"","_monsterinsights_sitenote_category":0,"_uf_show_specific_survey":0,"_uf_disable_surveys":false,"footnotes":""},"class_list":["post-548","page","type-page","status-publish","hentry"],"yoast_head":"<!-- This site is optimized with the Yoast SEO plugin v27.5 - https:\/\/yoast.com\/product\/yoast-seo-wordpress\/ -->\n<title>Strand - Hotel Irene<\/title>\n<meta name=\"robots\" content=\"index, follow, max-snippet:-1, max-image-preview:large, max-video-preview:-1\" \/>\n<link rel=\"canonical\" href=\"https:\/\/www.hotelirene.com\/de\/wo-wir-sind\/strand.html\" \/>\n<meta property=\"og:locale\" content=\"de_DE\" \/>\n<meta property=\"og:type\" content=\"article\" \/>\n<meta property=\"og:title\" content=\"Strand - Hotel Irene\" \/>\n<meta property=\"og:description\" content=\"Hotel Irene ist verbunden mit Bagni Mirella (120), damit Sie sich immer wie in einer Familie f\u00fchlen. Ihr Urlaubstag am Strand beginnt mit Vergn\u00fcgungen und Relax STRANDLEISTUNGEN: Sonnenschirm und Sonnendache Liegest\u00fchle Strandkabinen Beach-Volley und Beach-Tennis Warme Duschen Wi-Fi Anschluss Tischfussball und Tischtennis Fahrr\u00e4derparkplatz F\u00dcR KINDER: Spielplatz Animation Wickeltisch Armband (Zum Wiederfinden beim Verlorengehen) &nbsp; &nbsp; [&hellip;]\" \/>\n<meta property=\"og:url\" content=\"https:\/\/www.hotelirene.com\/de\/wo-wir-sind\/strand.html\" \/>\n<meta property=\"og:site_name\" content=\"Hotel Irene\" \/>\n<meta property=\"article:publisher\" content=\"https:\/\/www.facebook.com\/HOTELIRENEriccione\" \/>\n<meta property=\"article:modified_time\" content=\"2014-03-25T08:28:00+00:00\" \/>\n<meta property=\"og:image\" content=\"https:\/\/www.hotelirene.com\/wp-content\/uploads\/2019\/11\/IMG_20191111_162345.jpg\" \/>\n\t<meta property=\"og:image:width\" content=\"4000\" \/>\n\t<meta property=\"og:image:height\" content=\"2243\" \/>\n\t<meta property=\"og:image:type\" content=\"image\/jpeg\" \/>\n<meta name=\"twitter:card\" content=\"summary_large_image\" \/>\n<meta name=\"twitter:label1\" content=\"Gesch\u00e4tzte Lesezeit\" \/>\n\t<meta name=\"twitter:data1\" content=\"1\u00a0Minute\" \/>\n<script type=\"application\/ld+json\" class=\"yoast-schema-graph\">{\"@context\":\"https:\\\/\\\/schema.org\",\"@graph\":[{\"@type\":\"WebPage\",\"@id\":\"https:\\\/\\\/www.hotelirene.com\\\/de\\\/wo-wir-sind\\\/strand.html\",\"url\":\"https:\\\/\\\/www.hotelirene.com\\\/de\\\/wo-wir-sind\\\/strand.html\",\"name\":\"Strand - Hotel Irene\",\"isPartOf\":{\"@id\":\"https:\\\/\\\/www.hotelirene.com\\\/#website\"},\"datePublished\":\"2014-02-20T14:59:56+00:00\",\"dateModified\":\"2014-03-25T08:28:00+00:00\",\"breadcrumb\":{\"@id\":\"https:\\\/\\\/www.hotelirene.com\\\/de\\\/wo-wir-sind\\\/strand.html#breadcrumb\"},\"inLanguage\":\"de\",\"potentialAction\":[{\"@type\":\"ReadAction\",\"target\":[\"https:\\\/\\\/www.hotelirene.com\\\/de\\\/wo-wir-sind\\\/strand.html\"]}]},{\"@type\":\"BreadcrumbList\",\"@id\":\"https:\\\/\\\/www.hotelirene.com\\\/de\\\/wo-wir-sind\\\/strand.html#breadcrumb\",\"itemListElement\":[{\"@type\":\"ListItem\",\"position\":1,\"name\":\"Wo wir sind\",\"item\":\"https:\\\/\\\/www.hotelirene.com\\\/de\\\/wo-wir-sind.html\"},{\"@type\":\"ListItem\",\"position\":2,\"name\":\"Strand\"}]},{\"@type\":\"WebSite\",\"@id\":\"https:\\\/\\\/www.hotelirene.com\\\/#website\",\"url\":\"https:\\\/\\\/www.hotelirene.com\\\/\",\"name\":\"Hotel Irene\",\"description\":\"Hotel Irene\",\"publisher\":{\"@id\":\"https:\\\/\\\/www.hotelirene.com\\\/#organization\"},\"potentialAction\":[{\"@type\":\"SearchAction\",\"target\":{\"@type\":\"EntryPoint\",\"urlTemplate\":\"https:\\\/\\\/www.hotelirene.com\\\/?s={search_term_string}\"},\"query-input\":{\"@type\":\"PropertyValueSpecification\",\"valueRequired\":true,\"valueName\":\"search_term_string\"}}],\"inLanguage\":\"de\"},{\"@type\":\"Organization\",\"@id\":\"https:\\\/\\\/www.hotelirene.com\\\/#organization\",\"name\":\"HOTEL IRENE RICCIONE\",\"url\":\"https:\\\/\\\/www.hotelirene.com\\\/\",\"logo\":{\"@type\":\"ImageObject\",\"inLanguage\":\"de\",\"@id\":\"https:\\\/\\\/www.hotelirene.com\\\/#\\\/schema\\\/logo\\\/image\\\/\",\"url\":\"https:\\\/\\\/www.hotelirene.com\\\/wp-content\\\/uploads\\\/2019\\\/11\\\/IMG_20191111_162345.jpg\",\"contentUrl\":\"https:\\\/\\\/www.hotelirene.com\\\/wp-content\\\/uploads\\\/2019\\\/11\\\/IMG_20191111_162345.jpg\",\"width\":4000,\"height\":2243,\"caption\":\"HOTEL IRENE RICCIONE\"},\"image\":{\"@id\":\"https:\\\/\\\/www.hotelirene.com\\\/#\\\/schema\\\/logo\\\/image\\\/\"},\"sameAs\":[\"https:\\\/\\\/www.facebook.com\\\/HOTELIRENEriccione\",\"https:\\\/\\\/www.instagram.com\\\/hotel_irene_riccione\\\/\"]}]}<\/script>\n<!-- \/ Yoast SEO plugin. -->","yoast_head_json":{"title":"Strand - Hotel Irene","robots":{"index":"index","follow":"follow","max-snippet":"max-snippet:-1","max-image-preview":"max-image-preview:large","max-video-preview":"max-video-preview:-1"},"canonical":"https:\/\/www.hotelirene.com\/de\/wo-wir-sind\/strand.html","og_locale":"de_DE","og_type":"article","og_title":"Strand - Hotel Irene","og_description":"Hotel Irene ist verbunden mit Bagni Mirella (120), damit Sie sich immer wie in einer Familie f\u00fchlen. Ihr Urlaubstag am Strand beginnt mit Vergn\u00fcgungen und Relax STRANDLEISTUNGEN: Sonnenschirm und Sonnendache Liegest\u00fchle Strandkabinen Beach-Volley und Beach-Tennis Warme Duschen Wi-Fi Anschluss Tischfussball und Tischtennis Fahrr\u00e4derparkplatz F\u00dcR KINDER: Spielplatz Animation Wickeltisch Armband (Zum Wiederfinden beim Verlorengehen) &nbsp; &nbsp; [&hellip;]","og_url":"https:\/\/www.hotelirene.com\/de\/wo-wir-sind\/strand.html","og_site_name":"Hotel Irene","article_publisher":"https:\/\/www.facebook.com\/HOTELIRENEriccione","article_modified_time":"2014-03-25T08:28:00+00:00","og_image":[{"url":"https:\/\/www.hotelirene.com\/wp-content\/uploads\/2019\/11\/IMG_20191111_162345.jpg","width":4000,"height":2243,"type":"image\/jpeg"}],"twitter_card":"summary_large_image","twitter_misc":{"Gesch\u00e4tzte Lesezeit":"1\u00a0Minute"},"schema":{"@context":"https:\/\/schema.org","@graph":[{"@type":"WebPage","@id":"https:\/\/www.hotelirene.com\/de\/wo-wir-sind\/strand.html","url":"https:\/\/www.hotelirene.com\/de\/wo-wir-sind\/strand.html","name":"Strand - Hotel Irene","isPartOf":{"@id":"https:\/\/www.hotelirene.com\/#website"},"datePublished":"2014-02-20T14:59:56+00:00","dateModified":"2014-03-25T08:28:00+00:00","breadcrumb":{"@id":"https:\/\/www.hotelirene.com\/de\/wo-wir-sind\/strand.html#breadcrumb"},"inLanguage":"de","potentialAction":[{"@type":"ReadAction","target":["https:\/\/www.hotelirene.com\/de\/wo-wir-sind\/strand.html"]}]},{"@type":"BreadcrumbList","@id":"https:\/\/www.hotelirene.com\/de\/wo-wir-sind\/strand.html#breadcrumb","itemListElement":[{"@type":"ListItem","position":1,"name":"Wo wir sind","item":"https:\/\/www.hotelirene.com\/de\/wo-wir-sind.html"},{"@type":"ListItem","position":2,"name":"Strand"}]},{"@type":"WebSite","@id":"https:\/\/www.hotelirene.com\/#website","url":"https:\/\/www.hotelirene.com\/","name":"Hotel Irene","description":"Hotel Irene","publisher":{"@id":"https:\/\/www.hotelirene.com\/#organization"},"potentialAction":[{"@type":"SearchAction","target":{"@type":"EntryPoint","urlTemplate":"https:\/\/www.hotelirene.com\/?s={search_term_string}"},"query-input":{"@type":"PropertyValueSpecification","valueRequired":true,"valueName":"search_term_string"}}],"inLanguage":"de"},{"@type":"Organization","@id":"https:\/\/www.hotelirene.com\/#organization","name":"HOTEL IRENE RICCIONE","url":"https:\/\/www.hotelirene.com\/","logo":{"@type":"ImageObject","inLanguage":"de","@id":"https:\/\/www.hotelirene.com\/#\/schema\/logo\/image\/","url":"https:\/\/www.hotelirene.com\/wp-content\/uploads\/2019\/11\/IMG_20191111_162345.jpg","contentUrl":"https:\/\/www.hotelirene.com\/wp-content\/uploads\/2019\/11\/IMG_20191111_162345.jpg","width":4000,"height":2243,"caption":"HOTEL IRENE RICCIONE"},"image":{"@id":"https:\/\/www.hotelirene.com\/#\/schema\/logo\/image\/"},"sameAs":["https:\/\/www.facebook.com\/HOTELIRENEriccione","https:\/\/www.instagram.com\/hotel_irene_riccione\/"]}]}},"publishpress_future_workflow_manual_trigger":{"enabledWorkflows":[]},"_links":{"self":[{"href":"https:\/\/www.hotelirene.com\/de\/wp-json\/wp\/v2\/pages\/548","targetHints":{"allow":["GET"]}}],"collection":[{"href":"https:\/\/www.hotelirene.com\/de\/wp-json\/wp\/v2\/pages"}],"about":[{"href":"https:\/\/www.hotelirene.com\/de\/wp-json\/wp\/v2\/types\/page"}],"author":[{"embeddable":true,"href":"https:\/\/www.hotelirene.com\/de\/wp-json\/wp\/v2\/users\/26"}],"replies":[{"embeddable":true,"href":"https:\/\/www.hotelirene.com\/de\/wp-json\/wp\/v2\/comments?post=548"}],"version-history":[{"count":0,"href":"https:\/\/www.hotelirene.com\/de\/wp-json\/wp\/v2\/pages\/548\/revisions"}],"up":[{"embeddable":true,"href":"https:\/\/www.hotelirene.com\/de\/wp-json\/wp\/v2\/pages\/540"}],"wp:attachment":[{"href":"https:\/\/www.hotelirene.com\/de\/wp-json\/wp\/v2\/media?parent=548"}],"curies":[{"name":"wp","href":"https:\/\/api.w.org\/{rel}","templated":true}]}}