{"id":646,"date":"2014-03-03T11:39:10","date_gmt":"2014-03-03T11:39:10","guid":{"rendered":"http:\/\/hotelirene.com\/?page_id=646"},"modified":"2024-10-29T10:22:55","modified_gmt":"2024-10-29T09:22:55","slug":"home-2-4","status":"publish","type":"page","link":"https:\/\/www.hotelirene.com\/de","title":{"rendered":"Home"},"content":{"rendered":"<div class=\"row\">\n<div class=\"span3 centered\">\n<a href=\"\"><span class=\"ico\"><i class=\"fa icon-food fa-2x ibackbg\"><\/i><\/span><\/a>\n<h4><a href=\"http:\/\/hotelirene.com\/de\/kuche\"  class=\"btn btn-medium\"><span>K\u00fcche<\/span><\/a><\/h4>\n<p>Seid \u00fcber 50 Jahre bem\u00fchen wir uns pers\u00f6nlich um unsere K\u00fcche.\u00a0Jeden Morgen kaufen wir die besten frischen Produkte um Ihnen\u00a0 das Beste zu bieten.\u00a0Echte und traditionelle K\u00fcche.<\/p>\n<\/div>\n<div class=\"span3 centered\">\n<a href=\"\"><span class=\"ico\"><i class=\"fa icon-heart fa-2x ibackbg\"><\/i><\/span><\/a>\n<h4><a href=\"https:\/\/www.hotelirene.com\/de\/fuhlen-sie-sich-wie-zu-hause\"  class=\"btn btn-medium\"><span>Hospitality<\/span><\/a><\/h4>\n<p>Eine warme und ruhige Atmosph\u00e4re, und allen Konfort um\u00a0Sie wie zu Hause zu f\u00fchlen.<\/p>\n<\/div>\n<div class=\"span3 centered\">\n<a href=\"\"><span class=\"ico\"><i class=\"fa icon-road fa-2x ibackbg\"><\/i><\/span><\/a>\n<h4><a href=\"https:\/\/www.hotelirene.com\/de\/privatparkplatz\"  class=\"btn btn-medium\"><span>Privatparkplatz<\/span><\/a><\/h4>\n<p>Um Ihr Auto in Sischerheit zu lassen, Hotel Irene bietet Ihnen\u00a0zur Verf\u00fcgung einen gro\u00dfen inneren umz\u00e4untern Parkplatz.<\/p>\n<\/div>\n<div class=\"span3 centered\">\n<a href=\"\"><span class=\"ico\"><i class=\"fa icon-camera fa-2x ibackbg\"><\/i><\/span><\/a>\n<h4><a href=\"https:\/\/www.hotelirene.com\/de\/hotelleistungen\"  class=\"btn btn-medium\"><span>Beach Village<\/span><\/a><\/h4>\n<p>Jeden Tag k\u00f6nnen Sie zwischen vielen Vergn\u00fcgungen w\u00e4hlen.\u00a0F\u00fcr diese bieten wir Ihnen unbegrenzten freien Eintritt im Beach-Village Riccione.\u00a0Ein sch\u00f6nen Wasserpark direct am Strand in der N\u00e4he vom Hotel.\u00a0Drei Piscinen, Wasserrutschen, Animation f\u00fcr Kinder und Erwachsene.<\/p>\n<\/div>\n<\/div>\n","protected":false},"excerpt":{"rendered":"","protected":false},"author":26,"featured_media":0,"parent":0,"menu_order":0,"comment_status":"closed","ping_status":"open","template":"page-home.php","meta":{"_monsterinsights_skip_tracking":false,"_monsterinsights_sitenote_active":false,"_monsterinsights_sitenote_note":"","_monsterinsights_sitenote_category":0,"_uf_show_specific_survey":0,"_uf_disable_surveys":false,"footnotes":""},"class_list":["post-646","page","type-page","status-publish","hentry"],"yoast_head":"<!-- This site is optimized with the Yoast SEO plugin v27.4 - https:\/\/yoast.com\/product\/yoast-seo-wordpress\/ -->\n<title>Hotel F\u00fcr Familien<\/title>\n<meta name=\"robots\" content=\"index, follow, max-snippet:-1, max-image-preview:large, max-video-preview:-1\" \/>\n<link rel=\"canonical\" href=\"https:\/\/www.hotelirene.com\/de\" \/>\n<meta property=\"og:locale\" content=\"de_DE\" \/>\n<meta property=\"og:type\" content=\"article\" \/>\n<meta property=\"og:title\" content=\"Hotel F\u00fcr Familien\" \/>\n<meta property=\"og:url\" content=\"https:\/\/www.hotelirene.com\/de\" \/>\n<meta property=\"og:site_name\" content=\"Hotel Irene\" \/>\n<meta property=\"article:publisher\" content=\"https:\/\/www.facebook.com\/HOTELIRENEriccione\" \/>\n<meta property=\"article:modified_time\" content=\"2024-10-29T09:22:55+00:00\" \/>\n<meta property=\"og:image\" content=\"https:\/\/www.hotelirene.com\/wp-content\/uploads\/2019\/11\/IMG_20191111_162345.jpg\" \/>\n\t<meta property=\"og:image:width\" content=\"4000\" \/>\n\t<meta property=\"og:image:height\" content=\"2243\" \/>\n\t<meta property=\"og:image:type\" content=\"image\/jpeg\" \/>\n<meta name=\"twitter:card\" content=\"summary_large_image\" \/>\n<meta name=\"twitter:label1\" content=\"Gesch\u00e4tzte Lesezeit\" \/>\n\t<meta name=\"twitter:data1\" content=\"1\u00a0Minute\" \/>\n<script type=\"application\/ld+json\" class=\"yoast-schema-graph\">{\"@context\":\"https:\\\/\\\/schema.org\",\"@graph\":[{\"@type\":\"WebPage\",\"@id\":\"https:\\\/\\\/www.hotelirene.com\\\/de\",\"url\":\"https:\\\/\\\/www.hotelirene.com\\\/de\",\"name\":\"Hotel F\u00fcr Familien\",\"isPartOf\":{\"@id\":\"https:\\\/\\\/www.hotelirene.com\\\/#website\"},\"datePublished\":\"2014-03-03T11:39:10+00:00\",\"dateModified\":\"2024-10-29T09:22:55+00:00\",\"inLanguage\":\"de\",\"potentialAction\":[{\"@type\":\"ReadAction\",\"target\":[\"https:\\\/\\\/www.hotelirene.com\\\/de\"]}]},{\"@type\":\"WebSite\",\"@id\":\"https:\\\/\\\/www.hotelirene.com\\\/#website\",\"url\":\"https:\\\/\\\/www.hotelirene.com\\\/\",\"name\":\"Hotel Irene\",\"description\":\"Hotel Irene\",\"publisher\":{\"@id\":\"https:\\\/\\\/www.hotelirene.com\\\/#organization\"},\"potentialAction\":[{\"@type\":\"SearchAction\",\"target\":{\"@type\":\"EntryPoint\",\"urlTemplate\":\"https:\\\/\\\/www.hotelirene.com\\\/?s={search_term_string}\"},\"query-input\":{\"@type\":\"PropertyValueSpecification\",\"valueRequired\":true,\"valueName\":\"search_term_string\"}}],\"inLanguage\":\"de\"},{\"@type\":\"Organization\",\"@id\":\"https:\\\/\\\/www.hotelirene.com\\\/#organization\",\"name\":\"HOTEL IRENE RICCIONE\",\"url\":\"https:\\\/\\\/www.hotelirene.com\\\/\",\"logo\":{\"@type\":\"ImageObject\",\"inLanguage\":\"de\",\"@id\":\"https:\\\/\\\/www.hotelirene.com\\\/#\\\/schema\\\/logo\\\/image\\\/\",\"url\":\"https:\\\/\\\/www.hotelirene.com\\\/wp-content\\\/uploads\\\/2019\\\/11\\\/IMG_20191111_162345.jpg\",\"contentUrl\":\"https:\\\/\\\/www.hotelirene.com\\\/wp-content\\\/uploads\\\/2019\\\/11\\\/IMG_20191111_162345.jpg\",\"width\":4000,\"height\":2243,\"caption\":\"HOTEL IRENE RICCIONE\"},\"image\":{\"@id\":\"https:\\\/\\\/www.hotelirene.com\\\/#\\\/schema\\\/logo\\\/image\\\/\"},\"sameAs\":[\"https:\\\/\\\/www.facebook.com\\\/HOTELIRENEriccione\",\"https:\\\/\\\/www.instagram.com\\\/hotel_irene_riccione\\\/\"]}]}<\/script>\n<!-- \/ Yoast SEO plugin. -->","yoast_head_json":{"title":"Hotel F\u00fcr Familien","robots":{"index":"index","follow":"follow","max-snippet":"max-snippet:-1","max-image-preview":"max-image-preview:large","max-video-preview":"max-video-preview:-1"},"canonical":"https:\/\/www.hotelirene.com\/de","og_locale":"de_DE","og_type":"article","og_title":"Hotel F\u00fcr Familien","og_url":"https:\/\/www.hotelirene.com\/de","og_site_name":"Hotel Irene","article_publisher":"https:\/\/www.facebook.com\/HOTELIRENEriccione","article_modified_time":"2024-10-29T09:22:55+00:00","og_image":[{"url":"https:\/\/www.hotelirene.com\/wp-content\/uploads\/2019\/11\/IMG_20191111_162345.jpg","width":4000,"height":2243,"type":"image\/jpeg"}],"twitter_card":"summary_large_image","twitter_misc":{"Gesch\u00e4tzte Lesezeit":"1\u00a0Minute"},"schema":{"@context":"https:\/\/schema.org","@graph":[{"@type":"WebPage","@id":"https:\/\/www.hotelirene.com\/de","url":"https:\/\/www.hotelirene.com\/de","name":"Hotel F\u00fcr Familien","isPartOf":{"@id":"https:\/\/www.hotelirene.com\/#website"},"datePublished":"2014-03-03T11:39:10+00:00","dateModified":"2024-10-29T09:22:55+00:00","inLanguage":"de","potentialAction":[{"@type":"ReadAction","target":["https:\/\/www.hotelirene.com\/de"]}]},{"@type":"WebSite","@id":"https:\/\/www.hotelirene.com\/#website","url":"https:\/\/www.hotelirene.com\/","name":"Hotel Irene","description":"Hotel Irene","publisher":{"@id":"https:\/\/www.hotelirene.com\/#organization"},"potentialAction":[{"@type":"SearchAction","target":{"@type":"EntryPoint","urlTemplate":"https:\/\/www.hotelirene.com\/?s={search_term_string}"},"query-input":{"@type":"PropertyValueSpecification","valueRequired":true,"valueName":"search_term_string"}}],"inLanguage":"de"},{"@type":"Organization","@id":"https:\/\/www.hotelirene.com\/#organization","name":"HOTEL IRENE RICCIONE","url":"https:\/\/www.hotelirene.com\/","logo":{"@type":"ImageObject","inLanguage":"de","@id":"https:\/\/www.hotelirene.com\/#\/schema\/logo\/image\/","url":"https:\/\/www.hotelirene.com\/wp-content\/uploads\/2019\/11\/IMG_20191111_162345.jpg","contentUrl":"https:\/\/www.hotelirene.com\/wp-content\/uploads\/2019\/11\/IMG_20191111_162345.jpg","width":4000,"height":2243,"caption":"HOTEL IRENE RICCIONE"},"image":{"@id":"https:\/\/www.hotelirene.com\/#\/schema\/logo\/image\/"},"sameAs":["https:\/\/www.facebook.com\/HOTELIRENEriccione","https:\/\/www.instagram.com\/hotel_irene_riccione\/"]}]}},"publishpress_future_workflow_manual_trigger":{"enabledWorkflows":[]},"_links":{"self":[{"href":"https:\/\/www.hotelirene.com\/de\/wp-json\/wp\/v2\/pages\/646","targetHints":{"allow":["GET"]}}],"collection":[{"href":"https:\/\/www.hotelirene.com\/de\/wp-json\/wp\/v2\/pages"}],"about":[{"href":"https:\/\/www.hotelirene.com\/de\/wp-json\/wp\/v2\/types\/page"}],"author":[{"embeddable":true,"href":"https:\/\/www.hotelirene.com\/de\/wp-json\/wp\/v2\/users\/26"}],"replies":[{"embeddable":true,"href":"https:\/\/www.hotelirene.com\/de\/wp-json\/wp\/v2\/comments?post=646"}],"version-history":[{"count":0,"href":"https:\/\/www.hotelirene.com\/de\/wp-json\/wp\/v2\/pages\/646\/revisions"}],"wp:attachment":[{"href":"https:\/\/www.hotelirene.com\/de\/wp-json\/wp\/v2\/media?parent=646"}],"curies":[{"name":"wp","href":"https:\/\/api.w.org\/{rel}","templated":true}]}}