{"id":658,"date":"2014-03-03T12:06:10","date_gmt":"2014-03-03T12:06:10","guid":{"rendered":"http:\/\/hotelirene.com\/?page_id=658"},"modified":"2026-02-11T08:16:53","modified_gmt":"2026-02-11T07:16:53","slug":"angebote","status":"publish","type":"page","link":"https:\/\/www.hotelirene.com\/de\/angebote","title":{"rendered":"Angebote 2026"},"content":{"rendered":"\n<p id=\"isPasted\">F\u00fcr Sie und Ihre Familie haben wir f\u00fcr jeden Zeitraum ein Angebot \u2013 BESONDERE Gelegenheiten!<\/p>\n\n\n\n<p>Angebote g\u00fcltig f\u00fcr alle Zimmertypen und alle Zeitr\u00e4ume bei einem Mindestaufenthalt von 5 Tagen.<\/p>\n\n\n\n<p>Gem\u00e4\u00df Preisliste 2026.<\/p>\n\n\n<div class=\"wp-block-image\">\n<figure class=\"aligncenter size-full is-resized\"><img loading=\"lazy\" decoding=\"async\" width=\"2560\" height=\"2560\" src=\"https:\/\/www.hotelirene.com\/wp-content\/uploads\/2026\/02\/1488326_238702112972684_1027604760_n-scaled.jpg\" alt=\"\" class=\"wp-image-4069\" style=\"width:292px;height:auto\" srcset=\"https:\/\/www.hotelirene.com\/wp-content\/uploads\/2026\/02\/1488326_238702112972684_1027604760_n-scaled.jpg 2560w, https:\/\/www.hotelirene.com\/wp-content\/uploads\/2026\/02\/1488326_238702112972684_1027604760_n-150x150.jpg 150w, https:\/\/www.hotelirene.com\/wp-content\/uploads\/2026\/02\/1488326_238702112972684_1027604760_n-768x768.jpg 768w, https:\/\/www.hotelirene.com\/wp-content\/uploads\/2026\/02\/1488326_238702112972684_1027604760_n-1536x1536.jpg 1536w, https:\/\/www.hotelirene.com\/wp-content\/uploads\/2026\/02\/1488326_238702112972684_1027604760_n-2048x2048.jpg 2048w, https:\/\/www.hotelirene.com\/wp-content\/uploads\/2026\/02\/1488326_238702112972684_1027604760_n-50x50.jpg 50w\" sizes=\"auto, (max-width: 2560px) 100vw, 2560px\" \/><\/figure>\n<\/div>\n\n\n<p>Vom 22. Mai bis 15. Juni.<\/p>\n\n\n\n<p>Eine Woche \u2013 2 Erwachsene \u2013 Vollpension: 55 \u20ac pro Person und Tag, Gesamtpreis 770 \u20ac, nur 588 \u20ac f\u00fcr \u00dcbernachtung mit Fr\u00fchst\u00fcck.<\/p>\n\n\n\n<p>Eine Woche \u2013 2 Erwachsene + 2 Kinder: Gesamtpreis 1.155 \u20ac, nur 882 \u20ac f\u00fcr \u00dcbernachtung mit Fr\u00fchst\u00fcck.<\/p>\n\n\n\n<p>Vom 16. bis 22. Juni und vom 1. September bis zur Schlie\u00dfung:<\/p>\n\n\n\n<p>Vollpension 60 \u20ac pro Person.<\/p>\n\n\n\n<p>Eine Woche \u2013 2 Erwachsene: Gesamtpreis 840 \u20ac.<\/p>\n\n\n\n<p>Eine Woche \u2013 2 Erwachsene + 2 Kinder: Gesamtpreis 1.260 \u20ac.<\/p>\n\n\n\n<p>Vom 23. bis 30. Juni:<\/p>\n\n\n\n<p>Vollpension 62 \u20ac pro Person.<\/p>\n\n\n\n<p>Eine Woche \u2013 2 Erwachsene: Gesamtpreis 868 \u20ac.<\/p>\n\n\n\n<p>Eine Woche \u2013 2 Erwachsene + 2 Kinder: Gesamtpreis 1.302 \u20ac.<\/p>\n\n\n<div class=\"wp-block-image\">\n<figure class=\"aligncenter size-full is-resized\"><img loading=\"lazy\" decoding=\"async\" width=\"2560\" height=\"1536\" src=\"https:\/\/www.hotelirene.com\/wp-content\/uploads\/2025\/10\/1016052_652034961491037_1646664830_n-scaled.jpg\" alt=\"\" class=\"wp-image-3818\" style=\"width:303px;height:auto\" srcset=\"https:\/\/www.hotelirene.com\/wp-content\/uploads\/2025\/10\/1016052_652034961491037_1646664830_n-scaled.jpg 2560w, https:\/\/www.hotelirene.com\/wp-content\/uploads\/2025\/10\/1016052_652034961491037_1646664830_n-768x461.jpg 768w, https:\/\/www.hotelirene.com\/wp-content\/uploads\/2025\/10\/1016052_652034961491037_1646664830_n-1536x922.jpg 1536w, https:\/\/www.hotelirene.com\/wp-content\/uploads\/2025\/10\/1016052_652034961491037_1646664830_n-2048x1229.jpg 2048w\" sizes=\"auto, (max-width: 2560px) 100vw, 2560px\" \/><\/figure>\n<\/div>\n\n\n<p>Vom 1. Juli bis 7. August und vom 25. bis 31. August:<\/p>\n\n\n\n<p>Vollpension 72 \u20ac pro Person.<\/p>\n\n\n\n<p>Eine Woche \u2013 2 Erwachsene: Gesamtpreis 1.008 \u20ac.<\/p>\n\n\n\n<p>Eine Woche \u2013 2 Erwachsene + 2 Kinder: Gesamtpreis 1.512 \u20ac.<\/p>\n\n\n\n<p>JETZT BUCHEN<\/p>\n\n\n\n<p>Was die Angebote beinhalten<\/p>\n\n\n\n<p>Zimmer mit individuell regulierbarer Klimaanlage, eigenem Bad, Balkon, Telefon, Sat-TV, Safe, Deckenventilator, kostenlosem WLAN.<\/p>\n\n\n\n<p>Vollpension<\/p>\n\n\n\n<p>Reichhaltiges Fr\u00fchst\u00fccksbuffet, s\u00fc\u00df und herzhaft, mit Self-Service-Kaffee, frischen Produkten und hausgemachten Kuchen.<\/p>\n\n\n\n<p>Mittag- und Abendessen mit Wahl zwischen zwei Men\u00fcs (Fleisch oder Fisch).<\/p>\n\n\n\n<p>Salatbuffet sowie t\u00e4glich zum Mittag- und Abendessen ein \u00dcberraschungsgericht unserer K\u00f6chin.<\/p>\n\n\n\n<p>Unbegrenzter Eintritt in den Wasserpark BEACH-VILLAGE.<\/p>\n\n\n\n<p>Kostenloser interner Parkplatz f\u00fcr alle unsere G\u00e4ste garantiert.<\/p>\n\n\n\n<p>Unbegrenzt stilles und sprudelndes Wasser aus dem Spender.<\/p>\n\n\n\n<p>Glasfaser-WLAN.<\/p>\n\n\n\n<p>Klimaanlage im gesamten Hotel inklusive.<\/p>\n\n\n\n<p>24-Stunden-Rezeptionsservice.<\/p>\n\n\n\n<p>Kostenlose Fahrr\u00e4der (solange der Vorrat reicht).<\/p>\n\n\n\n<p>NICHT INKLUSIVE:<\/p>\n\n\n\n<p>Kurtaxe 1,20 \u20ac ab 14 Jahren, maximal 8,40 \u20ac pro Person f\u00fcr den gesamten Aufenthalt.<\/p>\n\n\n\n<p>Die Vollpension beginnt am Anreisetag mit dem Mittagessen und endet am Abreisetag mit dem Fr\u00fchst\u00fcck. Bei Anreise zum Abendessen am ersten Tag gilt Halbpension.<\/p>\n\n\n\n<p>F\u00fcr weitere Informationen stehen wir Ihnen gerne zur Verf\u00fcgung.<\/p>\n\n\n\n<p>Familie Giungi \u2013 Hotel Irene<\/p>\n","protected":false},"excerpt":{"rendered":"<p>F\u00fcr Sie und Ihre Familie haben wir f\u00fcr jeden Zeitraum ein Angebot \u2013 BESONDERE Gelegenheiten! Angebote g\u00fcltig f\u00fcr alle Zimmertypen und alle Zeitr\u00e4ume bei einem Mindestaufenthalt von 5 Tagen. Gem\u00e4\u00df Preisliste 2026. Vom 22. Mai bis 15. Juni. Eine Woche \u2013 2 Erwachsene \u2013 Vollpension: 55 \u20ac pro Person und Tag, Gesamtpreis 770 \u20ac, nur [&hellip;]<\/p>\n","protected":false},"author":26,"featured_media":1463,"parent":0,"menu_order":0,"comment_status":"closed","ping_status":"closed","template":"","meta":{"_monsterinsights_skip_tracking":false,"_monsterinsights_sitenote_active":false,"_monsterinsights_sitenote_note":"","_monsterinsights_sitenote_category":0,"_uf_show_specific_survey":0,"_uf_disable_surveys":false,"footnotes":""},"class_list":["post-658","page","type-page","status-publish","has-post-thumbnail","hentry"],"yoast_head":"<!-- This site is optimized with the Yoast SEO plugin v27.6 - https:\/\/yoast.com\/product\/yoast-seo-wordpress\/ -->\n<title>Angebote 2026 - Hotel Irene<\/title>\n<meta name=\"robots\" content=\"index, follow, max-snippet:-1, max-image-preview:large, max-video-preview:-1\" \/>\n<link rel=\"canonical\" href=\"https:\/\/www.hotelirene.com\/de\/angebote\" \/>\n<meta property=\"og:locale\" content=\"de_DE\" \/>\n<meta property=\"og:type\" content=\"article\" \/>\n<meta property=\"og:title\" content=\"Angebote 2026 - Hotel Irene\" \/>\n<meta property=\"og:description\" content=\"F\u00fcr Sie und Ihre Familie haben wir f\u00fcr jeden Zeitraum ein Angebot \u2013 BESONDERE Gelegenheiten! Angebote g\u00fcltig f\u00fcr alle Zimmertypen und alle Zeitr\u00e4ume bei einem Mindestaufenthalt von 5 Tagen. Gem\u00e4\u00df Preisliste 2026. Vom 22. Mai bis 15. Juni. Eine Woche \u2013 2 Erwachsene \u2013 Vollpension: 55 \u20ac pro Person und Tag, Gesamtpreis 770 \u20ac, nur [&hellip;]\" \/>\n<meta property=\"og:url\" content=\"https:\/\/www.hotelirene.com\/de\/angebote\" \/>\n<meta property=\"og:site_name\" content=\"Hotel Irene\" \/>\n<meta property=\"article:publisher\" content=\"https:\/\/www.facebook.com\/HOTELIRENEriccione\" \/>\n<meta property=\"article:modified_time\" content=\"2026-02-11T07:16:53+00:00\" \/>\n<meta property=\"og:image\" content=\"https:\/\/www.hotelirene.com\/wp-content\/uploads\/2014\/03\/ombrellone_irene.png\" \/>\n\t<meta property=\"og:image:width\" content=\"252\" \/>\n\t<meta property=\"og:image:height\" content=\"215\" \/>\n\t<meta property=\"og:image:type\" content=\"image\/png\" \/>\n<meta name=\"twitter:card\" content=\"summary_large_image\" \/>\n<meta name=\"twitter:label1\" content=\"Gesch\u00e4tzte Lesezeit\" \/>\n\t<meta name=\"twitter:data1\" content=\"3\u00a0Minuten\" \/>\n<script type=\"application\/ld+json\" class=\"yoast-schema-graph\">{\"@context\":\"https:\\\/\\\/schema.org\",\"@graph\":[{\"@type\":\"WebPage\",\"@id\":\"https:\\\/\\\/www.hotelirene.com\\\/de\\\/angebote\",\"url\":\"https:\\\/\\\/www.hotelirene.com\\\/de\\\/angebote\",\"name\":\"Angebote 2026 - Hotel Irene\",\"isPartOf\":{\"@id\":\"https:\\\/\\\/www.hotelirene.com\\\/#website\"},\"primaryImageOfPage\":{\"@id\":\"https:\\\/\\\/www.hotelirene.com\\\/de\\\/angebote#primaryimage\"},\"image\":{\"@id\":\"https:\\\/\\\/www.hotelirene.com\\\/de\\\/angebote#primaryimage\"},\"thumbnailUrl\":\"https:\\\/\\\/www.hotelirene.com\\\/wp-content\\\/uploads\\\/2014\\\/03\\\/ombrellone_irene.png\",\"datePublished\":\"2014-03-03T12:06:10+00:00\",\"dateModified\":\"2026-02-11T07:16:53+00:00\",\"inLanguage\":\"de\",\"potentialAction\":[{\"@type\":\"ReadAction\",\"target\":[\"https:\\\/\\\/www.hotelirene.com\\\/de\\\/angebote\"]}]},{\"@type\":\"ImageObject\",\"inLanguage\":\"de\",\"@id\":\"https:\\\/\\\/www.hotelirene.com\\\/de\\\/angebote#primaryimage\",\"url\":\"https:\\\/\\\/www.hotelirene.com\\\/wp-content\\\/uploads\\\/2014\\\/03\\\/ombrellone_irene.png\",\"contentUrl\":\"https:\\\/\\\/www.hotelirene.com\\\/wp-content\\\/uploads\\\/2014\\\/03\\\/ombrellone_irene.png\",\"width\":252,\"height\":215},{\"@type\":\"WebSite\",\"@id\":\"https:\\\/\\\/www.hotelirene.com\\\/#website\",\"url\":\"https:\\\/\\\/www.hotelirene.com\\\/\",\"name\":\"Hotel Irene\",\"description\":\"Hotel Irene\",\"publisher\":{\"@id\":\"https:\\\/\\\/www.hotelirene.com\\\/#organization\"},\"potentialAction\":[{\"@type\":\"SearchAction\",\"target\":{\"@type\":\"EntryPoint\",\"urlTemplate\":\"https:\\\/\\\/www.hotelirene.com\\\/?s={search_term_string}\"},\"query-input\":{\"@type\":\"PropertyValueSpecification\",\"valueRequired\":true,\"valueName\":\"search_term_string\"}}],\"inLanguage\":\"de\"},{\"@type\":\"Organization\",\"@id\":\"https:\\\/\\\/www.hotelirene.com\\\/#organization\",\"name\":\"HOTEL IRENE RICCIONE\",\"url\":\"https:\\\/\\\/www.hotelirene.com\\\/\",\"logo\":{\"@type\":\"ImageObject\",\"inLanguage\":\"de\",\"@id\":\"https:\\\/\\\/www.hotelirene.com\\\/#\\\/schema\\\/logo\\\/image\\\/\",\"url\":\"https:\\\/\\\/www.hotelirene.com\\\/wp-content\\\/uploads\\\/2019\\\/11\\\/IMG_20191111_162345.jpg\",\"contentUrl\":\"https:\\\/\\\/www.hotelirene.com\\\/wp-content\\\/uploads\\\/2019\\\/11\\\/IMG_20191111_162345.jpg\",\"width\":4000,\"height\":2243,\"caption\":\"HOTEL IRENE RICCIONE\"},\"image\":{\"@id\":\"https:\\\/\\\/www.hotelirene.com\\\/#\\\/schema\\\/logo\\\/image\\\/\"},\"sameAs\":[\"https:\\\/\\\/www.facebook.com\\\/HOTELIRENEriccione\",\"https:\\\/\\\/www.instagram.com\\\/hotel_irene_riccione\\\/\"]}]}<\/script>\n<!-- \/ Yoast SEO plugin. -->","yoast_head_json":{"title":"Angebote 2026 - Hotel Irene","robots":{"index":"index","follow":"follow","max-snippet":"max-snippet:-1","max-image-preview":"max-image-preview:large","max-video-preview":"max-video-preview:-1"},"canonical":"https:\/\/www.hotelirene.com\/de\/angebote","og_locale":"de_DE","og_type":"article","og_title":"Angebote 2026 - Hotel Irene","og_description":"F\u00fcr Sie und Ihre Familie haben wir f\u00fcr jeden Zeitraum ein Angebot \u2013 BESONDERE Gelegenheiten! Angebote g\u00fcltig f\u00fcr alle Zimmertypen und alle Zeitr\u00e4ume bei einem Mindestaufenthalt von 5 Tagen. Gem\u00e4\u00df Preisliste 2026. Vom 22. Mai bis 15. Juni. Eine Woche \u2013 2 Erwachsene \u2013 Vollpension: 55 \u20ac pro Person und Tag, Gesamtpreis 770 \u20ac, nur [&hellip;]","og_url":"https:\/\/www.hotelirene.com\/de\/angebote","og_site_name":"Hotel Irene","article_publisher":"https:\/\/www.facebook.com\/HOTELIRENEriccione","article_modified_time":"2026-02-11T07:16:53+00:00","og_image":[{"width":252,"height":215,"url":"https:\/\/www.hotelirene.com\/wp-content\/uploads\/2014\/03\/ombrellone_irene.png","type":"image\/png"}],"twitter_card":"summary_large_image","twitter_misc":{"Gesch\u00e4tzte Lesezeit":"3\u00a0Minuten"},"schema":{"@context":"https:\/\/schema.org","@graph":[{"@type":"WebPage","@id":"https:\/\/www.hotelirene.com\/de\/angebote","url":"https:\/\/www.hotelirene.com\/de\/angebote","name":"Angebote 2026 - Hotel Irene","isPartOf":{"@id":"https:\/\/www.hotelirene.com\/#website"},"primaryImageOfPage":{"@id":"https:\/\/www.hotelirene.com\/de\/angebote#primaryimage"},"image":{"@id":"https:\/\/www.hotelirene.com\/de\/angebote#primaryimage"},"thumbnailUrl":"https:\/\/www.hotelirene.com\/wp-content\/uploads\/2014\/03\/ombrellone_irene.png","datePublished":"2014-03-03T12:06:10+00:00","dateModified":"2026-02-11T07:16:53+00:00","inLanguage":"de","potentialAction":[{"@type":"ReadAction","target":["https:\/\/www.hotelirene.com\/de\/angebote"]}]},{"@type":"ImageObject","inLanguage":"de","@id":"https:\/\/www.hotelirene.com\/de\/angebote#primaryimage","url":"https:\/\/www.hotelirene.com\/wp-content\/uploads\/2014\/03\/ombrellone_irene.png","contentUrl":"https:\/\/www.hotelirene.com\/wp-content\/uploads\/2014\/03\/ombrellone_irene.png","width":252,"height":215},{"@type":"WebSite","@id":"https:\/\/www.hotelirene.com\/#website","url":"https:\/\/www.hotelirene.com\/","name":"Hotel Irene","description":"Hotel Irene","publisher":{"@id":"https:\/\/www.hotelirene.com\/#organization"},"potentialAction":[{"@type":"SearchAction","target":{"@type":"EntryPoint","urlTemplate":"https:\/\/www.hotelirene.com\/?s={search_term_string}"},"query-input":{"@type":"PropertyValueSpecification","valueRequired":true,"valueName":"search_term_string"}}],"inLanguage":"de"},{"@type":"Organization","@id":"https:\/\/www.hotelirene.com\/#organization","name":"HOTEL IRENE RICCIONE","url":"https:\/\/www.hotelirene.com\/","logo":{"@type":"ImageObject","inLanguage":"de","@id":"https:\/\/www.hotelirene.com\/#\/schema\/logo\/image\/","url":"https:\/\/www.hotelirene.com\/wp-content\/uploads\/2019\/11\/IMG_20191111_162345.jpg","contentUrl":"https:\/\/www.hotelirene.com\/wp-content\/uploads\/2019\/11\/IMG_20191111_162345.jpg","width":4000,"height":2243,"caption":"HOTEL IRENE RICCIONE"},"image":{"@id":"https:\/\/www.hotelirene.com\/#\/schema\/logo\/image\/"},"sameAs":["https:\/\/www.facebook.com\/HOTELIRENEriccione","https:\/\/www.instagram.com\/hotel_irene_riccione\/"]}]}},"publishpress_future_workflow_manual_trigger":{"enabledWorkflows":[]},"_links":{"self":[{"href":"https:\/\/www.hotelirene.com\/de\/wp-json\/wp\/v2\/pages\/658","targetHints":{"allow":["GET"]}}],"collection":[{"href":"https:\/\/www.hotelirene.com\/de\/wp-json\/wp\/v2\/pages"}],"about":[{"href":"https:\/\/www.hotelirene.com\/de\/wp-json\/wp\/v2\/types\/page"}],"author":[{"embeddable":true,"href":"https:\/\/www.hotelirene.com\/de\/wp-json\/wp\/v2\/users\/26"}],"replies":[{"embeddable":true,"href":"https:\/\/www.hotelirene.com\/de\/wp-json\/wp\/v2\/comments?post=658"}],"version-history":[{"count":2,"href":"https:\/\/www.hotelirene.com\/de\/wp-json\/wp\/v2\/pages\/658\/revisions"}],"predecessor-version":[{"id":4072,"href":"https:\/\/www.hotelirene.com\/de\/wp-json\/wp\/v2\/pages\/658\/revisions\/4072"}],"wp:featuredmedia":[{"embeddable":true,"href":"https:\/\/www.hotelirene.com\/de\/wp-json\/wp\/v2\/media\/1463"}],"wp:attachment":[{"href":"https:\/\/www.hotelirene.com\/de\/wp-json\/wp\/v2\/media?parent=658"}],"curies":[{"name":"wp","href":"https:\/\/api.w.org\/{rel}","templated":true}]}}