{"id":1626,"date":"2014-09-16T15:18:17","date_gmt":"2014-09-16T15:18:17","guid":{"rendered":"http:\/\/www.hotelirene.com\/?page_id=1626"},"modified":"2024-10-29T10:59:19","modified_gmt":"2024-10-29T09:59:19","slug":"parking-prive","status":"publish","type":"page","link":"https:\/\/www.hotelirene.com\/fr\/parking-prive","title":{"rendered":"Parking Prive'"},"content":{"rendered":"\n<p><strong>Pour laisser votre voiture en s\u00e9cutit\u00e9, l\u2019H\u00f4tel Irene offre aux h\u00f4tes un grand parking \u00e0 cot\u00e9 de l\u2019h\u00f4tel.<\/strong><\/p>\n\n\n<div id=\"new-royalslider-8\" class=\"royalSlider new-royalslider-8 rsDefaultInv visibleNearbySimple\" style=\"width:100%;height:400px;;\" data-rs-options='{&quot;template&quot;:&quot;default&quot;,&quot;image_generation&quot;:{&quot;imageWidth&quot;:&quot;&quot;,&quot;imageHeight&quot;:&quot;&quot;,&quot;thumbImageWidth&quot;:&quot;&quot;,&quot;thumbImageHeight&quot;:&quot;&quot;},&quot;thumbs&quot;:{&quot;thumbWidth&quot;:96,&quot;thumbHeight&quot;:72},&quot;autoPlay&quot;:{&quot;enabled&quot;:&quot;true&quot;},&quot;fullscreen&quot;:{&quot;enabled&quot;:&quot;true&quot;},&quot;visibleNearby&quot;:{&quot;enabled&quot;:&quot;true&quot;,&quot;centerArea&quot;:0.69999999999999996,&quot;breakpoint&quot;:400,&quot;breakpointCenterArea&quot;:0.90000000000000002,&quot;navigateByCenterClick&quot;:&quot;true&quot;},&quot;video&quot;:{&quot;autoHideBlocks&quot;:&quot;true&quot;},&quot;block&quot;:{&quot;moveOffset&quot;:20,&quot;speed&quot;:400,&quot;delay&quot;:200},&quot;width&quot;:&quot;100%&quot;,&quot;height&quot;:&quot;400px&quot;,&quot;autoScaleSlider&quot;:&quot;true&quot;,&quot;autoScaleSliderWidth&quot;:960,&quot;autoScaleSliderHeight&quot;:500,&quot;slidesSpacing&quot;:0,&quot;imageScaleMode&quot;:&quot;fill&quot;,&quot;arrowsNavAutoHide&quot;:&quot;false&quot;,&quot;loop&quot;:&quot;true&quot;,&quot;keyboardNavEnabled&quot;:&quot;true&quot;,&quot;fadeinLoadedSlide&quot;:&quot;false&quot;,&quot;addActiveClass&quot;:&quot;true&quot;}'>\n<div class=\"rsContent\">\n  <img decoding=\"async\" class=\"rsImg\" src=\"https:\/\/www.hotelirene.com\/wp-content\/uploads\/2014\/03\/galleria_52.jpg\" data-rsBigImg=\"https:\/\/www.hotelirene.com\/wp-content\/uploads\/2014\/03\/galleria_52.jpg\" alt=\"SONY DSC\"\/>\n  \n  \n  \n<\/div>\n<div class=\"rsContent\">\n  <img decoding=\"async\" class=\"rsImg\" src=\"https:\/\/www.hotelirene.com\/wp-content\/uploads\/2014\/02\/1014325_385604098227438_1605503427_n2.jpg\" data-rsBigImg=\"https:\/\/www.hotelirene.com\/wp-content\/uploads\/2014\/02\/1014325_385604098227438_1605503427_n2.jpg\" alt=\"1014325_385604098227438_1605503427_n\"\/>\n  \n  \n  \n<\/div>\n<div class=\"rsContent\">\n  <img decoding=\"async\" class=\"rsImg\" src=\"https:\/\/i.ytimg.com\/vi\/RUkfbLWt7kc\/sddefault.jpg\" data-rsVideo=\"https:\/\/youtube.com\/watch?v=RUkfbLWt7kc\" alt=\"Il nostro Parcheggio\"\/>\n  \n  \n  \n  <a class=\"rsLink\" href=\"https:\/\/youtube.com\/watch?v=RUkfbLWt7kc\">Il nostro Parcheggio<\/a>\n<\/div>\n<div class=\"rsContent\">\n  <img decoding=\"async\" class=\"rsImg\" src=\"https:\/\/www.hotelirene.com\/wp-content\/uploads\/2024\/10\/IMG_20240805_075808-scaled.jpg\" data-rsBigImg=\"https:\/\/www.hotelirene.com\/wp-content\/uploads\/2024\/10\/IMG_20240805_075808-scaled.jpg\" alt=\"IMG_20240805_075808\"\/>\n  \n  \n  \n<\/div>\n<div class=\"rsContent\">\n  <img decoding=\"async\" class=\"rsImg\" src=\"https:\/\/www.hotelirene.com\/wp-content\/uploads\/2024\/10\/IMG_20240730_092203-scaled.jpg\" data-rsBigImg=\"https:\/\/www.hotelirene.com\/wp-content\/uploads\/2024\/10\/IMG_20240730_092203-scaled.jpg\" alt=\"IMG_20240730_092203\"\/>\n  \n  \n  \n<\/div>\n<div class=\"rsContent\">\n  <img decoding=\"async\" class=\"rsImg\" src=\"https:\/\/www.hotelirene.com\/wp-content\/uploads\/2024\/10\/IMG_20240730_092103-scaled.jpg\" data-rsBigImg=\"https:\/\/www.hotelirene.com\/wp-content\/uploads\/2024\/10\/IMG_20240730_092103-scaled.jpg\" alt=\"IMG_20240730_092103\"\/>\n  \n  \n  \n<\/div>\n\n<\/div>\n\n\r\n","protected":false},"excerpt":{"rendered":"<p>Pour laisser votre voiture en s\u00e9cutit\u00e9, l\u2019H\u00f4tel Irene offre aux h\u00f4tes un grand parking \u00e0 cot\u00e9 de l\u2019h\u00f4tel.<\/p>\n","protected":false},"author":26,"featured_media":0,"parent":0,"menu_order":0,"comment_status":"closed","ping_status":"closed","template":"","meta":{"_monsterinsights_skip_tracking":false,"_monsterinsights_sitenote_active":false,"_monsterinsights_sitenote_note":"","_monsterinsights_sitenote_category":0,"_uf_show_specific_survey":0,"_uf_disable_surveys":false,"footnotes":""},"class_list":["post-1626","page","type-page","status-publish","hentry"],"yoast_head":"<!-- This site is optimized with the Yoast SEO plugin v27.4 - https:\/\/yoast.com\/product\/yoast-seo-wordpress\/ -->\n<title>Parking Prive&#039; - Hotel Irene<\/title>\n<meta name=\"robots\" content=\"index, follow, max-snippet:-1, max-image-preview:large, max-video-preview:-1\" \/>\n<link rel=\"canonical\" href=\"https:\/\/www.hotelirene.com\/fr\/parking-prive\" \/>\n<meta property=\"og:locale\" content=\"fr_FR\" \/>\n<meta property=\"og:type\" content=\"article\" \/>\n<meta property=\"og:title\" content=\"Parking Prive&#039; - Hotel Irene\" \/>\n<meta property=\"og:description\" content=\"Pour laisser votre voiture en s\u00e9cutit\u00e9, l\u2019H\u00f4tel Irene offre aux h\u00f4tes un grand parking \u00e0 cot\u00e9 de l\u2019h\u00f4tel.\" \/>\n<meta property=\"og:url\" content=\"https:\/\/www.hotelirene.com\/fr\/parking-prive\" \/>\n<meta property=\"og:site_name\" content=\"Hotel Irene\" \/>\n<meta property=\"article:publisher\" content=\"https:\/\/www.facebook.com\/HOTELIRENEriccione\" \/>\n<meta property=\"article:modified_time\" content=\"2024-10-29T09:59:19+00:00\" \/>\n<meta property=\"og:image\" content=\"https:\/\/www.hotelirene.com\/wp-content\/uploads\/2019\/11\/IMG_20191111_162345.jpg\" \/>\n\t<meta property=\"og:image:width\" content=\"4000\" \/>\n\t<meta property=\"og:image:height\" content=\"2243\" \/>\n\t<meta property=\"og:image:type\" content=\"image\/jpeg\" \/>\n<meta name=\"twitter:card\" content=\"summary_large_image\" \/>\n<meta name=\"twitter:label1\" content=\"Dur\u00e9e de lecture estim\u00e9e\" \/>\n\t<meta name=\"twitter:data1\" content=\"1 minute\" \/>\n<script type=\"application\/ld+json\" class=\"yoast-schema-graph\">{\"@context\":\"https:\\\/\\\/schema.org\",\"@graph\":[{\"@type\":\"WebPage\",\"@id\":\"https:\\\/\\\/www.hotelirene.com\\\/fr\\\/parking-prive\",\"url\":\"https:\\\/\\\/www.hotelirene.com\\\/fr\\\/parking-prive\",\"name\":\"Parking Prive' - Hotel Irene\",\"isPartOf\":{\"@id\":\"https:\\\/\\\/www.hotelirene.com\\\/#website\"},\"datePublished\":\"2014-09-16T15:18:17+00:00\",\"dateModified\":\"2024-10-29T09:59:19+00:00\",\"inLanguage\":\"fr-FR\",\"potentialAction\":[{\"@type\":\"ReadAction\",\"target\":[\"https:\\\/\\\/www.hotelirene.com\\\/fr\\\/parking-prive\"]}]},{\"@type\":\"WebSite\",\"@id\":\"https:\\\/\\\/www.hotelirene.com\\\/#website\",\"url\":\"https:\\\/\\\/www.hotelirene.com\\\/\",\"name\":\"Hotel Irene\",\"description\":\"Hotel Irene\",\"publisher\":{\"@id\":\"https:\\\/\\\/www.hotelirene.com\\\/#organization\"},\"potentialAction\":[{\"@type\":\"SearchAction\",\"target\":{\"@type\":\"EntryPoint\",\"urlTemplate\":\"https:\\\/\\\/www.hotelirene.com\\\/?s={search_term_string}\"},\"query-input\":{\"@type\":\"PropertyValueSpecification\",\"valueRequired\":true,\"valueName\":\"search_term_string\"}}],\"inLanguage\":\"fr-FR\"},{\"@type\":\"Organization\",\"@id\":\"https:\\\/\\\/www.hotelirene.com\\\/#organization\",\"name\":\"HOTEL IRENE RICCIONE\",\"url\":\"https:\\\/\\\/www.hotelirene.com\\\/\",\"logo\":{\"@type\":\"ImageObject\",\"inLanguage\":\"fr-FR\",\"@id\":\"https:\\\/\\\/www.hotelirene.com\\\/#\\\/schema\\\/logo\\\/image\\\/\",\"url\":\"https:\\\/\\\/www.hotelirene.com\\\/wp-content\\\/uploads\\\/2019\\\/11\\\/IMG_20191111_162345.jpg\",\"contentUrl\":\"https:\\\/\\\/www.hotelirene.com\\\/wp-content\\\/uploads\\\/2019\\\/11\\\/IMG_20191111_162345.jpg\",\"width\":4000,\"height\":2243,\"caption\":\"HOTEL IRENE RICCIONE\"},\"image\":{\"@id\":\"https:\\\/\\\/www.hotelirene.com\\\/#\\\/schema\\\/logo\\\/image\\\/\"},\"sameAs\":[\"https:\\\/\\\/www.facebook.com\\\/HOTELIRENEriccione\",\"https:\\\/\\\/www.instagram.com\\\/hotel_irene_riccione\\\/\"]}]}<\/script>\n<!-- \/ Yoast SEO plugin. -->","yoast_head_json":{"title":"Parking Prive' - Hotel Irene","robots":{"index":"index","follow":"follow","max-snippet":"max-snippet:-1","max-image-preview":"max-image-preview:large","max-video-preview":"max-video-preview:-1"},"canonical":"https:\/\/www.hotelirene.com\/fr\/parking-prive","og_locale":"fr_FR","og_type":"article","og_title":"Parking Prive' - Hotel Irene","og_description":"Pour laisser votre voiture en s\u00e9cutit\u00e9, l\u2019H\u00f4tel Irene offre aux h\u00f4tes un grand parking \u00e0 cot\u00e9 de l\u2019h\u00f4tel.","og_url":"https:\/\/www.hotelirene.com\/fr\/parking-prive","og_site_name":"Hotel Irene","article_publisher":"https:\/\/www.facebook.com\/HOTELIRENEriccione","article_modified_time":"2024-10-29T09:59:19+00:00","og_image":[{"url":"https:\/\/www.hotelirene.com\/wp-content\/uploads\/2019\/11\/IMG_20191111_162345.jpg","width":4000,"height":2243,"type":"image\/jpeg"}],"twitter_card":"summary_large_image","twitter_misc":{"Dur\u00e9e de lecture estim\u00e9e":"1 minute"},"schema":{"@context":"https:\/\/schema.org","@graph":[{"@type":"WebPage","@id":"https:\/\/www.hotelirene.com\/fr\/parking-prive","url":"https:\/\/www.hotelirene.com\/fr\/parking-prive","name":"Parking Prive' - Hotel Irene","isPartOf":{"@id":"https:\/\/www.hotelirene.com\/#website"},"datePublished":"2014-09-16T15:18:17+00:00","dateModified":"2024-10-29T09:59:19+00:00","inLanguage":"fr-FR","potentialAction":[{"@type":"ReadAction","target":["https:\/\/www.hotelirene.com\/fr\/parking-prive"]}]},{"@type":"WebSite","@id":"https:\/\/www.hotelirene.com\/#website","url":"https:\/\/www.hotelirene.com\/","name":"Hotel Irene","description":"Hotel Irene","publisher":{"@id":"https:\/\/www.hotelirene.com\/#organization"},"potentialAction":[{"@type":"SearchAction","target":{"@type":"EntryPoint","urlTemplate":"https:\/\/www.hotelirene.com\/?s={search_term_string}"},"query-input":{"@type":"PropertyValueSpecification","valueRequired":true,"valueName":"search_term_string"}}],"inLanguage":"fr-FR"},{"@type":"Organization","@id":"https:\/\/www.hotelirene.com\/#organization","name":"HOTEL IRENE RICCIONE","url":"https:\/\/www.hotelirene.com\/","logo":{"@type":"ImageObject","inLanguage":"fr-FR","@id":"https:\/\/www.hotelirene.com\/#\/schema\/logo\/image\/","url":"https:\/\/www.hotelirene.com\/wp-content\/uploads\/2019\/11\/IMG_20191111_162345.jpg","contentUrl":"https:\/\/www.hotelirene.com\/wp-content\/uploads\/2019\/11\/IMG_20191111_162345.jpg","width":4000,"height":2243,"caption":"HOTEL IRENE RICCIONE"},"image":{"@id":"https:\/\/www.hotelirene.com\/#\/schema\/logo\/image\/"},"sameAs":["https:\/\/www.facebook.com\/HOTELIRENEriccione","https:\/\/www.instagram.com\/hotel_irene_riccione\/"]}]}},"publishpress_future_workflow_manual_trigger":{"enabledWorkflows":[]},"_links":{"self":[{"href":"https:\/\/www.hotelirene.com\/fr\/wp-json\/wp\/v2\/pages\/1626","targetHints":{"allow":["GET"]}}],"collection":[{"href":"https:\/\/www.hotelirene.com\/fr\/wp-json\/wp\/v2\/pages"}],"about":[{"href":"https:\/\/www.hotelirene.com\/fr\/wp-json\/wp\/v2\/types\/page"}],"author":[{"embeddable":true,"href":"https:\/\/www.hotelirene.com\/fr\/wp-json\/wp\/v2\/users\/26"}],"replies":[{"embeddable":true,"href":"https:\/\/www.hotelirene.com\/fr\/wp-json\/wp\/v2\/comments?post=1626"}],"version-history":[{"count":0,"href":"https:\/\/www.hotelirene.com\/fr\/wp-json\/wp\/v2\/pages\/1626\/revisions"}],"wp:attachment":[{"href":"https:\/\/www.hotelirene.com\/fr\/wp-json\/wp\/v2\/media?parent=1626"}],"curies":[{"name":"wp","href":"https:\/\/api.w.org\/{rel}","templated":true}]}}