{"id":492,"date":"2014-02-20T13:10:05","date_gmt":"2014-02-20T13:10:05","guid":{"rendered":"http:\/\/hotelirene.com\/?page_id=492"},"modified":"2020-12-09T16:50:21","modified_gmt":"2020-12-09T15:50:21","slug":"etre-comme-a-la-maison","status":"publish","type":"page","link":"https:\/\/www.hotelirene.com\/fr\/etre-comme-a-la-maison","title":{"rendered":"\u00catre comme \u00e0 la maison"},"content":{"rendered":"<h4>En arrivant \u00e0 l'H\u00f4tel Irene tu trouve une <strong>atmosf\u00e8re de chaleur et tranquillit\u00e9<\/strong> et tu est entour\u00e9 de tous les conforts comme chez tois.<img loading=\"lazy\" decoding=\"async\" width=\"300\" height=\"163\" class=\"alignright size-medium wp-image-1472\" src=\"http:\/\/www.hotelirene.com\/wp-content\/uploads\/2014\/03\/ragazza_spiaggia_evidenza-300x163.jpg\" alt=\"\" srcset=\"https:\/\/www.hotelirene.com\/wp-content\/uploads\/2014\/03\/ragazza_spiaggia_evidenza-300x163.jpg 300w, https:\/\/www.hotelirene.com\/wp-content\/uploads\/2014\/03\/ragazza_spiaggia_evidenza.jpg 330w\" sizes=\"auto, (max-width: 300px) 100vw, 300px\" \/><\/h4>\n<h4>Nos h\u00f4tes et nos amis qui depis longtemps nous ont choisi pour leur vacances en parlent de cette fa\u00e7on.<\/h4>\n<h4>Laisson leur la parole; sont toujours les h\u00f4tes \u00e0 decider. Notre r\u00f4le est de leur accueillir avec le sourir,<br \/>\nles g\u00e2ter \u00e0 table, faire amuser les petits, les jeunes, les adultes et les grands parents.<\/h4>\n<h4>De generation en generation ceci est notre vocation.<\/h4>\n<div class=\"span7\"><div id=\"new-royalslider-11\" class=\"royalSlider new-royalslider-11 rsDefaultInv visibleNearbySimple\" style=\"width:100%;height:400px;;\" data-rs-options='{&quot;template&quot;:&quot;default&quot;,&quot;image_generation&quot;:{&quot;imageWidth&quot;:&quot;&quot;,&quot;imageHeight&quot;:&quot;&quot;,&quot;thumbImageWidth&quot;:&quot;&quot;,&quot;thumbImageHeight&quot;:&quot;&quot;},&quot;thumbs&quot;:{&quot;thumbWidth&quot;:96,&quot;thumbHeight&quot;:72},&quot;autoPlay&quot;:{&quot;enabled&quot;:&quot;true&quot;},&quot;fullscreen&quot;:{&quot;enabled&quot;:&quot;true&quot;},&quot;visibleNearby&quot;:{&quot;enabled&quot;:&quot;true&quot;,&quot;centerArea&quot;:0.69999999999999996,&quot;breakpoint&quot;:400,&quot;breakpointCenterArea&quot;:0.90000000000000002,&quot;navigateByCenterClick&quot;:&quot;true&quot;},&quot;video&quot;:{&quot;autoHideBlocks&quot;:&quot;true&quot;},&quot;block&quot;:{&quot;moveOffset&quot;:20,&quot;speed&quot;:400,&quot;delay&quot;:200},&quot;width&quot;:&quot;100%&quot;,&quot;height&quot;:&quot;400px&quot;,&quot;autoScaleSlider&quot;:&quot;true&quot;,&quot;autoScaleSliderWidth&quot;:960,&quot;autoScaleSliderHeight&quot;:500,&quot;slidesSpacing&quot;:0,&quot;imageScaleMode&quot;:&quot;fill&quot;,&quot;arrowsNavAutoHide&quot;:&quot;false&quot;,&quot;loop&quot;:&quot;true&quot;,&quot;keyboardNavEnabled&quot;:&quot;true&quot;,&quot;fadeinLoadedSlide&quot;:&quot;false&quot;,&quot;addActiveClass&quot;:&quot;true&quot;}'>\n<div class=\"rsContent\">\n  <img decoding=\"async\" class=\"rsImg\" src=\"https:\/\/www.hotelirene.com\/wp-content\/uploads\/2014\/03\/1001506_388542194600295_974842718_n.jpg\" data-rsBigImg=\"https:\/\/www.hotelirene.com\/wp-content\/uploads\/2014\/03\/1001506_388542194600295_974842718_n.jpg\" alt=\"1001506_388542194600295_974842718_n\"\/>\n  \n  \n  \n<\/div>\n<div class=\"rsContent\">\n  <img decoding=\"async\" class=\"rsImg\" src=\"https:\/\/i.ytimg.com\/vi\/yvy1B2Tdy8o\/sddefault.jpg\" data-rsVideo=\"https:\/\/youtube.com\/watch?v=yvy1B2Tdy8o\" alt=\"Party Estate 2025\"\/>\n  \n  \n  \n<\/div>\n<div class=\"rsContent\">\n  <img decoding=\"async\" class=\"rsImg\" src=\"https:\/\/www.hotelirene.com\/wp-content\/uploads\/2018\/12\/FB_IMG_1544695826074.jpg\" data-rsBigImg=\"https:\/\/www.hotelirene.com\/wp-content\/uploads\/2018\/12\/FB_IMG_1544695826074.jpg\" alt=\"FB_IMG_1544695826074\"\/>\n  \n  \n  \n<\/div>\n<div class=\"rsContent\">\n  <img decoding=\"async\" class=\"rsImg\" src=\"https:\/\/i.ytimg.com\/vi\/20DRfNfDpCQ\/sddefault.jpg\" data-rsVideo=\"https:\/\/youtube.com\/watch?v=20DRfNfDpCQ\" alt=\"La Torta 2023\"\/>\n  \n  \n  \n<\/div>\n<div class=\"rsContent\">\n  <img decoding=\"async\" class=\"rsImg\" src=\"https:\/\/www.hotelirene.com\/wp-content\/uploads\/2014\/03\/546776_394680940653087_145725713_n.jpg\" data-rsBigImg=\"https:\/\/www.hotelirene.com\/wp-content\/uploads\/2014\/03\/546776_394680940653087_145725713_n.jpg\" alt=\"546776_394680940653087_145725713_n\"\/>\n  \n  \n  \n<\/div>\n<div class=\"rsContent\">\n  <img decoding=\"async\" class=\"rsImg\" src=\"https:\/\/i.ytimg.com\/vi\/oGthwzak11I\/sddefault.jpg\" data-rsVideo=\"https:\/\/youtube.com\/watch?v=oGthwzak11I\" alt=\"Colazione Irene\"\/>\n  \n  \n  \n<\/div>\n<div class=\"rsContent\">\n  <img decoding=\"async\" class=\"rsImg\" src=\"https:\/\/www.hotelirene.com\/wp-content\/uploads\/2014\/03\/934617_396297067158141_2044525912_n.jpg\" data-rsBigImg=\"https:\/\/www.hotelirene.com\/wp-content\/uploads\/2014\/03\/934617_396297067158141_2044525912_n.jpg\" alt=\"934617_396297067158141_2044525912_n\"\/>\n  \n  \n  \n<\/div>\n<div class=\"rsContent\">\n  <img decoding=\"async\" class=\"rsImg\" src=\"https:\/\/www.hotelirene.com\/wp-content\/uploads\/2014\/03\/941403_386549734799541_1971226150_n.jpg\" data-rsBigImg=\"https:\/\/www.hotelirene.com\/wp-content\/uploads\/2014\/03\/941403_386549734799541_1971226150_n.jpg\" alt=\"941403_386549734799541_1971226150_n\"\/>\n  \n  \n  \n<\/div>\n<div class=\"rsContent\">\n  <img decoding=\"async\" class=\"rsImg\" src=\"https:\/\/www.hotelirene.com\/wp-content\/uploads\/2014\/03\/941486_376832509104597_647250257_n.jpg\" data-rsBigImg=\"https:\/\/www.hotelirene.com\/wp-content\/uploads\/2014\/03\/941486_376832509104597_647250257_n.jpg\" alt=\"941486_376832509104597_647250257_n\"\/>\n  \n  \n  \n<\/div>\n<div class=\"rsContent\">\n  <img decoding=\"async\" class=\"rsImg\" src=\"https:\/\/www.hotelirene.com\/wp-content\/uploads\/2014\/03\/943201_385374514917063_177519493_n.jpg\" data-rsBigImg=\"https:\/\/www.hotelirene.com\/wp-content\/uploads\/2014\/03\/943201_385374514917063_177519493_n.jpg\" alt=\"943201_385374514917063_177519493_n\"\/>\n  \n  \n  \n<\/div>\n<div class=\"rsContent\">\n  <img decoding=\"async\" class=\"rsImg\" src=\"https:\/\/www.hotelirene.com\/wp-content\/uploads\/2014\/03\/971250_381940871927094_915760183_n.jpg\" data-rsBigImg=\"https:\/\/www.hotelirene.com\/wp-content\/uploads\/2014\/03\/971250_381940871927094_915760183_n.jpg\" alt=\"971250_381940871927094_915760183_n\"\/>\n  \n  \n  \n<\/div>\n<div class=\"rsContent\">\n  <img decoding=\"async\" class=\"rsImg\" src=\"https:\/\/www.hotelirene.com\/wp-content\/uploads\/2014\/03\/971263_382791101842071_768218249_n.jpg\" data-rsBigImg=\"https:\/\/www.hotelirene.com\/wp-content\/uploads\/2014\/03\/971263_382791101842071_768218249_n.jpg\" alt=\"971263_382791101842071_768218249_n\"\/>\n  \n  \n  \n<\/div>\n<div class=\"rsContent\">\n  <img decoding=\"async\" class=\"rsImg\" src=\"https:\/\/www.hotelirene.com\/wp-content\/uploads\/2014\/03\/994527_390223471098834_489937973_n.jpg\" data-rsBigImg=\"https:\/\/www.hotelirene.com\/wp-content\/uploads\/2014\/03\/994527_390223471098834_489937973_n.jpg\" alt=\"994527_390223471098834_489937973_n\"\/>\n  \n  \n  \n<\/div>\n<div class=\"rsContent\">\n  <img decoding=\"async\" class=\"rsImg\" src=\"https:\/\/www.hotelirene.com\/wp-content\/uploads\/2014\/03\/1000456_403423369778844_1067516582_n.jpg\" data-rsBigImg=\"https:\/\/www.hotelirene.com\/wp-content\/uploads\/2014\/03\/1000456_403423369778844_1067516582_n.jpg\" alt=\"1000456_403423369778844_1067516582_n\"\/>\n  \n  \n  \n<\/div>\n<div class=\"rsContent\">\n  <img decoding=\"async\" class=\"rsImg\" src=\"https:\/\/www.hotelirene.com\/wp-content\/uploads\/2014\/03\/1000518_400835216704326_115120747_n.jpg\" data-rsBigImg=\"https:\/\/www.hotelirene.com\/wp-content\/uploads\/2014\/03\/1000518_400835216704326_115120747_n.jpg\" alt=\"1000518_400835216704326_115120747_n\"\/>\n  \n  \n  \n<\/div>\n<div class=\"rsContent\">\n  <img decoding=\"async\" class=\"rsImg\" src=\"https:\/\/www.hotelirene.com\/wp-content\/uploads\/2014\/03\/1002880_408880689233112_161426879_n.jpg\" data-rsBigImg=\"https:\/\/www.hotelirene.com\/wp-content\/uploads\/2014\/03\/1002880_408880689233112_161426879_n.jpg\" alt=\"1002880_408880689233112_161426879_n\"\/>\n  \n  \n  \n<\/div>\n<div class=\"rsContent\">\n  <img decoding=\"async\" class=\"rsImg\" src=\"https:\/\/www.hotelirene.com\/wp-content\/uploads\/2014\/03\/1003814_390081974446317_1120084197_n.jpg\" data-rsBigImg=\"https:\/\/www.hotelirene.com\/wp-content\/uploads\/2014\/03\/1003814_390081974446317_1120084197_n.jpg\" alt=\"1003814_390081974446317_1120084197_n\"\/>\n  \n  \n  \n<\/div>\n<div class=\"rsContent\">\n  <img decoding=\"async\" class=\"rsImg\" src=\"https:\/\/www.hotelirene.com\/wp-content\/uploads\/2014\/03\/1017679_400251413429373_83199533_n.jpg\" data-rsBigImg=\"https:\/\/www.hotelirene.com\/wp-content\/uploads\/2014\/03\/1017679_400251413429373_83199533_n.jpg\" alt=\"1017679_400251413429373_83199533_n\"\/>\n  \n  \n  \n<\/div>\n<div class=\"rsContent\">\n  <img decoding=\"async\" class=\"rsImg\" src=\"https:\/\/www.hotelirene.com\/wp-content\/uploads\/2014\/03\/1157632_413690388752142_287262981_n.jpg\" data-rsBigImg=\"https:\/\/www.hotelirene.com\/wp-content\/uploads\/2014\/03\/1157632_413690388752142_287262981_n.jpg\" alt=\"1157632_413690388752142_287262981_n\"\/>\n  \n  \n  \n<\/div>\n<div class=\"rsContent\">\n  <img decoding=\"async\" class=\"rsImg\" src=\"https:\/\/www.hotelirene.com\/wp-content\/uploads\/2014\/03\/1176289_413254452129069_580376052_n.jpg\" data-rsBigImg=\"https:\/\/www.hotelirene.com\/wp-content\/uploads\/2014\/03\/1176289_413254452129069_580376052_n.jpg\" alt=\"1176289_413254452129069_580376052_n\"\/>\n  \n  \n  \n<\/div>\n<div class=\"rsContent\">\n  <img decoding=\"async\" class=\"rsImg\" src=\"https:\/\/www.hotelirene.com\/wp-content\/uploads\/2014\/03\/1175028_413747655413082_895181251_n.jpg\" data-rsBigImg=\"https:\/\/www.hotelirene.com\/wp-content\/uploads\/2014\/03\/1175028_413747655413082_895181251_n.jpg\" alt=\"1175028_413747655413082_895181251_n\"\/>\n  \n  \n  \n<\/div>\n<div class=\"rsContent\">\n  <img decoding=\"async\" class=\"rsImg\" src=\"https:\/\/www.hotelirene.com\/wp-content\/uploads\/2014\/03\/1174688_413692775418570_515532909_n.jpg\" data-rsBigImg=\"https:\/\/www.hotelirene.com\/wp-content\/uploads\/2014\/03\/1174688_413692775418570_515532909_n.jpg\" alt=\"1174688_413692775418570_515532909_n\"\/>\n  \n  \n  \n<\/div>\n<div class=\"rsContent\">\n  <img decoding=\"async\" class=\"rsImg\" src=\"https:\/\/www.hotelirene.com\/wp-content\/uploads\/2014\/03\/1184910_413023998818781_751953548_n.jpg\" data-rsBigImg=\"https:\/\/www.hotelirene.com\/wp-content\/uploads\/2014\/03\/1184910_413023998818781_751953548_n.jpg\" alt=\"1184910_413023998818781_751953548_n\"\/>\n  \n  \n  \n<\/div>\n<div class=\"rsContent\">\n  <img decoding=\"async\" class=\"rsImg\" src=\"https:\/\/www.hotelirene.com\/wp-content\/uploads\/2014\/03\/71598_397317463722768_1136022081_n.jpg\" data-rsBigImg=\"https:\/\/www.hotelirene.com\/wp-content\/uploads\/2014\/03\/71598_397317463722768_1136022081_n.jpg\" alt=\"71598_397317463722768_1136022081_n\"\/>\n  \n  \n  \n<\/div>\n<div class=\"rsContent\">\n  <img decoding=\"async\" class=\"rsImg\" src=\"https:\/\/www.hotelirene.com\/wp-content\/uploads\/2014\/03\/1185538_413705658750615_43168180_n.jpg\" data-rsBigImg=\"https:\/\/www.hotelirene.com\/wp-content\/uploads\/2014\/03\/1185538_413705658750615_43168180_n.jpg\" alt=\"1185538_413705658750615_43168180_n\"\/>\n  \n  \n  \n<\/div>\n<div class=\"rsContent\">\n  <img decoding=\"async\" class=\"rsImg\" src=\"https:\/\/www.hotelirene.com\/wp-content\/uploads\/2014\/03\/1233960_417962681658246_1272356629_n.jpg\" data-rsBigImg=\"https:\/\/www.hotelirene.com\/wp-content\/uploads\/2014\/03\/1233960_417962681658246_1272356629_n.jpg\" alt=\"1233960_417962681658246_1272356629_n\"\/>\n  \n  \n  \n<\/div>\n\n<\/div>\n\u00a0<\/div><div class=\"span4 \">\n<div class=\"post-row\"><div class=\"post\"><div class=\"textshort\">\n<p><strong><i>\u201cRiccione = Irene\u201d<\/i><\/strong><\/p>\n<p><i>Je\u00a0 fr\u00e9quente l'H\u00f4tel Irene depuis 43 ans.<\/i><\/p>\n<p><i style=\"line-height: 1.5em;\">le sourire et la gentillesse qui les caract\u00e9risent.\u00a0 ( la mythique famille Giungi) \u00a0J'ai connu les grands-parents, les enfants et aujourd'hui les petits-enfants. On est comme \u00e0 la maison. Les chambres sont simples et tr\u00e8s propres. J'y ai pass\u00e9 mes vacances \u00e9tant enfant, jeune fille, puis maman. Pour moi Riccione, c'est l'H\u00f4tel Irene\u00a0!\"\u00a0 ( Tripadvisor)<\/i><\/p>\n<p><i style=\"line-height: 1.5em;\">(silvia_mi-bg su<strong> Tripadvisor<\/strong>)<\/i><\/p>\n<\/div><\/div><\/div><\/div>\n","protected":false},"excerpt":{"rendered":"<p>En arrivant \u00e0 l'H\u00f4tel Irene tu trouve une atmosf\u00e8re de chaleur et tranquillit\u00e9 et tu est entour\u00e9 de tous les conforts comme chez tois. Nos h\u00f4tes et nos amis qui depis longtemps nous ont choisi pour leur vacances en parlent de cette fa\u00e7on. Laisson leur la parole; sont toujours les h\u00f4tes \u00e0 decider. Notre r\u00f4le [&hellip;]<\/p>\n","protected":false},"author":26,"featured_media":0,"parent":0,"menu_order":0,"comment_status":"closed","ping_status":"open","template":"","meta":{"_monsterinsights_skip_tracking":false,"_monsterinsights_sitenote_active":false,"_monsterinsights_sitenote_note":"","_monsterinsights_sitenote_category":0,"_uf_show_specific_survey":0,"_uf_disable_surveys":false,"footnotes":""},"class_list":["post-492","page","type-page","status-publish","hentry"],"yoast_head":"<!-- This site is optimized with the Yoast SEO plugin v27.3 - https:\/\/yoast.com\/product\/yoast-seo-wordpress\/ -->\n<title>\u00catre comme \u00e0 la maison - Hotel Irene<\/title>\n<meta name=\"robots\" content=\"index, follow, max-snippet:-1, max-image-preview:large, max-video-preview:-1\" \/>\n<link rel=\"canonical\" href=\"https:\/\/www.hotelirene.com\/fr\/etre-comme-a-la-maison.html\" \/>\n<meta property=\"og:locale\" content=\"fr_FR\" \/>\n<meta property=\"og:type\" content=\"article\" \/>\n<meta property=\"og:title\" content=\"\u00catre comme \u00e0 la maison - Hotel Irene\" \/>\n<meta property=\"og:description\" content=\"En arrivant \u00e0 l&#039;H\u00f4tel Irene tu trouve une atmosf\u00e8re de chaleur et tranquillit\u00e9 et tu est entour\u00e9 de tous les conforts comme chez tois. Nos h\u00f4tes et nos amis qui depis longtemps nous ont choisi pour leur vacances en parlent de cette fa\u00e7on. Laisson leur la parole; sont toujours les h\u00f4tes \u00e0 decider. Notre r\u00f4le [&hellip;]\" \/>\n<meta property=\"og:url\" content=\"https:\/\/www.hotelirene.com\/fr\/etre-comme-a-la-maison.html\" \/>\n<meta property=\"og:site_name\" content=\"Hotel Irene\" \/>\n<meta property=\"article:publisher\" content=\"https:\/\/www.facebook.com\/HOTELIRENEriccione\" \/>\n<meta property=\"article:modified_time\" content=\"2020-12-09T15:50:21+00:00\" \/>\n<meta property=\"og:image\" content=\"http:\/\/www.hotelirene.com\/wp-content\/uploads\/2014\/03\/ragazza_spiaggia_evidenza-300x163.jpg\" \/>\n<meta name=\"twitter:card\" content=\"summary_large_image\" \/>\n<meta name=\"twitter:label1\" content=\"Dur\u00e9e de lecture estim\u00e9e\" \/>\n\t<meta name=\"twitter:data1\" content=\"1 minute\" \/>\n<script type=\"application\/ld+json\" class=\"yoast-schema-graph\">{\"@context\":\"https:\\\/\\\/schema.org\",\"@graph\":[{\"@type\":\"WebPage\",\"@id\":\"https:\\\/\\\/www.hotelirene.com\\\/fr\\\/etre-comme-a-la-maison.html\",\"url\":\"https:\\\/\\\/www.hotelirene.com\\\/fr\\\/etre-comme-a-la-maison.html\",\"name\":\"\u00catre comme \u00e0 la maison - Hotel Irene\",\"isPartOf\":{\"@id\":\"https:\\\/\\\/www.hotelirene.com\\\/#website\"},\"primaryImageOfPage\":{\"@id\":\"https:\\\/\\\/www.hotelirene.com\\\/fr\\\/etre-comme-a-la-maison.html#primaryimage\"},\"image\":{\"@id\":\"https:\\\/\\\/www.hotelirene.com\\\/fr\\\/etre-comme-a-la-maison.html#primaryimage\"},\"thumbnailUrl\":\"http:\\\/\\\/www.hotelirene.com\\\/wp-content\\\/uploads\\\/2014\\\/03\\\/ragazza_spiaggia_evidenza-300x163.jpg\",\"datePublished\":\"2014-02-20T13:10:05+00:00\",\"dateModified\":\"2020-12-09T15:50:21+00:00\",\"inLanguage\":\"fr-FR\",\"potentialAction\":[{\"@type\":\"ReadAction\",\"target\":[\"https:\\\/\\\/www.hotelirene.com\\\/fr\\\/etre-comme-a-la-maison.html\"]}]},{\"@type\":\"ImageObject\",\"inLanguage\":\"fr-FR\",\"@id\":\"https:\\\/\\\/www.hotelirene.com\\\/fr\\\/etre-comme-a-la-maison.html#primaryimage\",\"url\":\"http:\\\/\\\/www.hotelirene.com\\\/wp-content\\\/uploads\\\/2014\\\/03\\\/ragazza_spiaggia_evidenza-300x163.jpg\",\"contentUrl\":\"http:\\\/\\\/www.hotelirene.com\\\/wp-content\\\/uploads\\\/2014\\\/03\\\/ragazza_spiaggia_evidenza-300x163.jpg\"},{\"@type\":\"WebSite\",\"@id\":\"https:\\\/\\\/www.hotelirene.com\\\/#website\",\"url\":\"https:\\\/\\\/www.hotelirene.com\\\/\",\"name\":\"Hotel Irene\",\"description\":\"Hotel Irene\",\"publisher\":{\"@id\":\"https:\\\/\\\/www.hotelirene.com\\\/#organization\"},\"potentialAction\":[{\"@type\":\"SearchAction\",\"target\":{\"@type\":\"EntryPoint\",\"urlTemplate\":\"https:\\\/\\\/www.hotelirene.com\\\/?s={search_term_string}\"},\"query-input\":{\"@type\":\"PropertyValueSpecification\",\"valueRequired\":true,\"valueName\":\"search_term_string\"}}],\"inLanguage\":\"fr-FR\"},{\"@type\":\"Organization\",\"@id\":\"https:\\\/\\\/www.hotelirene.com\\\/#organization\",\"name\":\"HOTEL IRENE RICCIONE\",\"url\":\"https:\\\/\\\/www.hotelirene.com\\\/\",\"logo\":{\"@type\":\"ImageObject\",\"inLanguage\":\"fr-FR\",\"@id\":\"https:\\\/\\\/www.hotelirene.com\\\/#\\\/schema\\\/logo\\\/image\\\/\",\"url\":\"https:\\\/\\\/www.hotelirene.com\\\/wp-content\\\/uploads\\\/2019\\\/11\\\/IMG_20191111_162345.jpg\",\"contentUrl\":\"https:\\\/\\\/www.hotelirene.com\\\/wp-content\\\/uploads\\\/2019\\\/11\\\/IMG_20191111_162345.jpg\",\"width\":4000,\"height\":2243,\"caption\":\"HOTEL IRENE RICCIONE\"},\"image\":{\"@id\":\"https:\\\/\\\/www.hotelirene.com\\\/#\\\/schema\\\/logo\\\/image\\\/\"},\"sameAs\":[\"https:\\\/\\\/www.facebook.com\\\/HOTELIRENEriccione\",\"https:\\\/\\\/www.instagram.com\\\/hotel_irene_riccione\\\/\"]}]}<\/script>\n<!-- \/ Yoast SEO plugin. -->","yoast_head_json":{"title":"\u00catre comme \u00e0 la maison - Hotel Irene","robots":{"index":"index","follow":"follow","max-snippet":"max-snippet:-1","max-image-preview":"max-image-preview:large","max-video-preview":"max-video-preview:-1"},"canonical":"https:\/\/www.hotelirene.com\/fr\/etre-comme-a-la-maison.html","og_locale":"fr_FR","og_type":"article","og_title":"\u00catre comme \u00e0 la maison - Hotel Irene","og_description":"En arrivant \u00e0 l'H\u00f4tel Irene tu trouve une atmosf\u00e8re de chaleur et tranquillit\u00e9 et tu est entour\u00e9 de tous les conforts comme chez tois. Nos h\u00f4tes et nos amis qui depis longtemps nous ont choisi pour leur vacances en parlent de cette fa\u00e7on. Laisson leur la parole; sont toujours les h\u00f4tes \u00e0 decider. Notre r\u00f4le [&hellip;]","og_url":"https:\/\/www.hotelirene.com\/fr\/etre-comme-a-la-maison.html","og_site_name":"Hotel Irene","article_publisher":"https:\/\/www.facebook.com\/HOTELIRENEriccione","article_modified_time":"2020-12-09T15:50:21+00:00","og_image":[{"url":"http:\/\/www.hotelirene.com\/wp-content\/uploads\/2014\/03\/ragazza_spiaggia_evidenza-300x163.jpg","type":"","width":"","height":""}],"twitter_card":"summary_large_image","twitter_misc":{"Dur\u00e9e de lecture estim\u00e9e":"1 minute"},"schema":{"@context":"https:\/\/schema.org","@graph":[{"@type":"WebPage","@id":"https:\/\/www.hotelirene.com\/fr\/etre-comme-a-la-maison.html","url":"https:\/\/www.hotelirene.com\/fr\/etre-comme-a-la-maison.html","name":"\u00catre comme \u00e0 la maison - Hotel Irene","isPartOf":{"@id":"https:\/\/www.hotelirene.com\/#website"},"primaryImageOfPage":{"@id":"https:\/\/www.hotelirene.com\/fr\/etre-comme-a-la-maison.html#primaryimage"},"image":{"@id":"https:\/\/www.hotelirene.com\/fr\/etre-comme-a-la-maison.html#primaryimage"},"thumbnailUrl":"http:\/\/www.hotelirene.com\/wp-content\/uploads\/2014\/03\/ragazza_spiaggia_evidenza-300x163.jpg","datePublished":"2014-02-20T13:10:05+00:00","dateModified":"2020-12-09T15:50:21+00:00","inLanguage":"fr-FR","potentialAction":[{"@type":"ReadAction","target":["https:\/\/www.hotelirene.com\/fr\/etre-comme-a-la-maison.html"]}]},{"@type":"ImageObject","inLanguage":"fr-FR","@id":"https:\/\/www.hotelirene.com\/fr\/etre-comme-a-la-maison.html#primaryimage","url":"http:\/\/www.hotelirene.com\/wp-content\/uploads\/2014\/03\/ragazza_spiaggia_evidenza-300x163.jpg","contentUrl":"http:\/\/www.hotelirene.com\/wp-content\/uploads\/2014\/03\/ragazza_spiaggia_evidenza-300x163.jpg"},{"@type":"WebSite","@id":"https:\/\/www.hotelirene.com\/#website","url":"https:\/\/www.hotelirene.com\/","name":"Hotel Irene","description":"Hotel Irene","publisher":{"@id":"https:\/\/www.hotelirene.com\/#organization"},"potentialAction":[{"@type":"SearchAction","target":{"@type":"EntryPoint","urlTemplate":"https:\/\/www.hotelirene.com\/?s={search_term_string}"},"query-input":{"@type":"PropertyValueSpecification","valueRequired":true,"valueName":"search_term_string"}}],"inLanguage":"fr-FR"},{"@type":"Organization","@id":"https:\/\/www.hotelirene.com\/#organization","name":"HOTEL IRENE RICCIONE","url":"https:\/\/www.hotelirene.com\/","logo":{"@type":"ImageObject","inLanguage":"fr-FR","@id":"https:\/\/www.hotelirene.com\/#\/schema\/logo\/image\/","url":"https:\/\/www.hotelirene.com\/wp-content\/uploads\/2019\/11\/IMG_20191111_162345.jpg","contentUrl":"https:\/\/www.hotelirene.com\/wp-content\/uploads\/2019\/11\/IMG_20191111_162345.jpg","width":4000,"height":2243,"caption":"HOTEL IRENE RICCIONE"},"image":{"@id":"https:\/\/www.hotelirene.com\/#\/schema\/logo\/image\/"},"sameAs":["https:\/\/www.facebook.com\/HOTELIRENEriccione","https:\/\/www.instagram.com\/hotel_irene_riccione\/"]}]}},"publishpress_future_workflow_manual_trigger":{"enabledWorkflows":[]},"_links":{"self":[{"href":"https:\/\/www.hotelirene.com\/fr\/wp-json\/wp\/v2\/pages\/492","targetHints":{"allow":["GET"]}}],"collection":[{"href":"https:\/\/www.hotelirene.com\/fr\/wp-json\/wp\/v2\/pages"}],"about":[{"href":"https:\/\/www.hotelirene.com\/fr\/wp-json\/wp\/v2\/types\/page"}],"author":[{"embeddable":true,"href":"https:\/\/www.hotelirene.com\/fr\/wp-json\/wp\/v2\/users\/26"}],"replies":[{"embeddable":true,"href":"https:\/\/www.hotelirene.com\/fr\/wp-json\/wp\/v2\/comments?post=492"}],"version-history":[{"count":0,"href":"https:\/\/www.hotelirene.com\/fr\/wp-json\/wp\/v2\/pages\/492\/revisions"}],"wp:attachment":[{"href":"https:\/\/www.hotelirene.com\/fr\/wp-json\/wp\/v2\/media?parent=492"}],"curies":[{"name":"wp","href":"https:\/\/api.w.org\/{rel}","templated":true}]}}