{"id":502,"date":"2014-02-20T13:30:45","date_gmt":"2014-02-20T13:30:45","guid":{"rendered":"http:\/\/hotelirene.com\/?page_id=502"},"modified":"2019-11-08T09:09:05","modified_gmt":"2019-11-08T08:09:05","slug":"services","status":"publish","type":"page","link":"https:\/\/www.hotelirene.com\/fr\/services","title":{"rendered":"Services &#038; Beach Village"},"content":{"rendered":"<p>La proverbiale cordialit\u00e9 de la Romagna, unie \u00e0 la condution familiale et les meilleures services \u00e0 2 \u00e9toiles, font<br \/>\nde l'Hotel Irene, une sistemation simple et confortable.<\/p>\n<p><b>\u00a0\u00a0\u00a0\u00a0<\/b><b> <\/b><strong>services pour tous\u00a0<\/strong><\/p>\n<p><span style=\"font-size: large;\"><b><span lang=\"fr\"> H\u00f4tel Enti\u00e8rement Climatis\u00e9<\/span><\/b><\/span><\/p>\n<ul>\n<li>Bar<\/li>\n<li>Tv-Sat<\/li>\n<li>Ascenseur<\/li>\n<li><b>Jardin ombrag\u00e9<\/b><\/li>\n<li>Grand parking priv\u00e9<\/li>\n<li><b>Wi-Fi gratuit<\/b><\/li>\n<li>Salle \u00e0 manger climatis\u00e9e<\/li>\n<li>V\u00e9los \u00e0 disposition<\/li>\n<li>Cabines \u00e0 la plage<\/li>\n<li>Late chek-out<\/li>\n<li>Chaque jour vous pouvez choisir parmi\u00a0 nombreuses\u00a0 alternatives que nous mettons \u00e0 votre disposition. Pour\u00a0 l\u2019 amusement de toute la famille nous vous offrons acc\u00e9s libre et illimit\u00e9\u00a0 au Beach-Village de Riccione. Un parc aquatique\u00a0 directement sur la plage.<\/li>\n<\/ul>\n<div>\n<div>\n<div>\n<div>\n<div>\n<div>\n<div>\n<div>\n<div>\n<div>\u00a0\u00a0\u00a0\u00a0\u00a0\u00a0\u00a0\u00a0 <strong>Restaurant \u00a0\u00a0<\/strong><\/div>\n<ul>\n<li>Buffet de petit d\u00e9jeuner<\/li>\n<li>Caffetteria self-service<\/li>\n<li>2 menus au choix<\/li>\n<li>Buffet de salade et de legumes<\/li>\n<li>Possibilit\u00e9 de cuisine sans glutin<\/li>\n<\/ul>\n<\/div>\n<\/div>\n<\/div>\n<\/div>\n<\/div>\n<p><strong>\u00a0\u00a0\u00a0\u00a0\u00a0 Pour votre confort dans les chambres<\/strong><\/p>\n<p><strong>Air Conditionn\u00e9<\/strong><\/p>\n<\/div>\n<ul>\n<li>Services et douche<\/li>\n<li>Balcon<\/li>\n<li>TV-SAT<\/li>\n<li>Free wi-fi<\/li>\n<li>Coffre-fort<\/li>\n<li>T\u00e9l\u00e9phon<\/li>\n<li>Ventilateur au plafond<\/li>\n<\/ul>\n<\/div>\n<p><strong>\u00a0 \u00a0 Pour les enfants<\/strong><\/p>\n<\/div>\n<ul>\n<li>Petits lits -\u00a0 berceaux -\u00a0 chaises pour enfants - horaires flexibles au restaurant<\/li>\n<li>Grand jardin ou ils peuvent jouer librement.<\/li>\n<\/ul>\n<p>&nbsp;<\/p>\n<div class=\"span7\"><div id=\"new-royalslider-5\" class=\"royalSlider new-royalslider-5 rsDefaultInv visibleNearbySimple\" style=\"width:100%;height:400px;;\" data-rs-options='{&quot;template&quot;:&quot;default&quot;,&quot;image_generation&quot;:{&quot;imageWidth&quot;:&quot;&quot;,&quot;imageHeight&quot;:&quot;&quot;,&quot;thumbImageWidth&quot;:&quot;&quot;,&quot;thumbImageHeight&quot;:&quot;&quot;},&quot;thumbs&quot;:{&quot;thumbWidth&quot;:96,&quot;thumbHeight&quot;:72},&quot;autoPlay&quot;:{&quot;enabled&quot;:&quot;true&quot;},&quot;fullscreen&quot;:{&quot;enabled&quot;:&quot;true&quot;},&quot;visibleNearby&quot;:{&quot;enabled&quot;:&quot;true&quot;,&quot;centerArea&quot;:0.69999999999999996,&quot;breakpoint&quot;:400,&quot;breakpointCenterArea&quot;:0.90000000000000002,&quot;navigateByCenterClick&quot;:&quot;true&quot;},&quot;video&quot;:{&quot;autoHideBlocks&quot;:&quot;true&quot;},&quot;block&quot;:{&quot;moveOffset&quot;:20,&quot;speed&quot;:400,&quot;delay&quot;:200},&quot;width&quot;:&quot;100%&quot;,&quot;height&quot;:&quot;400px&quot;,&quot;autoScaleSlider&quot;:&quot;true&quot;,&quot;autoScaleSliderWidth&quot;:960,&quot;autoScaleSliderHeight&quot;:500,&quot;slidesSpacing&quot;:0,&quot;imageScaleMode&quot;:&quot;fill&quot;,&quot;arrowsNavAutoHide&quot;:&quot;false&quot;,&quot;loop&quot;:&quot;true&quot;,&quot;keyboardNavEnabled&quot;:&quot;true&quot;,&quot;fadeinLoadedSlide&quot;:&quot;false&quot;,&quot;addActiveClass&quot;:&quot;true&quot;}'>\n<div class=\"rsContent\">\n  <img decoding=\"async\" class=\"rsImg\" src=\"https:\/\/www.hotelirene.com\/wp-content\/uploads\/2014\/02\/1014325_385604098227438_1605503427_n.jpg\" data-rsBigImg=\"https:\/\/www.hotelirene.com\/wp-content\/uploads\/2014\/02\/1014325_385604098227438_1605503427_n.jpg\" alt=\"1014325_385604098227438_1605503427_n\"\/>\n  \n  \n  \n<\/div>\n<div class=\"rsContent\">\n  <img decoding=\"async\" class=\"rsImg\" src=\"https:\/\/www.hotelirene.com\/wp-content\/uploads\/2014\/02\/71598_397317463722768_1136022081_n1.jpg\" data-rsBigImg=\"https:\/\/www.hotelirene.com\/wp-content\/uploads\/2014\/02\/71598_397317463722768_1136022081_n1.jpg\" alt=\"71598_397317463722768_1136022081_n\"\/>\n  \n  \n  \n<\/div>\n<div class=\"rsContent\">\n  <img decoding=\"async\" class=\"rsImg\" src=\"https:\/\/www.hotelirene.com\/wp-content\/uploads\/2014\/03\/areascivolobimbi.jpg\" data-rsBigImg=\"https:\/\/www.hotelirene.com\/wp-content\/uploads\/2014\/03\/areascivolobimbi.jpg\" alt=\"areascivolobimbi\"\/>\n  \n  \n  \n<\/div>\n<div class=\"rsContent\">\n  <img decoding=\"async\" class=\"rsImg\" src=\"https:\/\/www.hotelirene.com\/wp-content\/uploads\/2014\/03\/20130528161717-140.jpg\" data-rsBigImg=\"https:\/\/www.hotelirene.com\/wp-content\/uploads\/2014\/03\/20130528161717-140.jpg\" alt=\"20130528161717-140\"\/>\n  \n  \n  \n<\/div>\n<div class=\"rsContent\">\n  <img decoding=\"async\" class=\"rsImg\" src=\"https:\/\/www.hotelirene.com\/wp-content\/uploads\/2014\/03\/Acquascivolo_zoom.jpg\" data-rsBigImg=\"https:\/\/www.hotelirene.com\/wp-content\/uploads\/2014\/03\/Acquascivolo_zoom.jpg\" alt=\"Acquascivolo_zoom\"\/>\n  \n  \n  \n<\/div>\n<div class=\"rsContent\">\n  <img decoding=\"async\" class=\"rsImg\" src=\"https:\/\/www.hotelirene.com\/wp-content\/uploads\/2014\/03\/01-1024x576.jpg\" data-rsBigImg=\"https:\/\/www.hotelirene.com\/wp-content\/uploads\/2014\/03\/01.jpg\" alt=\"01\"\/>\n  \n  \n  \n<\/div>\n<div class=\"rsContent\">\n  <img decoding=\"async\" class=\"rsImg\" src=\"https:\/\/www.hotelirene.com\/wp-content\/uploads\/2014\/03\/spiaggia2.jpg\" data-rsBigImg=\"https:\/\/www.hotelirene.com\/wp-content\/uploads\/2014\/03\/spiaggia2.jpg\" alt=\"spiaggia2\"\/>\n  \n  \n  \n<\/div>\n<div class=\"rsContent\">\n  <img decoding=\"async\" class=\"rsImg\" src=\"https:\/\/www.hotelirene.com\/wp-content\/uploads\/2014\/03\/Piscina-semi-olimpionica.jpg\" data-rsBigImg=\"https:\/\/www.hotelirene.com\/wp-content\/uploads\/2014\/03\/Piscina-semi-olimpionica.jpg\" alt=\"Piscina-semi-olimpionica\"\/>\n  \n  \n  \n<\/div>\n<div class=\"rsContent\">\n  <img decoding=\"async\" class=\"rsImg\" src=\"https:\/\/www.hotelirene.com\/wp-content\/uploads\/2014\/03\/beachvillage-960x430.jpg\" data-rsBigImg=\"https:\/\/www.hotelirene.com\/wp-content\/uploads\/2014\/03\/beachvillage-960x430.jpg\" alt=\"beachvillage-960x430\"\/>\n  \n  \n  \n<\/div>\n<div class=\"rsContent\">\n  <img decoding=\"async\" class=\"rsImg\" src=\"https:\/\/www.hotelirene.com\/wp-content\/uploads\/2014\/03\/wi-fi-1024x1024.png\" data-rsBigImg=\"https:\/\/www.hotelirene.com\/wp-content\/uploads\/2014\/03\/wi-fi.png\" alt=\"wi-fi\"\/>\n  \n  \n  \n<\/div>\n<div class=\"rsContent\">\n  <img decoding=\"async\" class=\"rsImg\" src=\"https:\/\/www.hotelirene.com\/wp-content\/uploads\/2014\/03\/07-servizi.jpg\" data-rsBigImg=\"https:\/\/www.hotelirene.com\/wp-content\/uploads\/2014\/03\/07-servizi.jpg\" alt=\"07-servizi\"\/>\n  \n  \n  \n<\/div>\n<div class=\"rsContent\">\n  <img decoding=\"async\" class=\"rsImg\" src=\"https:\/\/www.hotelirene.com\/wp-content\/uploads\/2014\/03\/1043875_385604338227414_1001379717_n.jpg\" data-rsBigImg=\"https:\/\/www.hotelirene.com\/wp-content\/uploads\/2014\/03\/1043875_385604338227414_1001379717_n.jpg\" alt=\"1043875_385604338227414_1001379717_n\"\/>\n  \n  \n  \n<\/div>\n<div class=\"rsContent\">\n  <img decoding=\"async\" class=\"rsImg\" src=\"https:\/\/www.hotelirene.com\/wp-content\/uploads\/2014\/02\/1044088_385604278227420_636809652_n1.jpg\" data-rsBigImg=\"https:\/\/www.hotelirene.com\/wp-content\/uploads\/2014\/02\/1044088_385604278227420_636809652_n1.jpg\" alt=\"1044088_385604278227420_636809652_n\"\/>\n  \n  \n  \n<\/div>\n<div class=\"rsContent\">\n  <img decoding=\"async\" class=\"rsImg\" src=\"https:\/\/www.hotelirene.com\/wp-content\/uploads\/2014\/03\/7871_385604314894083_1048240412_n21.jpg\" data-rsBigImg=\"https:\/\/www.hotelirene.com\/wp-content\/uploads\/2014\/03\/7871_385604314894083_1048240412_n21.jpg\" alt=\"7871_385604314894083_1048240412_n2\"\/>\n  \n  \n  \n<\/div>\n<div class=\"rsContent\">\n  <img decoding=\"async\" class=\"rsImg\" src=\"https:\/\/www.hotelirene.com\/wp-content\/uploads\/2014\/03\/969752_401036073350907_746443906_n1.jpg\" data-rsBigImg=\"https:\/\/www.hotelirene.com\/wp-content\/uploads\/2014\/03\/969752_401036073350907_746443906_n1.jpg\" alt=\"969752_401036073350907_746443906_n1\"\/>\n  \n  \n  \n<\/div>\n<div class=\"rsContent\">\n  <img decoding=\"async\" class=\"rsImg\" src=\"https:\/\/www.hotelirene.com\/wp-content\/uploads\/2014\/03\/421819_385604208227427_2039596799_n1.jpg\" data-rsBigImg=\"https:\/\/www.hotelirene.com\/wp-content\/uploads\/2014\/03\/421819_385604208227427_2039596799_n1.jpg\" alt=\"421819_385604208227427_2039596799_n1\"\/>\n  \n  \n  \n<\/div>\n<div class=\"rsContent\">\n  <img decoding=\"async\" class=\"rsImg\" src=\"https:\/\/www.hotelirene.com\/wp-content\/uploads\/2014\/03\/galleria_311.jpg\" data-rsBigImg=\"https:\/\/www.hotelirene.com\/wp-content\/uploads\/2014\/03\/galleria_311.jpg\" alt=\"SONY DSC\"\/>\n  \n  \n  \n<\/div>\n\n<\/div>\n<\/div><div class=\"span4 \">\n<p>&nbsp;<\/p>\n<div class=\"post-row\"><div class=\"post\"><div class=\"textshort\">\n<div><em>\"Est le parfait exemple de l'accueille de la Romagna. La position de l'h\u00f4tel est juste sourtout<\/em><\/div>\n<div><em>pour les familles. Les chambres sont propres et confortables. La cuisine est une surprise.\u00a0Les\u00a0propri\u00e9taires et le personnel sont tr\u00e8s aimables. Pour moi la position de l'h\u00f4tel\u00a0est optimale, pas loin de la plage et de via Dante. Exellent rapport qualit\u00e9 prix. Je le recommande et je voudrais tourner \u00e0 nouveau\"<\/em><\/div>\n<div>(<strong>Lara Booking.com<\/strong>)<\/div>\n<p><i>\u00a0<\/i><\/p>\n<\/div><\/div><\/div><\/div>\n<\/div>\n<div><\/div>\n<div><\/div>\n","protected":false},"excerpt":{"rendered":"<p>La proverbiale cordialit\u00e9 de la Romagna, unie \u00e0 la condution familiale et les meilleures services \u00e0 2 \u00e9toiles, font de l'Hotel Irene, une sistemation simple et confortable. \u00a0\u00a0\u00a0\u00a0 services pour tous\u00a0 H\u00f4tel Enti\u00e8rement Climatis\u00e9 Bar Tv-Sat Ascenseur Jardin ombrag\u00e9 Grand parking priv\u00e9 Wi-Fi gratuit Salle \u00e0 manger climatis\u00e9e V\u00e9los \u00e0 disposition Cabines \u00e0 la plage [&hellip;]<\/p>\n","protected":false},"author":26,"featured_media":0,"parent":0,"menu_order":0,"comment_status":"closed","ping_status":"closed","template":"","meta":{"_monsterinsights_skip_tracking":false,"_monsterinsights_sitenote_active":false,"_monsterinsights_sitenote_note":"","_monsterinsights_sitenote_category":0,"_uf_show_specific_survey":0,"_uf_disable_surveys":false,"footnotes":""},"class_list":["post-502","page","type-page","status-publish","hentry"],"yoast_head":"<!-- This site is optimized with the Yoast SEO plugin v27.4 - https:\/\/yoast.com\/product\/yoast-seo-wordpress\/ -->\n<title>Services &amp; Beach Village - Hotel Irene<\/title>\n<meta name=\"robots\" content=\"index, follow, max-snippet:-1, max-image-preview:large, max-video-preview:-1\" \/>\n<link rel=\"canonical\" href=\"https:\/\/www.hotelirene.com\/fr\/services.html\" \/>\n<meta property=\"og:locale\" content=\"fr_FR\" \/>\n<meta property=\"og:type\" content=\"article\" \/>\n<meta property=\"og:title\" content=\"Services &amp; Beach Village - Hotel Irene\" \/>\n<meta property=\"og:description\" content=\"La proverbiale cordialit\u00e9 de la Romagna, unie \u00e0 la condution familiale et les meilleures services \u00e0 2 \u00e9toiles, font de l&#039;Hotel Irene, une sistemation simple et confortable. \u00a0\u00a0\u00a0\u00a0 services pour tous\u00a0 H\u00f4tel Enti\u00e8rement Climatis\u00e9 Bar Tv-Sat Ascenseur Jardin ombrag\u00e9 Grand parking priv\u00e9 Wi-Fi gratuit Salle \u00e0 manger climatis\u00e9e V\u00e9los \u00e0 disposition Cabines \u00e0 la plage [&hellip;]\" \/>\n<meta property=\"og:url\" content=\"https:\/\/www.hotelirene.com\/fr\/services.html\" \/>\n<meta property=\"og:site_name\" content=\"Hotel Irene\" \/>\n<meta property=\"article:publisher\" content=\"https:\/\/www.facebook.com\/HOTELIRENEriccione\" \/>\n<meta property=\"article:modified_time\" content=\"2019-11-08T08:09:05+00:00\" \/>\n<meta property=\"og:image\" content=\"https:\/\/www.hotelirene.com\/wp-content\/uploads\/2019\/11\/IMG_20191111_162345.jpg\" \/>\n\t<meta property=\"og:image:width\" content=\"4000\" \/>\n\t<meta property=\"og:image:height\" content=\"2243\" \/>\n\t<meta property=\"og:image:type\" content=\"image\/jpeg\" \/>\n<meta name=\"twitter:card\" content=\"summary_large_image\" \/>\n<meta name=\"twitter:label1\" content=\"Dur\u00e9e de lecture estim\u00e9e\" \/>\n\t<meta name=\"twitter:data1\" content=\"1 minute\" \/>\n<script type=\"application\/ld+json\" class=\"yoast-schema-graph\">{\"@context\":\"https:\\\/\\\/schema.org\",\"@graph\":[{\"@type\":\"WebPage\",\"@id\":\"https:\\\/\\\/www.hotelirene.com\\\/fr\\\/services.html\",\"url\":\"https:\\\/\\\/www.hotelirene.com\\\/fr\\\/services.html\",\"name\":\"Services & Beach Village - Hotel Irene\",\"isPartOf\":{\"@id\":\"https:\\\/\\\/www.hotelirene.com\\\/#website\"},\"datePublished\":\"2014-02-20T13:30:45+00:00\",\"dateModified\":\"2019-11-08T08:09:05+00:00\",\"inLanguage\":\"fr-FR\",\"potentialAction\":[{\"@type\":\"ReadAction\",\"target\":[\"https:\\\/\\\/www.hotelirene.com\\\/fr\\\/services.html\"]}]},{\"@type\":\"WebSite\",\"@id\":\"https:\\\/\\\/www.hotelirene.com\\\/#website\",\"url\":\"https:\\\/\\\/www.hotelirene.com\\\/\",\"name\":\"Hotel Irene\",\"description\":\"Hotel Irene\",\"publisher\":{\"@id\":\"https:\\\/\\\/www.hotelirene.com\\\/#organization\"},\"potentialAction\":[{\"@type\":\"SearchAction\",\"target\":{\"@type\":\"EntryPoint\",\"urlTemplate\":\"https:\\\/\\\/www.hotelirene.com\\\/?s={search_term_string}\"},\"query-input\":{\"@type\":\"PropertyValueSpecification\",\"valueRequired\":true,\"valueName\":\"search_term_string\"}}],\"inLanguage\":\"fr-FR\"},{\"@type\":\"Organization\",\"@id\":\"https:\\\/\\\/www.hotelirene.com\\\/#organization\",\"name\":\"HOTEL IRENE RICCIONE\",\"url\":\"https:\\\/\\\/www.hotelirene.com\\\/\",\"logo\":{\"@type\":\"ImageObject\",\"inLanguage\":\"fr-FR\",\"@id\":\"https:\\\/\\\/www.hotelirene.com\\\/#\\\/schema\\\/logo\\\/image\\\/\",\"url\":\"https:\\\/\\\/www.hotelirene.com\\\/wp-content\\\/uploads\\\/2019\\\/11\\\/IMG_20191111_162345.jpg\",\"contentUrl\":\"https:\\\/\\\/www.hotelirene.com\\\/wp-content\\\/uploads\\\/2019\\\/11\\\/IMG_20191111_162345.jpg\",\"width\":4000,\"height\":2243,\"caption\":\"HOTEL IRENE RICCIONE\"},\"image\":{\"@id\":\"https:\\\/\\\/www.hotelirene.com\\\/#\\\/schema\\\/logo\\\/image\\\/\"},\"sameAs\":[\"https:\\\/\\\/www.facebook.com\\\/HOTELIRENEriccione\",\"https:\\\/\\\/www.instagram.com\\\/hotel_irene_riccione\\\/\"]}]}<\/script>\n<!-- \/ Yoast SEO plugin. -->","yoast_head_json":{"title":"Services & Beach Village - Hotel Irene","robots":{"index":"index","follow":"follow","max-snippet":"max-snippet:-1","max-image-preview":"max-image-preview:large","max-video-preview":"max-video-preview:-1"},"canonical":"https:\/\/www.hotelirene.com\/fr\/services.html","og_locale":"fr_FR","og_type":"article","og_title":"Services & Beach Village - Hotel Irene","og_description":"La proverbiale cordialit\u00e9 de la Romagna, unie \u00e0 la condution familiale et les meilleures services \u00e0 2 \u00e9toiles, font de l'Hotel Irene, une sistemation simple et confortable. \u00a0\u00a0\u00a0\u00a0 services pour tous\u00a0 H\u00f4tel Enti\u00e8rement Climatis\u00e9 Bar Tv-Sat Ascenseur Jardin ombrag\u00e9 Grand parking priv\u00e9 Wi-Fi gratuit Salle \u00e0 manger climatis\u00e9e V\u00e9los \u00e0 disposition Cabines \u00e0 la plage [&hellip;]","og_url":"https:\/\/www.hotelirene.com\/fr\/services.html","og_site_name":"Hotel Irene","article_publisher":"https:\/\/www.facebook.com\/HOTELIRENEriccione","article_modified_time":"2019-11-08T08:09:05+00:00","og_image":[{"url":"https:\/\/www.hotelirene.com\/wp-content\/uploads\/2019\/11\/IMG_20191111_162345.jpg","width":4000,"height":2243,"type":"image\/jpeg"}],"twitter_card":"summary_large_image","twitter_misc":{"Dur\u00e9e de lecture estim\u00e9e":"1 minute"},"schema":{"@context":"https:\/\/schema.org","@graph":[{"@type":"WebPage","@id":"https:\/\/www.hotelirene.com\/fr\/services.html","url":"https:\/\/www.hotelirene.com\/fr\/services.html","name":"Services & Beach Village - Hotel Irene","isPartOf":{"@id":"https:\/\/www.hotelirene.com\/#website"},"datePublished":"2014-02-20T13:30:45+00:00","dateModified":"2019-11-08T08:09:05+00:00","inLanguage":"fr-FR","potentialAction":[{"@type":"ReadAction","target":["https:\/\/www.hotelirene.com\/fr\/services.html"]}]},{"@type":"WebSite","@id":"https:\/\/www.hotelirene.com\/#website","url":"https:\/\/www.hotelirene.com\/","name":"Hotel Irene","description":"Hotel Irene","publisher":{"@id":"https:\/\/www.hotelirene.com\/#organization"},"potentialAction":[{"@type":"SearchAction","target":{"@type":"EntryPoint","urlTemplate":"https:\/\/www.hotelirene.com\/?s={search_term_string}"},"query-input":{"@type":"PropertyValueSpecification","valueRequired":true,"valueName":"search_term_string"}}],"inLanguage":"fr-FR"},{"@type":"Organization","@id":"https:\/\/www.hotelirene.com\/#organization","name":"HOTEL IRENE RICCIONE","url":"https:\/\/www.hotelirene.com\/","logo":{"@type":"ImageObject","inLanguage":"fr-FR","@id":"https:\/\/www.hotelirene.com\/#\/schema\/logo\/image\/","url":"https:\/\/www.hotelirene.com\/wp-content\/uploads\/2019\/11\/IMG_20191111_162345.jpg","contentUrl":"https:\/\/www.hotelirene.com\/wp-content\/uploads\/2019\/11\/IMG_20191111_162345.jpg","width":4000,"height":2243,"caption":"HOTEL IRENE RICCIONE"},"image":{"@id":"https:\/\/www.hotelirene.com\/#\/schema\/logo\/image\/"},"sameAs":["https:\/\/www.facebook.com\/HOTELIRENEriccione","https:\/\/www.instagram.com\/hotel_irene_riccione\/"]}]}},"publishpress_future_workflow_manual_trigger":{"enabledWorkflows":[]},"_links":{"self":[{"href":"https:\/\/www.hotelirene.com\/fr\/wp-json\/wp\/v2\/pages\/502","targetHints":{"allow":["GET"]}}],"collection":[{"href":"https:\/\/www.hotelirene.com\/fr\/wp-json\/wp\/v2\/pages"}],"about":[{"href":"https:\/\/www.hotelirene.com\/fr\/wp-json\/wp\/v2\/types\/page"}],"author":[{"embeddable":true,"href":"https:\/\/www.hotelirene.com\/fr\/wp-json\/wp\/v2\/users\/26"}],"replies":[{"embeddable":true,"href":"https:\/\/www.hotelirene.com\/fr\/wp-json\/wp\/v2\/comments?post=502"}],"version-history":[{"count":0,"href":"https:\/\/www.hotelirene.com\/fr\/wp-json\/wp\/v2\/pages\/502\/revisions"}],"wp:attachment":[{"href":"https:\/\/www.hotelirene.com\/fr\/wp-json\/wp\/v2\/media?parent=502"}],"curies":[{"name":"wp","href":"https:\/\/api.w.org\/{rel}","templated":true}]}}