{"id":512,"date":"2014-02-20T13:46:34","date_gmt":"2014-02-20T13:46:34","guid":{"rendered":"http:\/\/hotelirene.com\/?page_id=512"},"modified":"2019-11-07T09:20:22","modified_gmt":"2019-11-07T08:20:22","slug":"chambres","status":"publish","type":"page","link":"https:\/\/www.hotelirene.com\/fr\/chambres","title":{"rendered":"Chambres"},"content":{"rendered":"<p><strong>Simplicit\u00e9, confort et une grande attention \u00e0\u00a0la propret\u00e9<\/strong> caract\u00e9risent nos chambres.<\/p>\n<p>La position de l'h\u00f4tel, dans une <strong>all\u00e9e ombrag\u00e9e<\/strong> et tranquille qui <strong>conduit \u00e0 la plage<\/strong>,<br \/>\nvous permet de bien vous reposer .<\/p>\n<p>&nbsp;<\/p>\n<div class=\"span7\"><div id=\"new-royalslider-9\" class=\"royalSlider new-royalslider-9 rsDefaultInv visibleNearbySimple\" style=\"width:100%;height:400px;;\" data-rs-options='{&quot;template&quot;:&quot;default&quot;,&quot;image_generation&quot;:{&quot;imageWidth&quot;:&quot;&quot;,&quot;imageHeight&quot;:&quot;&quot;,&quot;thumbImageWidth&quot;:&quot;&quot;,&quot;thumbImageHeight&quot;:&quot;&quot;},&quot;thumbs&quot;:{&quot;thumbWidth&quot;:96,&quot;thumbHeight&quot;:72},&quot;autoPlay&quot;:{&quot;enabled&quot;:&quot;true&quot;},&quot;fullscreen&quot;:{&quot;enabled&quot;:&quot;true&quot;},&quot;visibleNearby&quot;:{&quot;enabled&quot;:&quot;true&quot;,&quot;centerArea&quot;:0.69999999999999996,&quot;breakpoint&quot;:400,&quot;breakpointCenterArea&quot;:0.90000000000000002,&quot;navigateByCenterClick&quot;:&quot;true&quot;},&quot;video&quot;:{&quot;autoHideBlocks&quot;:&quot;true&quot;},&quot;block&quot;:{&quot;moveOffset&quot;:20,&quot;speed&quot;:400,&quot;delay&quot;:200},&quot;width&quot;:&quot;100%&quot;,&quot;height&quot;:&quot;400px&quot;,&quot;autoScaleSlider&quot;:&quot;true&quot;,&quot;autoScaleSliderWidth&quot;:960,&quot;autoScaleSliderHeight&quot;:500,&quot;slidesSpacing&quot;:0,&quot;imageScaleMode&quot;:&quot;fill&quot;,&quot;arrowsNavAutoHide&quot;:&quot;false&quot;,&quot;loop&quot;:&quot;true&quot;,&quot;keyboardNavEnabled&quot;:&quot;true&quot;,&quot;fadeinLoadedSlide&quot;:&quot;false&quot;,&quot;addActiveClass&quot;:&quot;true&quot;}'>\n<div class=\"rsContent\">\n  <img decoding=\"async\" class=\"rsImg\" src=\"https:\/\/www.hotelirene.com\/wp-content\/uploads\/2018\/01\/DSC00014.jpg\" data-rsBigImg=\"https:\/\/www.hotelirene.com\/wp-content\/uploads\/2018\/01\/DSC00014.jpg\" alt=\"DSC00014\"\/>\n  \n  \n  \n<\/div>\n<div class=\"rsContent\">\n  <img decoding=\"async\" class=\"rsImg\" src=\"https:\/\/www.hotelirene.com\/wp-content\/uploads\/2018\/01\/DSC00059.jpg\" data-rsBigImg=\"https:\/\/www.hotelirene.com\/wp-content\/uploads\/2018\/01\/DSC00059.jpg\" alt=\"DSC00059\"\/>\n  \n  \n  \n<\/div>\n<div class=\"rsContent\">\n  <img decoding=\"async\" class=\"rsImg\" src=\"https:\/\/www.hotelirene.com\/wp-content\/uploads\/2018\/01\/DSC00067.jpg\" data-rsBigImg=\"https:\/\/www.hotelirene.com\/wp-content\/uploads\/2018\/01\/DSC00067.jpg\" alt=\"DSC00067\"\/>\n  \n  \n  \n<\/div>\n<div class=\"rsContent\">\n  <img decoding=\"async\" class=\"rsImg\" src=\"https:\/\/www.hotelirene.com\/wp-content\/uploads\/2018\/01\/DSC00020.jpg\" data-rsBigImg=\"https:\/\/www.hotelirene.com\/wp-content\/uploads\/2018\/01\/DSC00020.jpg\" alt=\"DSC00020\"\/>\n  \n  \n  \n<\/div>\n<div class=\"rsContent\">\n  <img decoding=\"async\" class=\"rsImg\" src=\"https:\/\/www.hotelirene.com\/wp-content\/uploads\/2014\/03\/401113_36934.jpg\" data-rsBigImg=\"https:\/\/www.hotelirene.com\/wp-content\/uploads\/2014\/03\/401113_36934.jpg\" alt=\"401113_36934\"\/>\n  \n  \n  \n<\/div>\n<div class=\"rsContent\">\n  <img decoding=\"async\" class=\"rsImg\" src=\"https:\/\/www.hotelirene.com\/wp-content\/uploads\/2014\/02\/Camera_arancione121.jpg\" data-rsBigImg=\"https:\/\/www.hotelirene.com\/wp-content\/uploads\/2014\/02\/Camera_arancione121.jpg\" alt=\"Camera_arancione12\"\/>\n  \n  \n  \n<\/div>\n<div class=\"rsContent\">\n  <img decoding=\"async\" class=\"rsImg\" src=\"https:\/\/www.hotelirene.com\/wp-content\/uploads\/2014\/03\/2013-05-23-13.54.22-1024x768.jpg\" data-rsBigImg=\"https:\/\/www.hotelirene.com\/wp-content\/uploads\/2014\/03\/2013-05-23-13.54.22.jpg\" alt=\"2013-05-23 13.54.22\"\/>\n  \n  \n  \n<\/div>\n<div class=\"rsContent\">\n  <img decoding=\"async\" class=\"rsImg\" src=\"https:\/\/www.hotelirene.com\/wp-content\/uploads\/2014\/03\/2013-06-18-10.58.41-1024x768.jpg\" data-rsBigImg=\"https:\/\/www.hotelirene.com\/wp-content\/uploads\/2014\/03\/2013-06-18-10.58.41.jpg\" alt=\"2013-06-18 10.58.41\"\/>\n  \n  \n  \n<\/div>\n<div class=\"rsContent\">\n  <img decoding=\"async\" class=\"rsImg\" src=\"https:\/\/www.hotelirene.com\/wp-content\/uploads\/2014\/03\/426144_129067717214412_325157156_n.jpg\" data-rsBigImg=\"https:\/\/www.hotelirene.com\/wp-content\/uploads\/2014\/03\/426144_129067717214412_325157156_n.jpg\" alt=\"426144_129067717214412_325157156_n\"\/>\n  \n  \n  \n<\/div>\n<div class=\"rsContent\">\n  <img decoding=\"async\" class=\"rsImg\" src=\"https:\/\/www.hotelirene.com\/wp-content\/uploads\/2014\/02\/camera21.jpg\" data-rsBigImg=\"https:\/\/www.hotelirene.com\/wp-content\/uploads\/2014\/02\/camera21.jpg\" alt=\"camera2\"\/>\n  \n  \n  \n<\/div>\n\n<\/div>\n<\/div><div class=\"span4 \"><\/div>\n<p>&nbsp;<\/p>\n<h3>Pour votre confort, dans la chambre vous trouvez:<\/h3>\n<p><strong>Air Conditionn\u00e9<\/strong><\/p>\n<ul>\n<li><strong>Service et\u00a0 douche<\/strong><\/li>\n<li><strong>Balcon<\/strong><\/li>\n<li>Tv-Sat<\/li>\n<li>Wi-fi gratuit<\/li>\n<li>Coffre-fort<\/li>\n<li>T\u00e9l\u00e9phone<\/li>\n<li>Ventilateur au plafond<\/li>\n<\/ul>\n<p>POUR LES ENFANTS<br \/>\nBerceaux, petits lits-chaises pour enfants, horaires flexibles, grand jardin o\u00f9 ils peuvent jouer librement.<\/p>\n","protected":false},"excerpt":{"rendered":"<p>Simplicit\u00e9, confort et une grande attention \u00e0\u00a0la propret\u00e9 caract\u00e9risent nos chambres. La position de l'h\u00f4tel, dans une all\u00e9e ombrag\u00e9e et tranquille qui conduit \u00e0 la plage, vous permet de bien vous reposer . &nbsp; &nbsp; Pour votre confort, dans la chambre vous trouvez: Air Conditionn\u00e9 Service et\u00a0 douche Balcon Tv-Sat Wi-fi gratuit Coffre-fort T\u00e9l\u00e9phone Ventilateur [&hellip;]<\/p>\n","protected":false},"author":26,"featured_media":0,"parent":0,"menu_order":0,"comment_status":"closed","ping_status":"closed","template":"","meta":{"_monsterinsights_skip_tracking":false,"_monsterinsights_sitenote_active":false,"_monsterinsights_sitenote_note":"","_monsterinsights_sitenote_category":0,"_uf_show_specific_survey":0,"_uf_disable_surveys":false,"footnotes":""},"class_list":["post-512","page","type-page","status-publish","hentry"],"yoast_head":"<!-- This site is optimized with the Yoast SEO plugin v27.5 - https:\/\/yoast.com\/product\/yoast-seo-wordpress\/ -->\n<title>Chambres - Hotel Irene<\/title>\n<meta name=\"robots\" content=\"index, follow, max-snippet:-1, max-image-preview:large, max-video-preview:-1\" \/>\n<link rel=\"canonical\" href=\"https:\/\/www.hotelirene.com\/fr\/chambres.html\" \/>\n<meta property=\"og:locale\" content=\"fr_FR\" \/>\n<meta property=\"og:type\" content=\"article\" \/>\n<meta property=\"og:title\" content=\"Chambres - Hotel Irene\" \/>\n<meta property=\"og:description\" content=\"Simplicit\u00e9, confort et une grande attention \u00e0\u00a0la propret\u00e9 caract\u00e9risent nos chambres. La position de l&#039;h\u00f4tel, dans une all\u00e9e ombrag\u00e9e et tranquille qui conduit \u00e0 la plage, vous permet de bien vous reposer . &nbsp; &nbsp; Pour votre confort, dans la chambre vous trouvez: Air Conditionn\u00e9 Service et\u00a0 douche Balcon Tv-Sat Wi-fi gratuit Coffre-fort T\u00e9l\u00e9phone Ventilateur [&hellip;]\" \/>\n<meta property=\"og:url\" content=\"https:\/\/www.hotelirene.com\/fr\/chambres.html\" \/>\n<meta property=\"og:site_name\" content=\"Hotel Irene\" \/>\n<meta property=\"article:publisher\" content=\"https:\/\/www.facebook.com\/HOTELIRENEriccione\" \/>\n<meta property=\"article:modified_time\" content=\"2019-11-07T08:20:22+00:00\" \/>\n<meta property=\"og:image\" content=\"https:\/\/www.hotelirene.com\/wp-content\/uploads\/2019\/11\/IMG_20191111_162345.jpg\" \/>\n\t<meta property=\"og:image:width\" content=\"4000\" \/>\n\t<meta property=\"og:image:height\" content=\"2243\" \/>\n\t<meta property=\"og:image:type\" content=\"image\/jpeg\" \/>\n<meta name=\"twitter:card\" content=\"summary_large_image\" \/>\n<script type=\"application\/ld+json\" class=\"yoast-schema-graph\">{\"@context\":\"https:\\\/\\\/schema.org\",\"@graph\":[{\"@type\":\"WebPage\",\"@id\":\"https:\\\/\\\/www.hotelirene.com\\\/fr\\\/chambres.html\",\"url\":\"https:\\\/\\\/www.hotelirene.com\\\/fr\\\/chambres.html\",\"name\":\"Chambres - Hotel Irene\",\"isPartOf\":{\"@id\":\"https:\\\/\\\/www.hotelirene.com\\\/#website\"},\"datePublished\":\"2014-02-20T13:46:34+00:00\",\"dateModified\":\"2019-11-07T08:20:22+00:00\",\"inLanguage\":\"fr-FR\",\"potentialAction\":[{\"@type\":\"ReadAction\",\"target\":[\"https:\\\/\\\/www.hotelirene.com\\\/fr\\\/chambres.html\"]}]},{\"@type\":\"WebSite\",\"@id\":\"https:\\\/\\\/www.hotelirene.com\\\/#website\",\"url\":\"https:\\\/\\\/www.hotelirene.com\\\/\",\"name\":\"Hotel Irene\",\"description\":\"Hotel Irene\",\"publisher\":{\"@id\":\"https:\\\/\\\/www.hotelirene.com\\\/#organization\"},\"potentialAction\":[{\"@type\":\"SearchAction\",\"target\":{\"@type\":\"EntryPoint\",\"urlTemplate\":\"https:\\\/\\\/www.hotelirene.com\\\/?s={search_term_string}\"},\"query-input\":{\"@type\":\"PropertyValueSpecification\",\"valueRequired\":true,\"valueName\":\"search_term_string\"}}],\"inLanguage\":\"fr-FR\"},{\"@type\":\"Organization\",\"@id\":\"https:\\\/\\\/www.hotelirene.com\\\/#organization\",\"name\":\"HOTEL IRENE RICCIONE\",\"url\":\"https:\\\/\\\/www.hotelirene.com\\\/\",\"logo\":{\"@type\":\"ImageObject\",\"inLanguage\":\"fr-FR\",\"@id\":\"https:\\\/\\\/www.hotelirene.com\\\/#\\\/schema\\\/logo\\\/image\\\/\",\"url\":\"https:\\\/\\\/www.hotelirene.com\\\/wp-content\\\/uploads\\\/2019\\\/11\\\/IMG_20191111_162345.jpg\",\"contentUrl\":\"https:\\\/\\\/www.hotelirene.com\\\/wp-content\\\/uploads\\\/2019\\\/11\\\/IMG_20191111_162345.jpg\",\"width\":4000,\"height\":2243,\"caption\":\"HOTEL IRENE RICCIONE\"},\"image\":{\"@id\":\"https:\\\/\\\/www.hotelirene.com\\\/#\\\/schema\\\/logo\\\/image\\\/\"},\"sameAs\":[\"https:\\\/\\\/www.facebook.com\\\/HOTELIRENEriccione\",\"https:\\\/\\\/www.instagram.com\\\/hotel_irene_riccione\\\/\"]}]}<\/script>\n<!-- \/ Yoast SEO plugin. -->","yoast_head_json":{"title":"Chambres - Hotel Irene","robots":{"index":"index","follow":"follow","max-snippet":"max-snippet:-1","max-image-preview":"max-image-preview:large","max-video-preview":"max-video-preview:-1"},"canonical":"https:\/\/www.hotelirene.com\/fr\/chambres.html","og_locale":"fr_FR","og_type":"article","og_title":"Chambres - Hotel Irene","og_description":"Simplicit\u00e9, confort et une grande attention \u00e0\u00a0la propret\u00e9 caract\u00e9risent nos chambres. La position de l'h\u00f4tel, dans une all\u00e9e ombrag\u00e9e et tranquille qui conduit \u00e0 la plage, vous permet de bien vous reposer . &nbsp; &nbsp; Pour votre confort, dans la chambre vous trouvez: Air Conditionn\u00e9 Service et\u00a0 douche Balcon Tv-Sat Wi-fi gratuit Coffre-fort T\u00e9l\u00e9phone Ventilateur [&hellip;]","og_url":"https:\/\/www.hotelirene.com\/fr\/chambres.html","og_site_name":"Hotel Irene","article_publisher":"https:\/\/www.facebook.com\/HOTELIRENEriccione","article_modified_time":"2019-11-07T08:20:22+00:00","og_image":[{"url":"https:\/\/www.hotelirene.com\/wp-content\/uploads\/2019\/11\/IMG_20191111_162345.jpg","width":4000,"height":2243,"type":"image\/jpeg"}],"twitter_card":"summary_large_image","schema":{"@context":"https:\/\/schema.org","@graph":[{"@type":"WebPage","@id":"https:\/\/www.hotelirene.com\/fr\/chambres.html","url":"https:\/\/www.hotelirene.com\/fr\/chambres.html","name":"Chambres - Hotel Irene","isPartOf":{"@id":"https:\/\/www.hotelirene.com\/#website"},"datePublished":"2014-02-20T13:46:34+00:00","dateModified":"2019-11-07T08:20:22+00:00","inLanguage":"fr-FR","potentialAction":[{"@type":"ReadAction","target":["https:\/\/www.hotelirene.com\/fr\/chambres.html"]}]},{"@type":"WebSite","@id":"https:\/\/www.hotelirene.com\/#website","url":"https:\/\/www.hotelirene.com\/","name":"Hotel Irene","description":"Hotel Irene","publisher":{"@id":"https:\/\/www.hotelirene.com\/#organization"},"potentialAction":[{"@type":"SearchAction","target":{"@type":"EntryPoint","urlTemplate":"https:\/\/www.hotelirene.com\/?s={search_term_string}"},"query-input":{"@type":"PropertyValueSpecification","valueRequired":true,"valueName":"search_term_string"}}],"inLanguage":"fr-FR"},{"@type":"Organization","@id":"https:\/\/www.hotelirene.com\/#organization","name":"HOTEL IRENE RICCIONE","url":"https:\/\/www.hotelirene.com\/","logo":{"@type":"ImageObject","inLanguage":"fr-FR","@id":"https:\/\/www.hotelirene.com\/#\/schema\/logo\/image\/","url":"https:\/\/www.hotelirene.com\/wp-content\/uploads\/2019\/11\/IMG_20191111_162345.jpg","contentUrl":"https:\/\/www.hotelirene.com\/wp-content\/uploads\/2019\/11\/IMG_20191111_162345.jpg","width":4000,"height":2243,"caption":"HOTEL IRENE RICCIONE"},"image":{"@id":"https:\/\/www.hotelirene.com\/#\/schema\/logo\/image\/"},"sameAs":["https:\/\/www.facebook.com\/HOTELIRENEriccione","https:\/\/www.instagram.com\/hotel_irene_riccione\/"]}]}},"publishpress_future_workflow_manual_trigger":{"enabledWorkflows":[]},"_links":{"self":[{"href":"https:\/\/www.hotelirene.com\/fr\/wp-json\/wp\/v2\/pages\/512","targetHints":{"allow":["GET"]}}],"collection":[{"href":"https:\/\/www.hotelirene.com\/fr\/wp-json\/wp\/v2\/pages"}],"about":[{"href":"https:\/\/www.hotelirene.com\/fr\/wp-json\/wp\/v2\/types\/page"}],"author":[{"embeddable":true,"href":"https:\/\/www.hotelirene.com\/fr\/wp-json\/wp\/v2\/users\/26"}],"replies":[{"embeddable":true,"href":"https:\/\/www.hotelirene.com\/fr\/wp-json\/wp\/v2\/comments?post=512"}],"version-history":[{"count":0,"href":"https:\/\/www.hotelirene.com\/fr\/wp-json\/wp\/v2\/pages\/512\/revisions"}],"wp:attachment":[{"href":"https:\/\/www.hotelirene.com\/fr\/wp-json\/wp\/v2\/media?parent=512"}],"curies":[{"name":"wp","href":"https:\/\/api.w.org\/{rel}","templated":true}]}}