{"id":530,"date":"2014-02-20T14:08:25","date_gmt":"2014-02-20T14:08:25","guid":{"rendered":"http:\/\/hotelirene.com\/?page_id=530"},"modified":"2014-02-20T14:08:25","modified_gmt":"2014-02-20T14:08:25","slug":"petit-dejeuner","status":"publish","type":"page","link":"https:\/\/www.hotelirene.com\/fr\/cuisine\/petit-dejeuner","title":{"rendered":"Petit-d\u00e9jeuner"},"content":{"rendered":"<p>Pour bien commencer votre journ\u00e9e de vacances,\u00a0un riche buffet vous attend.<br \/>\nP\u00e2tisseries faites maison, beurre, confiture, miel, charcuterie, fromage, caf\u00e9, capuccino, th\u00e9, jus de fruit,\u00a0self-service et........beaucoup encore\u00a0!<\/p>\n<div class=\"span7\">\u00a0<div id=\"new-royalslider-4\" class=\"royalSlider new-royalslider-4 rsDefaultInv visibleNearbySimple\" style=\"width:100%;height:400px;;\" data-rs-options='{&quot;template&quot;:&quot;default&quot;,&quot;image_generation&quot;:{&quot;imageWidth&quot;:&quot;&quot;,&quot;imageHeight&quot;:&quot;&quot;,&quot;thumbImageWidth&quot;:&quot;&quot;,&quot;thumbImageHeight&quot;:&quot;&quot;},&quot;thumbs&quot;:{&quot;thumbWidth&quot;:96,&quot;thumbHeight&quot;:72},&quot;autoPlay&quot;:{&quot;enabled&quot;:&quot;true&quot;},&quot;fullscreen&quot;:{&quot;enabled&quot;:&quot;true&quot;},&quot;visibleNearby&quot;:{&quot;enabled&quot;:&quot;true&quot;,&quot;centerArea&quot;:0.69999999999999996,&quot;breakpoint&quot;:400,&quot;breakpointCenterArea&quot;:0.90000000000000002,&quot;navigateByCenterClick&quot;:&quot;true&quot;},&quot;video&quot;:{&quot;autoHideBlocks&quot;:&quot;true&quot;},&quot;block&quot;:{&quot;moveOffset&quot;:20,&quot;speed&quot;:400,&quot;delay&quot;:200},&quot;width&quot;:&quot;100%&quot;,&quot;height&quot;:&quot;400px&quot;,&quot;autoScaleSlider&quot;:&quot;true&quot;,&quot;autoScaleSliderWidth&quot;:960,&quot;autoScaleSliderHeight&quot;:500,&quot;slidesSpacing&quot;:0,&quot;imageScaleMode&quot;:&quot;fill&quot;,&quot;arrowsNavAutoHide&quot;:&quot;false&quot;,&quot;loop&quot;:&quot;true&quot;,&quot;keyboardNavEnabled&quot;:&quot;true&quot;,&quot;fadeinLoadedSlide&quot;:&quot;false&quot;,&quot;addActiveClass&quot;:&quot;true&quot;}'>\n<div class=\"rsContent\">\n  <img decoding=\"async\" class=\"rsImg\" src=\"https:\/\/i.ytimg.com\/vi\/oGthwzak11I\/sddefault.jpg\" data-rsVideo=\"https:\/\/youtube.com\/watch?v=oGthwzak11I\" alt=\"SnapInsta to AQN8VsXVZ6mK3KPBXuFnDdUcLv6VI2Le6v1Z721GFGRVseVgXtxwgzaadb6b NaWWkRHNqdCCVR6 iUvYIRMIg4\"\/>\n  \n  \n  \n  <a class=\"rsLink\" href=\"https:\/\/youtube.com\/watch?v=oGthwzak11I\">SnapInsta to AQN8VsXVZ6mK3KPBXuFnDdUcLv6VI2Le6v1Z721GFGRVseVgXtxwgzaadb6b NaWWkRHNqdCCVR6 iUvYIRMIg4<\/a>\n<\/div>\n<div class=\"rsContent\">\n  <img decoding=\"async\" class=\"rsImg\" src=\"https:\/\/www.hotelirene.com\/wp-content\/uploads\/2023\/09\/352390175_1670672216710463_4633884965632126648_n.jpg\" data-rsBigImg=\"https:\/\/www.hotelirene.com\/wp-content\/uploads\/2023\/09\/352390175_1670672216710463_4633884965632126648_n.jpg\" alt=\"352390175_1670672216710463_4633884965632126648_n\"\/>\n  \n  \n  \n<\/div>\n<div class=\"rsContent\">\n  <img decoding=\"async\" class=\"rsImg\" src=\"https:\/\/i.ytimg.com\/vi\/LXZUL5fyVe8\/sddefault.jpg\" data-rsVideo=\"https:\/\/youtube.com\/watch?v=LXZUL5fyVe8\" alt=\"Colazione Irene\"\/>\n  \n  \n  \n  <a class=\"rsLink\" href=\"https:\/\/youtube.com\/watch?v=LXZUL5fyVe8\">Colazione Irene<\/a>\n<\/div>\n<div class=\"rsContent\">\n  <img decoding=\"async\" class=\"rsImg\" src=\"https:\/\/www.hotelirene.com\/wp-content\/uploads\/2014\/11\/bambini-felici-irene3-.jpg\" data-rsBigImg=\"https:\/\/www.hotelirene.com\/wp-content\/uploads\/2014\/11\/bambini-felici-irene3-.jpg\" alt=\"bambini-felici-irene3\"\/>\n  \n  \n  \n<\/div>\n<div class=\"rsContent\">\n  <img decoding=\"async\" class=\"rsImg\" src=\"https:\/\/i.ytimg.com\/vi\/E6K9MPO8WTs\/sddefault.jpg\" data-rsVideo=\"https:\/\/youtube.com\/watch?v=E6K9MPO8WTs\" alt=\"Colazione Irene\"\/>\n  \n  \n  \n  <a class=\"rsLink\" href=\"https:\/\/youtube.com\/watch?v=E6K9MPO8WTs\">Colazione Irene<\/a>\n<\/div>\n<div class=\"rsContent\">\n  <img decoding=\"async\" class=\"rsImg\" src=\"https:\/\/www.hotelirene.com\/wp-content\/uploads\/2021\/11\/IMG_20210818_073509-scaled.jpg\" data-rsBigImg=\"https:\/\/www.hotelirene.com\/wp-content\/uploads\/2021\/11\/IMG_20210818_073509-scaled.jpg\" alt=\"IMG_20210818_073509\"\/>\n  \n  \n  \n<\/div>\n\n<\/div>\n<\/div><div class=\"span4 \">\n<div class=\"post-row\"><div class=\"post\"><div class=\"textshort\">\n<p><i>\" La cuisine est une surprise. On peut \u00a0toujours \u00a0choisir entre 2 menus. En plus du riche buffet de salades et de l\u00e9gumes, souvent de la pizza, de la piadina farcie, des hu\u00eetres, etc. Le petit d\u00e9jeuner est tr\u00e8s riche et tr\u00e8s bon.\" (lara 76 Tripadvisor)<\/i><\/p>\n<\/div><\/div><\/div><\/div>\n","protected":false},"excerpt":{"rendered":"<p>Pour bien commencer votre journ\u00e9e de vacances,\u00a0un riche buffet vous attend. P\u00e2tisseries faites maison, beurre, confiture, miel, charcuterie, fromage, caf\u00e9, capuccino, th\u00e9, jus de fruit,\u00a0self-service et........beaucoup encore\u00a0!<\/p>\n","protected":false},"author":26,"featured_media":0,"parent":521,"menu_order":0,"comment_status":"closed","ping_status":"open","template":"","meta":{"_monsterinsights_skip_tracking":false,"_monsterinsights_sitenote_active":false,"_monsterinsights_sitenote_note":"","_monsterinsights_sitenote_category":0,"_uf_show_specific_survey":0,"_uf_disable_surveys":false,"footnotes":""},"class_list":["post-530","page","type-page","status-publish","hentry"],"yoast_head":"<!-- This site is optimized with the Yoast SEO plugin v27.4 - https:\/\/yoast.com\/product\/yoast-seo-wordpress\/ -->\n<title>Petit-d\u00e9jeuner - Hotel Irene<\/title>\n<meta name=\"robots\" content=\"index, follow, max-snippet:-1, max-image-preview:large, max-video-preview:-1\" \/>\n<link rel=\"canonical\" href=\"https:\/\/www.hotelirene.com\/fr\/cuisine\/petit-dejeuner.html\" \/>\n<meta property=\"og:locale\" content=\"fr_FR\" \/>\n<meta property=\"og:type\" content=\"article\" \/>\n<meta property=\"og:title\" content=\"Petit-d\u00e9jeuner - Hotel Irene\" \/>\n<meta property=\"og:description\" content=\"Pour bien commencer votre journ\u00e9e de vacances,\u00a0un riche buffet vous attend. P\u00e2tisseries faites maison, beurre, confiture, miel, charcuterie, fromage, caf\u00e9, capuccino, th\u00e9, jus de fruit,\u00a0self-service et........beaucoup encore\u00a0!\" \/>\n<meta property=\"og:url\" content=\"https:\/\/www.hotelirene.com\/fr\/cuisine\/petit-dejeuner.html\" \/>\n<meta property=\"og:site_name\" content=\"Hotel Irene\" \/>\n<meta property=\"article:publisher\" content=\"https:\/\/www.facebook.com\/HOTELIRENEriccione\" \/>\n<meta property=\"og:image\" content=\"https:\/\/www.hotelirene.com\/wp-content\/uploads\/2019\/11\/IMG_20191111_162345.jpg\" \/>\n\t<meta property=\"og:image:width\" content=\"4000\" \/>\n\t<meta property=\"og:image:height\" content=\"2243\" \/>\n\t<meta property=\"og:image:type\" content=\"image\/jpeg\" \/>\n<meta name=\"twitter:card\" content=\"summary_large_image\" \/>\n<script type=\"application\/ld+json\" class=\"yoast-schema-graph\">{\"@context\":\"https:\\\/\\\/schema.org\",\"@graph\":[{\"@type\":\"WebPage\",\"@id\":\"https:\\\/\\\/www.hotelirene.com\\\/fr\\\/cuisine\\\/petit-dejeuner.html\",\"url\":\"https:\\\/\\\/www.hotelirene.com\\\/fr\\\/cuisine\\\/petit-dejeuner.html\",\"name\":\"Petit-d\u00e9jeuner - Hotel Irene\",\"isPartOf\":{\"@id\":\"https:\\\/\\\/www.hotelirene.com\\\/#website\"},\"datePublished\":\"2014-02-20T14:08:25+00:00\",\"breadcrumb\":{\"@id\":\"https:\\\/\\\/www.hotelirene.com\\\/fr\\\/cuisine\\\/petit-dejeuner.html#breadcrumb\"},\"inLanguage\":\"fr-FR\",\"potentialAction\":[{\"@type\":\"ReadAction\",\"target\":[\"https:\\\/\\\/www.hotelirene.com\\\/fr\\\/cuisine\\\/petit-dejeuner.html\"]}]},{\"@type\":\"BreadcrumbList\",\"@id\":\"https:\\\/\\\/www.hotelirene.com\\\/fr\\\/cuisine\\\/petit-dejeuner.html#breadcrumb\",\"itemListElement\":[{\"@type\":\"ListItem\",\"position\":1,\"name\":\"Cuisine\",\"item\":\"https:\\\/\\\/www.hotelirene.com\\\/fr\\\/cuisine.html\"},{\"@type\":\"ListItem\",\"position\":2,\"name\":\"Petit-d\u00e9jeuner\"}]},{\"@type\":\"WebSite\",\"@id\":\"https:\\\/\\\/www.hotelirene.com\\\/#website\",\"url\":\"https:\\\/\\\/www.hotelirene.com\\\/\",\"name\":\"Hotel Irene\",\"description\":\"Hotel Irene\",\"publisher\":{\"@id\":\"https:\\\/\\\/www.hotelirene.com\\\/#organization\"},\"potentialAction\":[{\"@type\":\"SearchAction\",\"target\":{\"@type\":\"EntryPoint\",\"urlTemplate\":\"https:\\\/\\\/www.hotelirene.com\\\/?s={search_term_string}\"},\"query-input\":{\"@type\":\"PropertyValueSpecification\",\"valueRequired\":true,\"valueName\":\"search_term_string\"}}],\"inLanguage\":\"fr-FR\"},{\"@type\":\"Organization\",\"@id\":\"https:\\\/\\\/www.hotelirene.com\\\/#organization\",\"name\":\"HOTEL IRENE RICCIONE\",\"url\":\"https:\\\/\\\/www.hotelirene.com\\\/\",\"logo\":{\"@type\":\"ImageObject\",\"inLanguage\":\"fr-FR\",\"@id\":\"https:\\\/\\\/www.hotelirene.com\\\/#\\\/schema\\\/logo\\\/image\\\/\",\"url\":\"https:\\\/\\\/www.hotelirene.com\\\/wp-content\\\/uploads\\\/2019\\\/11\\\/IMG_20191111_162345.jpg\",\"contentUrl\":\"https:\\\/\\\/www.hotelirene.com\\\/wp-content\\\/uploads\\\/2019\\\/11\\\/IMG_20191111_162345.jpg\",\"width\":4000,\"height\":2243,\"caption\":\"HOTEL IRENE RICCIONE\"},\"image\":{\"@id\":\"https:\\\/\\\/www.hotelirene.com\\\/#\\\/schema\\\/logo\\\/image\\\/\"},\"sameAs\":[\"https:\\\/\\\/www.facebook.com\\\/HOTELIRENEriccione\",\"https:\\\/\\\/www.instagram.com\\\/hotel_irene_riccione\\\/\"]}]}<\/script>\n<!-- \/ Yoast SEO plugin. -->","yoast_head_json":{"title":"Petit-d\u00e9jeuner - Hotel Irene","robots":{"index":"index","follow":"follow","max-snippet":"max-snippet:-1","max-image-preview":"max-image-preview:large","max-video-preview":"max-video-preview:-1"},"canonical":"https:\/\/www.hotelirene.com\/fr\/cuisine\/petit-dejeuner.html","og_locale":"fr_FR","og_type":"article","og_title":"Petit-d\u00e9jeuner - Hotel Irene","og_description":"Pour bien commencer votre journ\u00e9e de vacances,\u00a0un riche buffet vous attend. P\u00e2tisseries faites maison, beurre, confiture, miel, charcuterie, fromage, caf\u00e9, capuccino, th\u00e9, jus de fruit,\u00a0self-service et........beaucoup encore\u00a0!","og_url":"https:\/\/www.hotelirene.com\/fr\/cuisine\/petit-dejeuner.html","og_site_name":"Hotel Irene","article_publisher":"https:\/\/www.facebook.com\/HOTELIRENEriccione","og_image":[{"url":"https:\/\/www.hotelirene.com\/wp-content\/uploads\/2019\/11\/IMG_20191111_162345.jpg","width":4000,"height":2243,"type":"image\/jpeg"}],"twitter_card":"summary_large_image","schema":{"@context":"https:\/\/schema.org","@graph":[{"@type":"WebPage","@id":"https:\/\/www.hotelirene.com\/fr\/cuisine\/petit-dejeuner.html","url":"https:\/\/www.hotelirene.com\/fr\/cuisine\/petit-dejeuner.html","name":"Petit-d\u00e9jeuner - Hotel Irene","isPartOf":{"@id":"https:\/\/www.hotelirene.com\/#website"},"datePublished":"2014-02-20T14:08:25+00:00","breadcrumb":{"@id":"https:\/\/www.hotelirene.com\/fr\/cuisine\/petit-dejeuner.html#breadcrumb"},"inLanguage":"fr-FR","potentialAction":[{"@type":"ReadAction","target":["https:\/\/www.hotelirene.com\/fr\/cuisine\/petit-dejeuner.html"]}]},{"@type":"BreadcrumbList","@id":"https:\/\/www.hotelirene.com\/fr\/cuisine\/petit-dejeuner.html#breadcrumb","itemListElement":[{"@type":"ListItem","position":1,"name":"Cuisine","item":"https:\/\/www.hotelirene.com\/fr\/cuisine.html"},{"@type":"ListItem","position":2,"name":"Petit-d\u00e9jeuner"}]},{"@type":"WebSite","@id":"https:\/\/www.hotelirene.com\/#website","url":"https:\/\/www.hotelirene.com\/","name":"Hotel Irene","description":"Hotel Irene","publisher":{"@id":"https:\/\/www.hotelirene.com\/#organization"},"potentialAction":[{"@type":"SearchAction","target":{"@type":"EntryPoint","urlTemplate":"https:\/\/www.hotelirene.com\/?s={search_term_string}"},"query-input":{"@type":"PropertyValueSpecification","valueRequired":true,"valueName":"search_term_string"}}],"inLanguage":"fr-FR"},{"@type":"Organization","@id":"https:\/\/www.hotelirene.com\/#organization","name":"HOTEL IRENE RICCIONE","url":"https:\/\/www.hotelirene.com\/","logo":{"@type":"ImageObject","inLanguage":"fr-FR","@id":"https:\/\/www.hotelirene.com\/#\/schema\/logo\/image\/","url":"https:\/\/www.hotelirene.com\/wp-content\/uploads\/2019\/11\/IMG_20191111_162345.jpg","contentUrl":"https:\/\/www.hotelirene.com\/wp-content\/uploads\/2019\/11\/IMG_20191111_162345.jpg","width":4000,"height":2243,"caption":"HOTEL IRENE RICCIONE"},"image":{"@id":"https:\/\/www.hotelirene.com\/#\/schema\/logo\/image\/"},"sameAs":["https:\/\/www.facebook.com\/HOTELIRENEriccione","https:\/\/www.instagram.com\/hotel_irene_riccione\/"]}]}},"publishpress_future_workflow_manual_trigger":{"enabledWorkflows":[]},"_links":{"self":[{"href":"https:\/\/www.hotelirene.com\/fr\/wp-json\/wp\/v2\/pages\/530","targetHints":{"allow":["GET"]}}],"collection":[{"href":"https:\/\/www.hotelirene.com\/fr\/wp-json\/wp\/v2\/pages"}],"about":[{"href":"https:\/\/www.hotelirene.com\/fr\/wp-json\/wp\/v2\/types\/page"}],"author":[{"embeddable":true,"href":"https:\/\/www.hotelirene.com\/fr\/wp-json\/wp\/v2\/users\/26"}],"replies":[{"embeddable":true,"href":"https:\/\/www.hotelirene.com\/fr\/wp-json\/wp\/v2\/comments?post=530"}],"version-history":[{"count":0,"href":"https:\/\/www.hotelirene.com\/fr\/wp-json\/wp\/v2\/pages\/530\/revisions"}],"up":[{"embeddable":true,"href":"https:\/\/www.hotelirene.com\/fr\/wp-json\/wp\/v2\/pages\/521"}],"wp:attachment":[{"href":"https:\/\/www.hotelirene.com\/fr\/wp-json\/wp\/v2\/media?parent=530"}],"curies":[{"name":"wp","href":"https:\/\/api.w.org\/{rel}","templated":true}]}}