{"id":547,"date":"2014-02-20T14:51:14","date_gmt":"2014-02-20T14:51:14","guid":{"rendered":"http:\/\/hotelirene.com\/?page_id=547"},"modified":"2014-03-14T16:29:39","modified_gmt":"2014-03-14T16:29:39","slug":"plage","status":"publish","type":"page","link":"https:\/\/www.hotelirene.com\/fr\/position\/plage\/","title":{"rendered":"Plage"},"content":{"rendered":"<p>M\u00eame \u00e0 la plage une ambiance familiale vous attend. Aux\u00a0\"bains Mirella 120\" vous trouverez d\u00e9tente et bien-\u00eatre, divertissements et.......<\/p>\n<p><strong>SERVICES:<\/strong><\/p>\n<ul>\n<li>Parasols et\u00a0tentes<\/li>\n<li>Chaises longues<\/li>\n<li>Cabines<\/li>\n<li>Beach-volley et beach-tennis<\/li>\n<li>Ping-pong, baby-foot<\/li>\n<li>Douches chaudes<\/li>\n<li>Wi-Fi<\/li>\n<li>Parking pour v\u00e9los<\/li>\n<\/ul>\n<p><strong>POUR LES ENFANTS:<\/strong><\/p>\n<ul>\n<li>Parc \u00e0 jeux<\/li>\n<li>Animations<\/li>\n<li>\u00ab\u00a0Nutella Party\u00a0\u00bb<\/li>\n<li>Tables \u00e0 langer<\/li>\n<li>Bracelet de s\u00e9curit\u00e9<\/li>\n<\/ul>\n<p>&nbsp;<\/p>\n<p>&nbsp;<\/p>\n<div id=\"new-royalslider-10\" class=\"royalSlider new-royalslider-10 rsDefaultInv visibleNearbySimple\" style=\"width:100%;height:400px;;\" data-rs-options='{&quot;template&quot;:&quot;default&quot;,&quot;image_generation&quot;:{&quot;imageWidth&quot;:&quot;&quot;,&quot;imageHeight&quot;:&quot;&quot;,&quot;thumbImageWidth&quot;:&quot;&quot;,&quot;thumbImageHeight&quot;:&quot;&quot;},&quot;thumbs&quot;:{&quot;thumbWidth&quot;:96,&quot;thumbHeight&quot;:72},&quot;autoPlay&quot;:{&quot;enabled&quot;:&quot;true&quot;,&quot;delay&quot;:1500},&quot;fullscreen&quot;:{&quot;enabled&quot;:&quot;true&quot;},&quot;visibleNearby&quot;:{&quot;enabled&quot;:&quot;true&quot;,&quot;centerArea&quot;:0.69999999999999996,&quot;breakpoint&quot;:400,&quot;breakpointCenterArea&quot;:0.90000000000000002,&quot;navigateByCenterClick&quot;:&quot;true&quot;},&quot;video&quot;:{&quot;autoHideBlocks&quot;:&quot;true&quot;},&quot;block&quot;:{&quot;moveOffset&quot;:20,&quot;speed&quot;:400,&quot;delay&quot;:200},&quot;width&quot;:&quot;100%&quot;,&quot;height&quot;:&quot;400px&quot;,&quot;autoScaleSlider&quot;:&quot;true&quot;,&quot;autoScaleSliderWidth&quot;:960,&quot;autoScaleSliderHeight&quot;:500,&quot;slidesSpacing&quot;:0,&quot;imageScaleMode&quot;:&quot;fill&quot;,&quot;arrowsNavAutoHide&quot;:&quot;false&quot;,&quot;loop&quot;:&quot;true&quot;,&quot;keyboardNavEnabled&quot;:&quot;true&quot;,&quot;fadeinLoadedSlide&quot;:&quot;false&quot;,&quot;addActiveClass&quot;:&quot;true&quot;}'>\n<div class=\"rsContent\">\n  <img decoding=\"async\" class=\"rsImg\" src=\"https:\/\/www.hotelirene.com\/wp-content\/uploads\/2024\/10\/10.jpg\" data-rsBigImg=\"https:\/\/www.hotelirene.com\/wp-content\/uploads\/2024\/10\/10.jpg\" alt=\"10\"\/>\n  \n  \n  \n<\/div>\n<div class=\"rsContent\">\n  <img decoding=\"async\" class=\"rsImg\" src=\"https:\/\/www.hotelirene.com\/wp-content\/uploads\/2024\/10\/ingresso-cuore.jpg\" data-rsBigImg=\"https:\/\/www.hotelirene.com\/wp-content\/uploads\/2024\/10\/ingresso-cuore.jpg\" alt=\"ingresso-cuore\"\/>\n  \n  \n  \n<\/div>\n<div class=\"rsContent\">\n  <img decoding=\"async\" class=\"rsImg\" src=\"https:\/\/www.hotelirene.com\/wp-content\/uploads\/2014\/03\/1452280_236462623196633_103556559_n.jpg\" data-rsBigImg=\"https:\/\/www.hotelirene.com\/wp-content\/uploads\/2014\/03\/1452280_236462623196633_103556559_n.jpg\" alt=\"1452280_236462623196633_103556559_n\"\/>\n  \n  \n  \n<\/div>\n<div class=\"rsContent\">\n  <img decoding=\"async\" class=\"rsImg\" src=\"https:\/\/www.hotelirene.com\/wp-content\/uploads\/2024\/10\/14-1.jpg\" data-rsBigImg=\"https:\/\/www.hotelirene.com\/wp-content\/uploads\/2024\/10\/14-1.jpg\" alt=\"14-1\"\/>\n  \n  \n  \n<\/div>\n<div class=\"rsContent\">\n  <img decoding=\"async\" class=\"rsImg\" src=\"https:\/\/www.hotelirene.com\/wp-content\/uploads\/2024\/10\/24.jpg\" data-rsBigImg=\"https:\/\/www.hotelirene.com\/wp-content\/uploads\/2024\/10\/24.jpg\" alt=\"24\"\/>\n  \n  \n  \n<\/div>\n<div class=\"rsContent\">\n  <img decoding=\"async\" class=\"rsImg\" src=\"https:\/\/www.hotelirene.com\/wp-content\/uploads\/2024\/10\/amici-lettone.jpg\" data-rsBigImg=\"https:\/\/www.hotelirene.com\/wp-content\/uploads\/2024\/10\/amici-lettone.jpg\" alt=\"amici-lettone\"\/>\n  \n  \n  \n<\/div>\n<div class=\"rsContent\">\n  <img decoding=\"async\" class=\"rsImg\" src=\"https:\/\/www.hotelirene.com\/wp-content\/uploads\/2024\/10\/bar-1.jpg\" data-rsBigImg=\"https:\/\/www.hotelirene.com\/wp-content\/uploads\/2024\/10\/bar-1.jpg\" alt=\"bar-1\"\/>\n  \n  \n  \n<\/div>\n<div class=\"rsContent\">\n  <img decoding=\"async\" class=\"rsImg\" src=\"https:\/\/www.hotelirene.com\/wp-content\/uploads\/2024\/10\/bar-3.jpg\" data-rsBigImg=\"https:\/\/www.hotelirene.com\/wp-content\/uploads\/2024\/10\/bar-3.jpg\" alt=\"bar-3\"\/>\n  \n  \n  \n<\/div>\n<div class=\"rsContent\">\n  <img decoding=\"async\" class=\"rsImg\" src=\"https:\/\/www.hotelirene.com\/wp-content\/uploads\/2024\/10\/cena-al-gazebo.jpg\" data-rsBigImg=\"https:\/\/www.hotelirene.com\/wp-content\/uploads\/2024\/10\/cena-al-gazebo.jpg\" alt=\"cena-al-gazebo\"\/>\n  \n  \n  \n<\/div>\n<div class=\"rsContent\">\n  <img decoding=\"async\" class=\"rsImg\" src=\"https:\/\/www.hotelirene.com\/wp-content\/uploads\/2024\/10\/da-sporting-4.jpeg\" data-rsBigImg=\"https:\/\/www.hotelirene.com\/wp-content\/uploads\/2024\/10\/da-sporting-4.jpeg\" alt=\"da-sporting-4\"\/>\n  \n  \n  \n<\/div>\n<div class=\"rsContent\">\n  <img decoding=\"async\" class=\"rsImg\" src=\"https:\/\/www.hotelirene.com\/wp-content\/uploads\/2014\/03\/998138_379220612199120_1802541661_n.jpg\" data-rsBigImg=\"https:\/\/www.hotelirene.com\/wp-content\/uploads\/2014\/03\/998138_379220612199120_1802541661_n.jpg\" alt=\"998138_379220612199120_1802541661_n\"\/>\n  \n  \n  \n<\/div>\n<div class=\"rsContent\">\n  <img decoding=\"async\" class=\"rsImg\" src=\"https:\/\/www.hotelirene.com\/wp-content\/uploads\/2024\/10\/dom-lettone.jpg\" data-rsBigImg=\"https:\/\/www.hotelirene.com\/wp-content\/uploads\/2024\/10\/dom-lettone.jpg\" alt=\"dom-lettone\"\/>\n  \n  \n  \n<\/div>\n<div class=\"rsContent\">\n  <img decoding=\"async\" class=\"rsImg\" src=\"https:\/\/www.hotelirene.com\/wp-content\/uploads\/2024\/10\/gazebo-b.jpg\" data-rsBigImg=\"https:\/\/www.hotelirene.com\/wp-content\/uploads\/2024\/10\/gazebo-b.jpg\" alt=\"gazebo-b\"\/>\n  \n  \n  \n<\/div>\n<div class=\"rsContent\">\n  <img decoding=\"async\" class=\"rsImg\" src=\"https:\/\/www.hotelirene.com\/wp-content\/uploads\/2014\/03\/1488326_238702112972684_1027604760_n.jpg\" data-rsBigImg=\"https:\/\/www.hotelirene.com\/wp-content\/uploads\/2014\/03\/1488326_238702112972684_1027604760_n.jpg\" alt=\"1488326_238702112972684_1027604760_n\"\/>\n  \n  \n  \n<\/div>\n<div class=\"rsContent\">\n  <img decoding=\"async\" class=\"rsImg\" src=\"https:\/\/www.hotelirene.com\/wp-content\/uploads\/2024\/10\/giorgia-viola.jpg\" data-rsBigImg=\"https:\/\/www.hotelirene.com\/wp-content\/uploads\/2024\/10\/giorgia-viola.jpg\" alt=\"giorgia-viola\"\/>\n  \n  \n  \n<\/div>\n<div class=\"rsContent\">\n  <img decoding=\"async\" class=\"rsImg\" src=\"https:\/\/www.hotelirene.com\/wp-content\/uploads\/2024\/10\/lounge-area.jpg\" data-rsBigImg=\"https:\/\/www.hotelirene.com\/wp-content\/uploads\/2024\/10\/lounge-area.jpg\" alt=\"lounge-area\"\/>\n  \n  \n  \n<\/div>\n<div class=\"rsContent\">\n  <img decoding=\"async\" class=\"rsImg\" src=\"https:\/\/www.hotelirene.com\/wp-content\/uploads\/2024\/10\/meditazione.jpg\" data-rsBigImg=\"https:\/\/www.hotelirene.com\/wp-content\/uploads\/2024\/10\/meditazione.jpg\" alt=\"meditazione\"\/>\n  \n  \n  \n<\/div>\n<div class=\"rsContent\">\n  <img decoding=\"async\" class=\"rsImg\" src=\"https:\/\/www.hotelirene.com\/wp-content\/uploads\/2024\/10\/omb-chiringuito.jpg\" data-rsBigImg=\"https:\/\/www.hotelirene.com\/wp-content\/uploads\/2024\/10\/omb-chiringuito.jpg\" alt=\"omb-chiringuito\"\/>\n  \n  \n  \n<\/div>\n<div class=\"rsContent\">\n  <img decoding=\"async\" class=\"rsImg\" src=\"https:\/\/www.hotelirene.com\/wp-content\/uploads\/2024\/10\/pass-riva.jpg\" data-rsBigImg=\"https:\/\/www.hotelirene.com\/wp-content\/uploads\/2024\/10\/pass-riva.jpg\" alt=\"pass-riva\"\/>\n  \n  \n  \n<\/div>\n\n<\/div>\n\n<p>LA MER<br \/>\nUn bord de plage tr\u00e8s plat,\u00a0offre aux enfants la possibilit\u00e9 de jouer dans l'eau, et aux parents la tranquillit\u00e9.<br \/>\nPour des journ\u00e9es sp\u00e9ciales l'H\u00f4tel Irene a une convention avec le Beach-village Parc aquatique de Riccione, directement sur la plage.<br \/>\nEntr\u00e9e libre pour tous nos clients, pendant toute la dur\u00e9e du s\u00e9jour.<br \/>\nPiscines-toboggans aquatiques- animations- aquagym. Un super amusement pour toute la famille\u00a0!<\/p>\n","protected":false},"excerpt":{"rendered":"<p>M\u00eame \u00e0 la plage une ambiance familiale vous attend. Aux\u00a0\"bains Mirella 120\" vous trouverez d\u00e9tente et bien-\u00eatre, divertissements et....... SERVICES: Parasols et\u00a0tentes Chaises longues Cabines Beach-volley et beach-tennis Ping-pong, baby-foot Douches chaudes Wi-Fi Parking pour v\u00e9los POUR LES ENFANTS: Parc \u00e0 jeux Animations \u00ab\u00a0Nutella Party\u00a0\u00bb Tables \u00e0 langer Bracelet de s\u00e9curit\u00e9 &nbsp; &nbsp; LA MER [&hellip;]<\/p>\n","protected":false},"author":26,"featured_media":0,"parent":538,"menu_order":0,"comment_status":"closed","ping_status":"open","template":"","meta":{"_uf_show_specific_survey":0,"_uf_disable_surveys":false,"footnotes":""},"class_list":["post-547","page","type-page","status-publish","hentry"],"yoast_head":"<!-- This site is optimized with the Yoast SEO plugin v27.6 - https:\/\/yoast.com\/product\/yoast-seo-wordpress\/ -->\n<title>Plage - Hotel Irene<\/title>\n<meta name=\"robots\" content=\"index, follow, max-snippet:-1, max-image-preview:large, max-video-preview:-1\" \/>\n<link rel=\"canonical\" href=\"https:\/\/www.hotelirene.com\/fr\/position\/plage\/\" \/>\n<meta property=\"og:locale\" content=\"fr_FR\" \/>\n<meta property=\"og:type\" content=\"article\" \/>\n<meta property=\"og:title\" content=\"Plage - Hotel Irene\" \/>\n<meta property=\"og:description\" content=\"M\u00eame \u00e0 la plage une ambiance familiale vous attend. Aux\u00a0&quot;bains Mirella 120&quot; vous trouverez d\u00e9tente et bien-\u00eatre, divertissements et....... SERVICES: Parasols et\u00a0tentes Chaises longues Cabines Beach-volley et beach-tennis Ping-pong, baby-foot Douches chaudes Wi-Fi Parking pour v\u00e9los POUR LES ENFANTS: Parc \u00e0 jeux Animations \u00ab\u00a0Nutella Party\u00a0\u00bb Tables \u00e0 langer Bracelet de s\u00e9curit\u00e9 &nbsp; &nbsp; LA MER [&hellip;]\" \/>\n<meta property=\"og:url\" content=\"https:\/\/www.hotelirene.com\/fr\/position\/plage\/\" \/>\n<meta property=\"og:site_name\" content=\"Hotel Irene\" \/>\n<meta property=\"article:publisher\" content=\"https:\/\/www.facebook.com\/HOTELIRENEriccione\" \/>\n<meta property=\"article:modified_time\" content=\"2014-03-14T16:29:39+00:00\" \/>\n<meta property=\"og:image\" content=\"https:\/\/www.hotelirene.com\/wp-content\/uploads\/2019\/11\/IMG_20191111_162345.jpg\" \/>\n\t<meta property=\"og:image:width\" content=\"4000\" \/>\n\t<meta property=\"og:image:height\" content=\"2243\" \/>\n\t<meta property=\"og:image:type\" content=\"image\/jpeg\" \/>\n<meta name=\"twitter:card\" content=\"summary_large_image\" \/>\n<meta name=\"twitter:label1\" content=\"Dur\u00e9e de lecture estim\u00e9e\" \/>\n\t<meta name=\"twitter:data1\" content=\"1 minute\" \/>\n<script type=\"application\/ld+json\" class=\"yoast-schema-graph\">{\"@context\":\"https:\\\/\\\/schema.org\",\"@graph\":[{\"@type\":\"WebPage\",\"@id\":\"https:\\\/\\\/www.hotelirene.com\\\/fr\\\/position\\\/plage\\\/\",\"url\":\"https:\\\/\\\/www.hotelirene.com\\\/fr\\\/position\\\/plage\\\/\",\"name\":\"Plage - Hotel Irene\",\"isPartOf\":{\"@id\":\"https:\\\/\\\/www.hotelirene.com\\\/#website\"},\"datePublished\":\"2014-02-20T14:51:14+00:00\",\"dateModified\":\"2014-03-14T16:29:39+00:00\",\"breadcrumb\":{\"@id\":\"https:\\\/\\\/www.hotelirene.com\\\/fr\\\/position\\\/plage\\\/#breadcrumb\"},\"inLanguage\":\"fr-FR\",\"potentialAction\":[{\"@type\":\"ReadAction\",\"target\":[\"https:\\\/\\\/www.hotelirene.com\\\/fr\\\/position\\\/plage\\\/\"]}]},{\"@type\":\"BreadcrumbList\",\"@id\":\"https:\\\/\\\/www.hotelirene.com\\\/fr\\\/position\\\/plage\\\/#breadcrumb\",\"itemListElement\":[{\"@type\":\"ListItem\",\"position\":1,\"name\":\"Position\",\"item\":\"https:\\\/\\\/www.hotelirene.com\\\/fr\\\/position\\\/\"},{\"@type\":\"ListItem\",\"position\":2,\"name\":\"Plage\"}]},{\"@type\":\"WebSite\",\"@id\":\"https:\\\/\\\/www.hotelirene.com\\\/#website\",\"url\":\"https:\\\/\\\/www.hotelirene.com\\\/\",\"name\":\"Hotel Irene\",\"description\":\"Hotel Irene\",\"publisher\":{\"@id\":\"https:\\\/\\\/www.hotelirene.com\\\/#organization\"},\"potentialAction\":[{\"@type\":\"SearchAction\",\"target\":{\"@type\":\"EntryPoint\",\"urlTemplate\":\"https:\\\/\\\/www.hotelirene.com\\\/?s={search_term_string}\"},\"query-input\":{\"@type\":\"PropertyValueSpecification\",\"valueRequired\":true,\"valueName\":\"search_term_string\"}}],\"inLanguage\":\"fr-FR\"},{\"@type\":\"Organization\",\"@id\":\"https:\\\/\\\/www.hotelirene.com\\\/#organization\",\"name\":\"HOTEL IRENE RICCIONE\",\"url\":\"https:\\\/\\\/www.hotelirene.com\\\/\",\"logo\":{\"@type\":\"ImageObject\",\"inLanguage\":\"fr-FR\",\"@id\":\"https:\\\/\\\/www.hotelirene.com\\\/#\\\/schema\\\/logo\\\/image\\\/\",\"url\":\"https:\\\/\\\/www.hotelirene.com\\\/wp-content\\\/uploads\\\/2019\\\/11\\\/IMG_20191111_162345.jpg\",\"contentUrl\":\"https:\\\/\\\/www.hotelirene.com\\\/wp-content\\\/uploads\\\/2019\\\/11\\\/IMG_20191111_162345.jpg\",\"width\":4000,\"height\":2243,\"caption\":\"HOTEL IRENE RICCIONE\"},\"image\":{\"@id\":\"https:\\\/\\\/www.hotelirene.com\\\/#\\\/schema\\\/logo\\\/image\\\/\"},\"sameAs\":[\"https:\\\/\\\/www.facebook.com\\\/HOTELIRENEriccione\",\"https:\\\/\\\/www.instagram.com\\\/hotel_irene_riccione\\\/\"]}]}<\/script>\n<!-- \/ Yoast SEO plugin. -->","yoast_head_json":{"title":"Plage - Hotel Irene","robots":{"index":"index","follow":"follow","max-snippet":"max-snippet:-1","max-image-preview":"max-image-preview:large","max-video-preview":"max-video-preview:-1"},"canonical":"https:\/\/www.hotelirene.com\/fr\/position\/plage\/","og_locale":"fr_FR","og_type":"article","og_title":"Plage - Hotel Irene","og_description":"M\u00eame \u00e0 la plage une ambiance familiale vous attend. Aux\u00a0\"bains Mirella 120\" vous trouverez d\u00e9tente et bien-\u00eatre, divertissements et....... SERVICES: Parasols et\u00a0tentes Chaises longues Cabines Beach-volley et beach-tennis Ping-pong, baby-foot Douches chaudes Wi-Fi Parking pour v\u00e9los POUR LES ENFANTS: Parc \u00e0 jeux Animations \u00ab\u00a0Nutella Party\u00a0\u00bb Tables \u00e0 langer Bracelet de s\u00e9curit\u00e9 &nbsp; &nbsp; LA MER [&hellip;]","og_url":"https:\/\/www.hotelirene.com\/fr\/position\/plage\/","og_site_name":"Hotel Irene","article_publisher":"https:\/\/www.facebook.com\/HOTELIRENEriccione","article_modified_time":"2014-03-14T16:29:39+00:00","og_image":[{"url":"https:\/\/www.hotelirene.com\/wp-content\/uploads\/2019\/11\/IMG_20191111_162345.jpg","width":4000,"height":2243,"type":"image\/jpeg"}],"twitter_card":"summary_large_image","twitter_misc":{"Dur\u00e9e de lecture estim\u00e9e":"1 minute"},"schema":{"@context":"https:\/\/schema.org","@graph":[{"@type":"WebPage","@id":"https:\/\/www.hotelirene.com\/fr\/position\/plage\/","url":"https:\/\/www.hotelirene.com\/fr\/position\/plage\/","name":"Plage - Hotel Irene","isPartOf":{"@id":"https:\/\/www.hotelirene.com\/#website"},"datePublished":"2014-02-20T14:51:14+00:00","dateModified":"2014-03-14T16:29:39+00:00","breadcrumb":{"@id":"https:\/\/www.hotelirene.com\/fr\/position\/plage\/#breadcrumb"},"inLanguage":"fr-FR","potentialAction":[{"@type":"ReadAction","target":["https:\/\/www.hotelirene.com\/fr\/position\/plage\/"]}]},{"@type":"BreadcrumbList","@id":"https:\/\/www.hotelirene.com\/fr\/position\/plage\/#breadcrumb","itemListElement":[{"@type":"ListItem","position":1,"name":"Position","item":"https:\/\/www.hotelirene.com\/fr\/position\/"},{"@type":"ListItem","position":2,"name":"Plage"}]},{"@type":"WebSite","@id":"https:\/\/www.hotelirene.com\/#website","url":"https:\/\/www.hotelirene.com\/","name":"Hotel Irene","description":"Hotel Irene","publisher":{"@id":"https:\/\/www.hotelirene.com\/#organization"},"potentialAction":[{"@type":"SearchAction","target":{"@type":"EntryPoint","urlTemplate":"https:\/\/www.hotelirene.com\/?s={search_term_string}"},"query-input":{"@type":"PropertyValueSpecification","valueRequired":true,"valueName":"search_term_string"}}],"inLanguage":"fr-FR"},{"@type":"Organization","@id":"https:\/\/www.hotelirene.com\/#organization","name":"HOTEL IRENE RICCIONE","url":"https:\/\/www.hotelirene.com\/","logo":{"@type":"ImageObject","inLanguage":"fr-FR","@id":"https:\/\/www.hotelirene.com\/#\/schema\/logo\/image\/","url":"https:\/\/www.hotelirene.com\/wp-content\/uploads\/2019\/11\/IMG_20191111_162345.jpg","contentUrl":"https:\/\/www.hotelirene.com\/wp-content\/uploads\/2019\/11\/IMG_20191111_162345.jpg","width":4000,"height":2243,"caption":"HOTEL IRENE RICCIONE"},"image":{"@id":"https:\/\/www.hotelirene.com\/#\/schema\/logo\/image\/"},"sameAs":["https:\/\/www.facebook.com\/HOTELIRENEriccione","https:\/\/www.instagram.com\/hotel_irene_riccione\/"]}]}},"publishpress_future_workflow_manual_trigger":{"enabledWorkflows":[]},"_links":{"self":[{"href":"https:\/\/www.hotelirene.com\/fr\/wp-json\/wp\/v2\/pages\/547","targetHints":{"allow":["GET"]}}],"collection":[{"href":"https:\/\/www.hotelirene.com\/fr\/wp-json\/wp\/v2\/pages"}],"about":[{"href":"https:\/\/www.hotelirene.com\/fr\/wp-json\/wp\/v2\/types\/page"}],"author":[{"embeddable":true,"href":"https:\/\/www.hotelirene.com\/fr\/wp-json\/wp\/v2\/users\/26"}],"replies":[{"embeddable":true,"href":"https:\/\/www.hotelirene.com\/fr\/wp-json\/wp\/v2\/comments?post=547"}],"version-history":[{"count":0,"href":"https:\/\/www.hotelirene.com\/fr\/wp-json\/wp\/v2\/pages\/547\/revisions"}],"up":[{"embeddable":true,"href":"https:\/\/www.hotelirene.com\/fr\/wp-json\/wp\/v2\/pages\/538"}],"wp:attachment":[{"href":"https:\/\/www.hotelirene.com\/fr\/wp-json\/wp\/v2\/media?parent=547"}],"curies":[{"name":"wp","href":"https:\/\/api.w.org\/{rel}","templated":true}]}}